{"id":1770,"date":"2022-03-21T12:24:31","date_gmt":"2022-03-21T12:24:31","guid":{"rendered":"https:\/\/laserwelder.net\/?page_id=1770"},"modified":"2023-03-01T11:33:11","modified_gmt":"2023-03-01T11:33:11","slug":"blog","status":"publish","type":"page","link":"https:\/\/laserwelder.net\/de\/blog\/","title":{"rendered":"Blog"},"content":{"rendered":"<p>[et_pb_section fb_built=&#8221;1&#8243; _builder_version=&#8221;4.16&#8243; _module_preset=&#8221;default&#8221; global_colors_info=&#8221;{}&#8221;][et_pb_row _builder_version=&#8221;4.16&#8243; _module_preset=&#8221;default&#8221; global_colors_info=&#8221;{}&#8221;][et_pb_column type=&#8221;4_4&#8243; _builder_version=&#8221;4.16&#8243; _module_preset=&#8221;default&#8221; global_colors_info=&#8221;{}&#8221;][et_pb_blog fullwidth=&#8221;off&#8221; include_categories=&#8221;35&#8243; show_more=&#8221;on&#8221; show_author=&#8221;off&#8221; show_categories=&#8221;off&#8221; admin_label=&#8221;Blog&#8221; _builder_version=&#8221;4.16&#8243; _module_preset=&#8221;default&#8221; global_colors_info=&#8221;{}&#8221;][\/et_pb_blog][\/et_pb_column][\/et_pb_row][\/et_pb_section]<\/p>\n","protected":false},"excerpt":{"rendered":"","protected":false},"author":4,"featured_media":0,"parent":0,"menu_order":0,"comment_status":"closed","ping_status":"closed","template":"","meta":{"_et_pb_use_builder":"on","_et_pb_old_content":"","_et_gb_content_width":"","inline_featured_image":false,"_uf_show_specific_survey":0,"_uf_disable_surveys":false,"footnotes":""},"class_list":["post-1770","page","type-page","status-publish","hentry"],"yoast_head":"<!-- This site is optimized with the Yoast SEO plugin v26.8 - https:\/\/yoast.com\/product\/yoast-seo-wordpress\/ -->\n<title>- Spawarki laserowe - Blog<\/title>\n<meta name=\"description\" content=\"ALW to wysokiej jako\u015bci lasery spawaj\u0105ce stal czarn\u0105, stal nierdzewn\u0105, aluminium, mied\u017a, mosi\u0105dz oraz szereg innych materia\u0142\u00f3w stosowanych w przemy\u015ble.\" \/>\n<meta name=\"robots\" content=\"index, follow, max-snippet:-1, max-image-preview:large, max-video-preview:-1\" \/>\n<link rel=\"canonical\" href=\"https:\/\/laserwelder.net\/blog\/\" \/>\n<meta property=\"og:locale\" content=\"de_DE\" \/>\n<meta property=\"og:type\" content=\"article\" \/>\n<meta property=\"og:title\" content=\"- Spawarki laserowe - Blog\" \/>\n<meta property=\"og:description\" content=\"ALW to wysokiej jako\u015bci lasery spawaj\u0105ce stal czarn\u0105, stal nierdzewn\u0105, aluminium, mied\u017a, mosi\u0105dz oraz szereg innych materia\u0142\u00f3w stosowanych w przemy\u015ble.\" \/>\n<meta property=\"og:url\" content=\"https:\/\/laserwelder.net\/blog\/\" \/>\n<meta property=\"article:modified_time\" content=\"2023-03-01T11:33:11+00:00\" \/>\n<meta name=\"twitter:card\" content=\"summary_large_image\" \/>\n<meta name=\"twitter:label1\" content=\"Gesch\u00e4tzte Lesezeit\" \/>\n\t<meta name=\"twitter:data1\" content=\"1\u00a0Minute\" \/>\n<script type=\"application\/ld+json\" class=\"yoast-schema-graph\">{\"@context\":\"https:\/\/schema.org\",\"@graph\":[{\"@type\":\"WebPage\",\"@id\":\"https:\/\/laserwelder.net\/blog\/\",\"url\":\"https:\/\/laserwelder.net\/blog\/\",\"name\":\"- Spawarki laserowe - Blog\",\"isPartOf\":{\"@id\":\"https:\/\/laserwelder.net\/#website\"},\"datePublished\":\"2022-03-21T12:24:31+00:00\",\"dateModified\":\"2023-03-01T11:33:11+00:00\",\"description\":\"ALW to wysokiej jako\u015bci lasery spawaj\u0105ce stal czarn\u0105, stal nierdzewn\u0105, aluminium, mied\u017a, mosi\u0105dz oraz szereg innych materia\u0142\u00f3w stosowanych w przemy\u015ble.\",\"breadcrumb\":{\"@id\":\"https:\/\/laserwelder.net\/blog\/#breadcrumb\"},\"inLanguage\":\"de\",\"potentialAction\":[{\"@type\":\"ReadAction\",\"target\":[\"https:\/\/laserwelder.net\/blog\/\"]}]},{\"@type\":\"BreadcrumbList\",\"@id\":\"https:\/\/laserwelder.net\/blog\/#breadcrumb\",\"itemListElement\":[{\"@type\":\"ListItem\",\"position\":1,\"name\":\"Strona g\u0142\u00f3wna\",\"item\":\"https:\/\/laserwelder.net\/it\/\"},{\"@type\":\"ListItem\",\"position\":2,\"name\":\"Blog\"}]},{\"@type\":\"WebSite\",\"@id\":\"https:\/\/laserwelder.net\/#website\",\"url\":\"https:\/\/laserwelder.net\/\",\"name\":\"\",\"description\":\"\",\"potentialAction\":[{\"@type\":\"SearchAction\",\"target\":{\"@type\":\"EntryPoint\",\"urlTemplate\":\"https:\/\/laserwelder.net\/?s={search_term_string}\"},\"query-input\":{\"@type\":\"PropertyValueSpecification\",\"valueRequired\":true,\"valueName\":\"search_term_string\"}}],\"inLanguage\":\"de\"}]}<\/script>\n<!-- \/ Yoast SEO plugin. -->","yoast_head_json":{"title":"- Spawarki laserowe - Blog","description":"ALW to wysokiej jako\u015bci lasery spawaj\u0105ce stal czarn\u0105, stal nierdzewn\u0105, aluminium, mied\u017a, mosi\u0105dz oraz szereg innych materia\u0142\u00f3w stosowanych w przemy\u015ble.","robots":{"index":"index","follow":"follow","max-snippet":"max-snippet:-1","max-image-preview":"max-image-preview:large","max-video-preview":"max-video-preview:-1"},"canonical":"https:\/\/laserwelder.net\/blog\/","og_locale":"de_DE","og_type":"article","og_title":"- Spawarki laserowe - Blog","og_description":"ALW to wysokiej jako\u015bci lasery spawaj\u0105ce stal czarn\u0105, stal nierdzewn\u0105, aluminium, mied\u017a, mosi\u0105dz oraz szereg innych materia\u0142\u00f3w stosowanych w przemy\u015ble.","og_url":"https:\/\/laserwelder.net\/blog\/","article_modified_time":"2023-03-01T11:33:11+00:00","twitter_card":"summary_large_image","twitter_misc":{"Gesch\u00e4tzte Lesezeit":"1\u00a0Minute"},"schema":{"@context":"https:\/\/schema.org","@graph":[{"@type":"WebPage","@id":"https:\/\/laserwelder.net\/blog\/","url":"https:\/\/laserwelder.net\/blog\/","name":"- Spawarki laserowe - Blog","isPartOf":{"@id":"https:\/\/laserwelder.net\/#website"},"datePublished":"2022-03-21T12:24:31+00:00","dateModified":"2023-03-01T11:33:11+00:00","description":"ALW to wysokiej jako\u015bci lasery spawaj\u0105ce stal czarn\u0105, stal nierdzewn\u0105, aluminium, mied\u017a, mosi\u0105dz oraz szereg innych materia\u0142\u00f3w stosowanych w przemy\u015ble.","breadcrumb":{"@id":"https:\/\/laserwelder.net\/blog\/#breadcrumb"},"inLanguage":"de","potentialAction":[{"@type":"ReadAction","target":["https:\/\/laserwelder.net\/blog\/"]}]},{"@type":"BreadcrumbList","@id":"https:\/\/laserwelder.net\/blog\/#breadcrumb","itemListElement":[{"@type":"ListItem","position":1,"name":"Strona g\u0142\u00f3wna","item":"https:\/\/laserwelder.net\/it\/"},{"@type":"ListItem","position":2,"name":"Blog"}]},{"@type":"WebSite","@id":"https:\/\/laserwelder.net\/#website","url":"https:\/\/laserwelder.net\/","name":"","description":"","potentialAction":[{"@type":"SearchAction","target":{"@type":"EntryPoint","urlTemplate":"https:\/\/laserwelder.net\/?s={search_term_string}"},"query-input":{"@type":"PropertyValueSpecification","valueRequired":true,"valueName":"search_term_string"}}],"inLanguage":"de"}]}},"_links":{"self":[{"href":"https:\/\/laserwelder.net\/de\/wp-json\/wp\/v2\/pages\/1770","targetHints":{"allow":["GET"]}}],"collection":[{"href":"https:\/\/laserwelder.net\/de\/wp-json\/wp\/v2\/pages"}],"about":[{"href":"https:\/\/laserwelder.net\/de\/wp-json\/wp\/v2\/types\/page"}],"author":[{"embeddable":true,"href":"https:\/\/laserwelder.net\/de\/wp-json\/wp\/v2\/users\/4"}],"replies":[{"embeddable":true,"href":"https:\/\/laserwelder.net\/de\/wp-json\/wp\/v2\/comments?post=1770"}],"version-history":[{"count":7,"href":"https:\/\/laserwelder.net\/de\/wp-json\/wp\/v2\/pages\/1770\/revisions"}],"predecessor-version":[{"id":2206,"href":"https:\/\/laserwelder.net\/de\/wp-json\/wp\/v2\/pages\/1770\/revisions\/2206"}],"wp:attachment":[{"href":"https:\/\/laserwelder.net\/de\/wp-json\/wp\/v2\/media?parent=1770"}],"curies":[{"name":"wp","href":"https:\/\/api.w.org\/{rel}","templated":true}]}}