{"id":2207,"date":"2023-03-01T11:34:59","date_gmt":"2023-03-01T11:34:59","guid":{"rendered":"https:\/\/laserwelder.net\/?page_id=2207"},"modified":"2023-10-12T11:01:17","modified_gmt":"2023-10-12T11:01:17","slug":"blog-automatic-laser-welder-aktualnosci-i-ekspertyzy-w-dziedzinie-spawania-laserowego","status":"publish","type":"page","link":"https:\/\/laserwelder.net\/de\/blog-automatic-laser-welder-aktualnosci-i-ekspertyzy-w-dziedzinie-spawania-laserowego\/","title":{"rendered":"Blog Automatic Laser Welder &#8211; Aktualno\u015bci i Ekspertyzy w Dziedzinie Spawania Laserowego"},"content":{"rendered":"\t\t<div data-elementor-type=\"wp-page\" data-elementor-id=\"2207\" class=\"elementor elementor-2207\" data-elementor-post-type=\"page\">\n\t\t\t\t\t\t<section class=\"elementor-section elementor-top-section elementor-element elementor-element-f39a826 elementor-section-boxed elementor-section-height-default elementor-section-height-default\" data-id=\"f39a826\" data-element_type=\"section\">\n\t\t\t\t\t\t<div class=\"elementor-container elementor-column-gap-default\">\n\t\t\t\t\t<div class=\"elementor-column elementor-col-100 elementor-top-column elementor-element elementor-element-699445b\" data-id=\"699445b\" data-element_type=\"column\">\n\t\t\t<div class=\"elementor-widget-wrap elementor-element-populated\">\n\t\t\t\t\t\t<div class=\"elementor-element elementor-element-28aa6e1 premium-blog-align-left elementor-widget elementor-widget-premium-addon-blog\" data-id=\"28aa6e1\" data-element_type=\"widget\" data-settings=\"{&quot;premium_blog_grid&quot;:&quot;yes&quot;,&quot;premium_blog_layout&quot;:&quot;even&quot;,&quot;premium_blog_columns_number&quot;:&quot;50%&quot;,&quot;premium_blog_columns_number_tablet&quot;:&quot;50%&quot;,&quot;premium_blog_columns_number_mobile&quot;:&quot;100%&quot;,&quot;scroll_to_offset&quot;:&quot;yes&quot;}\" data-widget_type=\"premium-addon-blog.default\">\n\t\t\t\t<div class=\"elementor-widget-container\">\n\t\t\t\t\t\t\t<div class=\"premium-error-notice\">\r\n\t\t\tDie aktuelle Abfrage enth\u00e4lt keine Beitr\u00e4ge. Bitte stellen Sie sicher, dass Sie Elemente ver\u00f6ffentlicht haben, die Ihrer Abfrage entsprechen.\t\t<\/div>\r\n\t\t\t\t\t\t<\/div>\n\t\t\t\t<\/div>\n\t\t\t\t\t<\/div>\n\t\t<\/div>\n\t\t\t\t\t<\/div>\n\t\t<\/section>\n\t\t\t\t<\/div>\n\t\t","protected":false},"excerpt":{"rendered":"<p>Spawanie Laserowe: Czy Mo\u017cliwe Jest Po\u0142\u0105czenie Materia\u0142\u00f3w Bez Drutu i Spoiwa? Spawanie Laserowe: Czy Mo\u017cliwe Jest Po\u0142\u0105czenie Materia\u0142\u00f3w Bez Drutu i Spoiwa? Nie ma nic bardziej frustruj\u0105cego ni\u017c awaria urz\u0105dze\u0144 mechanicznych, kt\u00f3re s\u0105 kluczowe dla twojego biznesu. Jednym z najcz\u0119stszych powod\u00f3w uszkodze\u0144 jest wadliwe spawanie. Jednak dzi\u0119ki spawaniu laserowemu szybko reagowa\u0107 na za\u0142atwienie problemu. Dowiedz [&hellip;]<\/p>\n","protected":false},"author":4,"featured_media":0,"parent":0,"menu_order":0,"comment_status":"closed","ping_status":"closed","template":"elementor_header_footer","meta":{"_et_pb_use_builder":"","_et_pb_old_content":"","_et_gb_content_width":"","inline_featured_image":false,"_uf_show_specific_survey":0,"_uf_disable_surveys":false,"footnotes":""},"class_list":["post-2207","page","type-page","status-publish","hentry"],"yoast_head":"<!-- This site is optimized with the Yoast SEO plugin v26.8 - https:\/\/yoast.com\/product\/yoast-seo-wordpress\/ -->\n<title>Blog Automatic Laser Welder - Aktualno\u015bci i Ekspertyzy w Dziedzinie Spawania Laserowego<\/title>\n<meta name=\"description\" content=\"Zanurz si\u0119 w \u015bwiecie spawania laserowego z naszym blogiem. Odkryj najnowsze trendy, praktyczne porady i wiedz\u0119 ekspert\u00f3w z firmy Automatic Laser Welder. B\u0105d\u017a na bie\u017c\u0105co z innowacjami w bran\u017cy!\" \/>\n<meta name=\"robots\" content=\"index, follow, max-snippet:-1, max-image-preview:large, max-video-preview:-1\" \/>\n<link rel=\"canonical\" href=\"https:\/\/laserwelder.net\/blog-automatic-laser-welder-aktualnosci-i-ekspertyzy-w-dziedzinie-spawania-laserowego\/\" \/>\n<meta property=\"og:locale\" content=\"de_DE\" \/>\n<meta property=\"og:type\" content=\"article\" \/>\n<meta property=\"og:title\" content=\"Blog Automatic Laser Welder - Aktualno\u015bci i Ekspertyzy w Dziedzinie Spawania Laserowego\" \/>\n<meta property=\"og:description\" content=\"Zanurz si\u0119 w \u015bwiecie spawania laserowego z naszym blogiem. Odkryj najnowsze trendy, praktyczne porady i wiedz\u0119 ekspert\u00f3w z firmy Automatic Laser Welder. B\u0105d\u017a na bie\u017c\u0105co z innowacjami w bran\u017cy!\" \/>\n<meta property=\"og:url\" content=\"https:\/\/laserwelder.net\/blog-automatic-laser-welder-aktualnosci-i-ekspertyzy-w-dziedzinie-spawania-laserowego\/\" \/>\n<meta property=\"article:modified_time\" content=\"2023-10-12T11:01:17+00:00\" \/>\n<meta property=\"og:image\" content=\"https:\/\/laserwelder.net\/wp-content\/uploads\/2023\/09\/Baner-na-blog-560x315-px-1.gif\" \/>\n<meta name=\"twitter:card\" content=\"summary_large_image\" \/>\n<meta name=\"twitter:label1\" content=\"Gesch\u00e4tzte Lesezeit\" \/>\n\t<meta name=\"twitter:data1\" content=\"2\u00a0Minuten\" \/>\n<script type=\"application\/ld+json\" class=\"yoast-schema-graph\">{\"@context\":\"https:\/\/schema.org\",\"@graph\":[{\"@type\":\"WebPage\",\"@id\":\"https:\/\/laserwelder.net\/blog-automatic-laser-welder-aktualnosci-i-ekspertyzy-w-dziedzinie-spawania-laserowego\/\",\"url\":\"https:\/\/laserwelder.net\/blog-automatic-laser-welder-aktualnosci-i-ekspertyzy-w-dziedzinie-spawania-laserowego\/\",\"name\":\"Blog Automatic Laser Welder - Aktualno\u015bci i Ekspertyzy w Dziedzinie Spawania Laserowego\",\"isPartOf\":{\"@id\":\"https:\/\/laserwelder.net\/#website\"},\"primaryImageOfPage\":{\"@id\":\"https:\/\/laserwelder.net\/blog-automatic-laser-welder-aktualnosci-i-ekspertyzy-w-dziedzinie-spawania-laserowego\/#primaryimage\"},\"image\":{\"@id\":\"https:\/\/laserwelder.net\/blog-automatic-laser-welder-aktualnosci-i-ekspertyzy-w-dziedzinie-spawania-laserowego\/#primaryimage\"},\"thumbnailUrl\":\"https:\/\/laserwelder.net\/wp-content\/uploads\/2023\/09\/Baner-na-blog-560x315-px-1.gif\",\"datePublished\":\"2023-03-01T11:34:59+00:00\",\"dateModified\":\"2023-10-12T11:01:17+00:00\",\"description\":\"Zanurz si\u0119 w \u015bwiecie spawania laserowego z naszym blogiem. Odkryj najnowsze trendy, praktyczne porady i wiedz\u0119 ekspert\u00f3w z firmy Automatic Laser Welder. B\u0105d\u017a na bie\u017c\u0105co z innowacjami w bran\u017cy!\",\"breadcrumb\":{\"@id\":\"https:\/\/laserwelder.net\/blog-automatic-laser-welder-aktualnosci-i-ekspertyzy-w-dziedzinie-spawania-laserowego\/#breadcrumb\"},\"inLanguage\":\"de\",\"potentialAction\":[{\"@type\":\"ReadAction\",\"target\":[\"https:\/\/laserwelder.net\/blog-automatic-laser-welder-aktualnosci-i-ekspertyzy-w-dziedzinie-spawania-laserowego\/\"]}]},{\"@type\":\"ImageObject\",\"inLanguage\":\"de\",\"@id\":\"https:\/\/laserwelder.net\/blog-automatic-laser-welder-aktualnosci-i-ekspertyzy-w-dziedzinie-spawania-laserowego\/#primaryimage\",\"url\":\"https:\/\/laserwelder.net\/wp-content\/uploads\/2023\/09\/Baner-na-blog-560x315-px-1.gif\",\"contentUrl\":\"https:\/\/laserwelder.net\/wp-content\/uploads\/2023\/09\/Baner-na-blog-560x315-px-1.gif\"},{\"@type\":\"BreadcrumbList\",\"@id\":\"https:\/\/laserwelder.net\/blog-automatic-laser-welder-aktualnosci-i-ekspertyzy-w-dziedzinie-spawania-laserowego\/#breadcrumb\",\"itemListElement\":[{\"@type\":\"ListItem\",\"position\":1,\"name\":\"Strona g\u0142\u00f3wna\",\"item\":\"https:\/\/laserwelder.net\/it\/\"},{\"@type\":\"ListItem\",\"position\":2,\"name\":\"Blog Automatic Laser Welder &#8211; Aktualno\u015bci i Ekspertyzy w Dziedzinie Spawania Laserowego\"}]},{\"@type\":\"WebSite\",\"@id\":\"https:\/\/laserwelder.net\/#website\",\"url\":\"https:\/\/laserwelder.net\/\",\"name\":\"\",\"description\":\"\",\"potentialAction\":[{\"@type\":\"SearchAction\",\"target\":{\"@type\":\"EntryPoint\",\"urlTemplate\":\"https:\/\/laserwelder.net\/?s={search_term_string}\"},\"query-input\":{\"@type\":\"PropertyValueSpecification\",\"valueRequired\":true,\"valueName\":\"search_term_string\"}}],\"inLanguage\":\"de\"}]}<\/script>\n<!-- \/ Yoast SEO plugin. -->","yoast_head_json":{"title":"Blog Automatic Laser Welder - Aktualno\u015bci i Ekspertyzy w Dziedzinie Spawania Laserowego","description":"Zanurz si\u0119 w \u015bwiecie spawania laserowego z naszym blogiem. Odkryj najnowsze trendy, praktyczne porady i wiedz\u0119 ekspert\u00f3w z firmy Automatic Laser Welder. B\u0105d\u017a na bie\u017c\u0105co z innowacjami w bran\u017cy!","robots":{"index":"index","follow":"follow","max-snippet":"max-snippet:-1","max-image-preview":"max-image-preview:large","max-video-preview":"max-video-preview:-1"},"canonical":"https:\/\/laserwelder.net\/blog-automatic-laser-welder-aktualnosci-i-ekspertyzy-w-dziedzinie-spawania-laserowego\/","og_locale":"de_DE","og_type":"article","og_title":"Blog Automatic Laser Welder - Aktualno\u015bci i Ekspertyzy w Dziedzinie Spawania Laserowego","og_description":"Zanurz si\u0119 w \u015bwiecie spawania laserowego z naszym blogiem. Odkryj najnowsze trendy, praktyczne porady i wiedz\u0119 ekspert\u00f3w z firmy Automatic Laser Welder. B\u0105d\u017a na bie\u017c\u0105co z innowacjami w bran\u017cy!","og_url":"https:\/\/laserwelder.net\/blog-automatic-laser-welder-aktualnosci-i-ekspertyzy-w-dziedzinie-spawania-laserowego\/","article_modified_time":"2023-10-12T11:01:17+00:00","og_image":[{"url":"https:\/\/laserwelder.net\/wp-content\/uploads\/2023\/09\/Baner-na-blog-560x315-px-1.gif","type":"","width":"","height":""}],"twitter_card":"summary_large_image","twitter_misc":{"Gesch\u00e4tzte Lesezeit":"2\u00a0Minuten"},"schema":{"@context":"https:\/\/schema.org","@graph":[{"@type":"WebPage","@id":"https:\/\/laserwelder.net\/blog-automatic-laser-welder-aktualnosci-i-ekspertyzy-w-dziedzinie-spawania-laserowego\/","url":"https:\/\/laserwelder.net\/blog-automatic-laser-welder-aktualnosci-i-ekspertyzy-w-dziedzinie-spawania-laserowego\/","name":"Blog Automatic Laser Welder - Aktualno\u015bci i Ekspertyzy w Dziedzinie Spawania Laserowego","isPartOf":{"@id":"https:\/\/laserwelder.net\/#website"},"primaryImageOfPage":{"@id":"https:\/\/laserwelder.net\/blog-automatic-laser-welder-aktualnosci-i-ekspertyzy-w-dziedzinie-spawania-laserowego\/#primaryimage"},"image":{"@id":"https:\/\/laserwelder.net\/blog-automatic-laser-welder-aktualnosci-i-ekspertyzy-w-dziedzinie-spawania-laserowego\/#primaryimage"},"thumbnailUrl":"https:\/\/laserwelder.net\/wp-content\/uploads\/2023\/09\/Baner-na-blog-560x315-px-1.gif","datePublished":"2023-03-01T11:34:59+00:00","dateModified":"2023-10-12T11:01:17+00:00","description":"Zanurz si\u0119 w \u015bwiecie spawania laserowego z naszym blogiem. Odkryj najnowsze trendy, praktyczne porady i wiedz\u0119 ekspert\u00f3w z firmy Automatic Laser Welder. B\u0105d\u017a na bie\u017c\u0105co z innowacjami w bran\u017cy!","breadcrumb":{"@id":"https:\/\/laserwelder.net\/blog-automatic-laser-welder-aktualnosci-i-ekspertyzy-w-dziedzinie-spawania-laserowego\/#breadcrumb"},"inLanguage":"de","potentialAction":[{"@type":"ReadAction","target":["https:\/\/laserwelder.net\/blog-automatic-laser-welder-aktualnosci-i-ekspertyzy-w-dziedzinie-spawania-laserowego\/"]}]},{"@type":"ImageObject","inLanguage":"de","@id":"https:\/\/laserwelder.net\/blog-automatic-laser-welder-aktualnosci-i-ekspertyzy-w-dziedzinie-spawania-laserowego\/#primaryimage","url":"https:\/\/laserwelder.net\/wp-content\/uploads\/2023\/09\/Baner-na-blog-560x315-px-1.gif","contentUrl":"https:\/\/laserwelder.net\/wp-content\/uploads\/2023\/09\/Baner-na-blog-560x315-px-1.gif"},{"@type":"BreadcrumbList","@id":"https:\/\/laserwelder.net\/blog-automatic-laser-welder-aktualnosci-i-ekspertyzy-w-dziedzinie-spawania-laserowego\/#breadcrumb","itemListElement":[{"@type":"ListItem","position":1,"name":"Strona g\u0142\u00f3wna","item":"https:\/\/laserwelder.net\/it\/"},{"@type":"ListItem","position":2,"name":"Blog Automatic Laser Welder &#8211; Aktualno\u015bci i Ekspertyzy w Dziedzinie Spawania Laserowego"}]},{"@type":"WebSite","@id":"https:\/\/laserwelder.net\/#website","url":"https:\/\/laserwelder.net\/","name":"","description":"","potentialAction":[{"@type":"SearchAction","target":{"@type":"EntryPoint","urlTemplate":"https:\/\/laserwelder.net\/?s={search_term_string}"},"query-input":{"@type":"PropertyValueSpecification","valueRequired":true,"valueName":"search_term_string"}}],"inLanguage":"de"}]}},"_links":{"self":[{"href":"https:\/\/laserwelder.net\/de\/wp-json\/wp\/v2\/pages\/2207","targetHints":{"allow":["GET"]}}],"collection":[{"href":"https:\/\/laserwelder.net\/de\/wp-json\/wp\/v2\/pages"}],"about":[{"href":"https:\/\/laserwelder.net\/de\/wp-json\/wp\/v2\/types\/page"}],"author":[{"embeddable":true,"href":"https:\/\/laserwelder.net\/de\/wp-json\/wp\/v2\/users\/4"}],"replies":[{"embeddable":true,"href":"https:\/\/laserwelder.net\/de\/wp-json\/wp\/v2\/comments?post=2207"}],"version-history":[{"count":11,"href":"https:\/\/laserwelder.net\/de\/wp-json\/wp\/v2\/pages\/2207\/revisions"}],"predecessor-version":[{"id":4155,"href":"https:\/\/laserwelder.net\/de\/wp-json\/wp\/v2\/pages\/2207\/revisions\/4155"}],"wp:attachment":[{"href":"https:\/\/laserwelder.net\/de\/wp-json\/wp\/v2\/media?parent=2207"}],"curies":[{"name":"wp","href":"https:\/\/api.w.org\/{rel}","templated":true}]}}