{"id":3711,"date":"2023-07-21T12:50:53","date_gmt":"2023-07-21T12:50:53","guid":{"rendered":"https:\/\/laserwelder.net\/?page_id=3711"},"modified":"2023-07-21T12:56:21","modified_gmt":"2023-07-21T12:56:21","slug":"servicegarantie","status":"publish","type":"page","link":"https:\/\/laserwelder.net\/de\/servicegarantie\/","title":{"rendered":"Servicegarantie\u200b"},"content":{"rendered":"\t\t<div data-elementor-type=\"wp-page\" data-elementor-id=\"3711\" class=\"elementor elementor-3711\" data-elementor-post-type=\"page\">\n\t\t\t\t\t\t<section class=\"elementor-section elementor-top-section elementor-element elementor-element-20eff43f elementor-section-content-middle elementor-section-full_width elementor-reverse-mobile elementor-reverse-tablet elementor-section-height-default elementor-section-height-default\" data-id=\"20eff43f\" data-element_type=\"section\" data-settings=\"{&quot;background_background&quot;:&quot;classic&quot;}\">\n\t\t\t\t\t\t<div class=\"elementor-container elementor-column-gap-no\">\n\t\t\t\t\t<div class=\"elementor-column elementor-col-50 elementor-top-column elementor-element elementor-element-40125e20\" data-id=\"40125e20\" data-element_type=\"column\">\n\t\t\t<div class=\"elementor-widget-wrap elementor-element-populated\">\n\t\t\t\t\t\t<div class=\"elementor-element elementor-element-76993e2 elementor-widget elementor-widget-image\" data-id=\"76993e2\" data-element_type=\"widget\" data-widget_type=\"image.default\">\n\t\t\t\t<div class=\"elementor-widget-container\">\n\t\t\t\t\t\t\t\t\t\t\t\t\t\t\t<img fetchpriority=\"high\" fetchpriority=\"high\" decoding=\"async\" width=\"1024\" height=\"768\" src=\"https:\/\/laserwelder.net\/wp-content\/uploads\/2020\/11\/P1100463-1024x768.jpg\" class=\"attachment-large size-large wp-image-1199\" alt=\"\" srcset=\"https:\/\/laserwelder.net\/wp-content\/uploads\/2020\/11\/P1100463-1024x768.jpg 1024w, https:\/\/laserwelder.net\/wp-content\/uploads\/2020\/11\/P1100463-300x225.jpg 300w, https:\/\/laserwelder.net\/wp-content\/uploads\/2020\/11\/P1100463-768x576.jpg 768w, https:\/\/laserwelder.net\/wp-content\/uploads\/2020\/11\/P1100463-510x382.jpg 510w, https:\/\/laserwelder.net\/wp-content\/uploads\/2020\/11\/P1100463-1080x810.jpg 1080w, https:\/\/laserwelder.net\/wp-content\/uploads\/2020\/11\/P1100463-600x450.jpg 600w\" sizes=\"(max-width: 1024px) 100vw, 1024px\" \/>\t\t\t\t\t\t\t\t\t\t\t\t\t\t\t<\/div>\n\t\t\t\t<\/div>\n\t\t\t\t\t<\/div>\n\t\t<\/div>\n\t\t\t\t<div class=\"elementor-column elementor-col-50 elementor-top-column elementor-element elementor-element-336e00c2\" data-id=\"336e00c2\" data-element_type=\"column\">\n\t\t\t<div class=\"elementor-widget-wrap elementor-element-populated\">\n\t\t\t\t\t\t<div class=\"elementor-element elementor-element-437b0973 elementor-widget elementor-widget-heading\" data-id=\"437b0973\" data-element_type=\"widget\" data-widget_type=\"heading.default\">\n\t\t\t\t<div class=\"elementor-widget-container\">\n\t\t\t\t\t<h1 class=\"elementor-heading-title elementor-size-default\">Servicegarantie\u200b<\/h1>\t\t\t\t<\/div>\n\t\t\t\t<\/div>\n\t\t\t\t<div class=\"elementor-element elementor-element-123ada19 elementor-widget elementor-widget-text-editor\" data-id=\"123ada19\" data-element_type=\"widget\" data-widget_type=\"text-editor.default\">\n\t\t\t\t<div class=\"elementor-widget-container\">\n\t\t\t\t\t\t\t\t\t<div class=\"group w-full text-gray-800 dark:text-gray-100 border-b border-black\/10 dark:border-gray-900\/50 bg-gray-50 dark:bg-[#444654] sm:AIPRM__conversation__response\"><div class=\"flex p-4 gap-4 text-base md:gap-6 md:max-w-2xl lg:max-w-[38rem] xl:max-w-3xl md:py-6 lg:px-0 m-auto\"><div class=\"relative flex w-[calc(100%-50px)] flex-col gap-1 md:gap-3 lg:w-[calc(100%-115px)]\"><div class=\"flex flex-grow flex-col gap-3\"><div class=\"min-h-[20px] flex items-start overflow-x-auto whitespace-pre-wrap break-words flex-col gap-4\"><div class=\"markdown prose w-full break-words dark:prose-invert light AIPRM__conversation__response\"><p>Der Anfang unserer Zusammenarbeit besteht darin, bei der Auswahl des Laserschwei\u00dfger\u00e4ts zu assistieren und die Materialspezifikationen und geplanten Anwendungen zu ber\u00fccksichtigen. Aus dem vielf\u00e4ltigen Angebot von ALW empfehlen wir die optimalsten L\u00f6sungen, die durch Tests an von Kunden bereitgestellten Proben unterst\u00fctzt werden. Nach der Auswahl des Ger\u00e4ts ist die Maschine innerhalb von zwei Monaten nach Bestellung versandfertig.<\/p><\/div><\/div><\/div><\/div><\/div><\/div>\t\t\t\t\t\t\t\t<\/div>\n\t\t\t\t<\/div>\n\t\t\t\t<div class=\"elementor-element elementor-element-9d410e7 elementor-align-center elementor-mobile-align-center elementor-invisible elementor-widget elementor-widget-button\" data-id=\"9d410e7\" data-element_type=\"widget\" data-settings=\"{&quot;_animation&quot;:&quot;fadeInDown&quot;}\" data-widget_type=\"button.default\">\n\t\t\t\t<div class=\"elementor-widget-container\">\n\t\t\t\t\t\t\t\t\t<div class=\"elementor-button-wrapper\">\n\t\t\t\t\t<a class=\"elementor-button elementor-button-link elementor-size-sm\" href=\"https:\/\/alb.proofhub.com\/link\/form?token=ec9e877b45cd0da0883f04cbb59c2b6d79263c52\">\n\t\t\t\t\t\t<span class=\"elementor-button-content-wrapper\">\n\t\t\t\t\t\t\t\t\t<span class=\"elementor-button-text\">Serviceanfrage<\/span>\n\t\t\t\t\t<\/span>\n\t\t\t\t\t<\/a>\n\t\t\t\t<\/div>\n\t\t\t\t\t\t\t\t<\/div>\n\t\t\t\t<\/div>\n\t\t\t\t\t<\/div>\n\t\t<\/div>\n\t\t\t\t\t<\/div>\n\t\t<\/section>\n\t\t\t\t<section class=\"elementor-section elementor-top-section elementor-element elementor-element-7075da82 elementor-section-content-middle elementor-section-full_width elementor-section-height-default elementor-section-height-default\" data-id=\"7075da82\" data-element_type=\"section\" data-settings=\"{&quot;background_background&quot;:&quot;classic&quot;}\">\n\t\t\t\t\t\t<div class=\"elementor-container elementor-column-gap-no\">\n\t\t\t\t\t<div class=\"elementor-column elementor-col-50 elementor-top-column elementor-element elementor-element-5fcac422\" data-id=\"5fcac422\" data-element_type=\"column\">\n\t\t\t<div class=\"elementor-widget-wrap elementor-element-populated\">\n\t\t\t\t\t\t<div class=\"elementor-element elementor-element-8c0e415 elementor-widget elementor-widget-heading\" data-id=\"8c0e415\" data-element_type=\"widget\" data-widget_type=\"heading.default\">\n\t\t\t\t<div class=\"elementor-widget-container\">\n\t\t\t\t\t<h2 class=\"elementor-heading-title elementor-size-default\">Installation und Schulung der Automatic Laser Welder Schwei\u00dfger\u00e4te\n<\/h2>\t\t\t\t<\/div>\n\t\t\t\t<\/div>\n\t\t\t\t<div class=\"elementor-element elementor-element-5caee041 elementor-widget elementor-widget-text-editor\" data-id=\"5caee041\" data-element_type=\"widget\" data-widget_type=\"text-editor.default\">\n\t\t\t\t<div class=\"elementor-widget-container\">\n\t\t\t\t\t\t\t\t\t<p>Nach dem Kauf des Laserschwei\u00dfger\u00e4ts beginnt der Prozess der Terminvereinbarung f\u00fcr seine Installation, die von einem spezialisierten Team von Automatic Laser Welder durchgef\u00fchrt wird. Die Installation und der erste Start des Ger\u00e4ts finden beim Kunden vor Ort statt. Wir f\u00fchren Installationen weltweit durch, obwohl wir am h\u00e4ufigsten in Europa, Asien und Afrika t\u00e4tig sind.<\/p><p>Der Preis des Schwei\u00dfger\u00e4ts beinhaltet den Transport des Ger\u00e4ts innerhalb Europas zum Kunden. Bei Seetransport wird die Lieferung zum n\u00e4chstgelegenen Hafen durchgef\u00fchrt.<\/p><p>Nach der Installation des Ger\u00e4ts f\u00fchren wir professionelle Schulungen durch, die maximal 3 Tage dauern. Die Schulungen umfassen die Bedienung der Software, der Maschine, Wartung und die Funktion des gekauften Ger\u00e4ts.<\/p>\t\t\t\t\t\t\t\t<\/div>\n\t\t\t\t<\/div>\n\t\t\t\t<div class=\"elementor-element elementor-element-26726d0 elementor-align-center elementor-mobile-align-center elementor-invisible elementor-widget elementor-widget-button\" data-id=\"26726d0\" data-element_type=\"widget\" data-settings=\"{&quot;_animation&quot;:&quot;fadeInDown&quot;}\" data-widget_type=\"button.default\">\n\t\t\t\t<div class=\"elementor-widget-container\">\n\t\t\t\t\t\t\t\t\t<div class=\"elementor-button-wrapper\">\n\t\t\t\t\t<a class=\"elementor-button elementor-button-link elementor-size-sm\" href=\"https:\/\/alb.proofhub.com\/link\/form?token=ec9e877b45cd0da0883f04cbb59c2b6d79263c52\">\n\t\t\t\t\t\t<span class=\"elementor-button-content-wrapper\">\n\t\t\t\t\t\t\t\t\t<span class=\"elementor-button-text\">Serviceanfrage<\/span>\n\t\t\t\t\t<\/span>\n\t\t\t\t\t<\/a>\n\t\t\t\t<\/div>\n\t\t\t\t\t\t\t\t<\/div>\n\t\t\t\t<\/div>\n\t\t\t\t\t<\/div>\n\t\t<\/div>\n\t\t\t\t<div class=\"elementor-column elementor-col-50 elementor-top-column elementor-element elementor-element-6112d3d5\" data-id=\"6112d3d5\" data-element_type=\"column\">\n\t\t\t<div class=\"elementor-widget-wrap elementor-element-populated\">\n\t\t\t\t\t\t<div class=\"elementor-element elementor-element-37ade78 elementor-widget elementor-widget-image\" data-id=\"37ade78\" data-element_type=\"widget\" data-widget_type=\"image.default\">\n\t\t\t\t<div class=\"elementor-widget-container\">\n\t\t\t\t\t\t\t\t\t\t\t\t\t\t\t<img decoding=\"async\" width=\"1024\" height=\"1024\" src=\"https:\/\/laserwelder.net\/wp-content\/uploads\/2023\/06\/Post-na-Instagram-1080x1080-px-1-1024x1024.jpeg\" class=\"attachment-large size-large wp-image-2486\" alt=\"\" srcset=\"https:\/\/laserwelder.net\/wp-content\/uploads\/2023\/06\/Post-na-Instagram-1080x1080-px-1-980x980.jpeg 980w, https:\/\/laserwelder.net\/wp-content\/uploads\/2023\/06\/Post-na-Instagram-1080x1080-px-1-480x480.jpeg 480w\" sizes=\"(min-width: 0px) and (max-width: 480px) 480px, (min-width: 481px) and (max-width: 980px) 980px, (min-width: 981px) 1024px, 100vw\" \/>\t\t\t\t\t\t\t\t\t\t\t\t\t\t\t<\/div>\n\t\t\t\t<\/div>\n\t\t\t\t\t<\/div>\n\t\t<\/div>\n\t\t\t\t\t<\/div>\n\t\t<\/section>\n\t\t\t\t<section class=\"elementor-section elementor-top-section elementor-element elementor-element-5def1844 elementor-section-content-middle elementor-section-full_width elementor-reverse-mobile elementor-section-height-default elementor-section-height-default\" data-id=\"5def1844\" data-element_type=\"section\" data-settings=\"{&quot;background_background&quot;:&quot;classic&quot;}\">\n\t\t\t\t\t\t<div class=\"elementor-container elementor-column-gap-no\">\n\t\t\t\t\t<div class=\"elementor-column elementor-col-50 elementor-top-column elementor-element elementor-element-2f4145fc\" data-id=\"2f4145fc\" data-element_type=\"column\">\n\t\t\t<div class=\"elementor-widget-wrap elementor-element-populated\">\n\t\t\t\t\t\t<div class=\"elementor-element elementor-element-4300e769 elementor-widget elementor-widget-image\" data-id=\"4300e769\" data-element_type=\"widget\" data-widget_type=\"image.default\">\n\t\t\t\t<div class=\"elementor-widget-container\">\n\t\t\t\t\t\t\t\t\t\t\t\t\t\t\t<img decoding=\"async\" width=\"1024\" height=\"1024\" src=\"https:\/\/laserwelder.net\/wp-content\/uploads\/2023\/06\/Post-na-Instagram-1080x1080-px-5-1024x1024.jpeg\" class=\"attachment-large size-large wp-image-2507\" alt=\"\" srcset=\"https:\/\/laserwelder.net\/wp-content\/uploads\/2023\/06\/Post-na-Instagram-1080x1080-px-5-980x980.jpeg 980w, https:\/\/laserwelder.net\/wp-content\/uploads\/2023\/06\/Post-na-Instagram-1080x1080-px-5-480x480.jpeg 480w\" sizes=\"(min-width: 0px) and (max-width: 480px) 480px, (min-width: 481px) and (max-width: 980px) 980px, (min-width: 981px) 1024px, 100vw\" \/>\t\t\t\t\t\t\t\t\t\t\t\t\t\t\t<\/div>\n\t\t\t\t<\/div>\n\t\t\t\t\t<\/div>\n\t\t<\/div>\n\t\t\t\t<div class=\"elementor-column elementor-col-50 elementor-top-column elementor-element elementor-element-5710befe\" data-id=\"5710befe\" data-element_type=\"column\">\n\t\t\t<div class=\"elementor-widget-wrap elementor-element-populated\">\n\t\t\t\t\t\t<div class=\"elementor-element elementor-element-7e4c7445 elementor-widget elementor-widget-heading\" data-id=\"7e4c7445\" data-element_type=\"widget\" data-widget_type=\"heading.default\">\n\t\t\t\t<div class=\"elementor-widget-container\">\n\t\t\t\t\t<h2 class=\"elementor-heading-title elementor-size-default\">Garantie und Nachgarantieunterst\u00fctzung von Automatic Laser Welder\n<\/h2>\t\t\t\t<\/div>\n\t\t\t\t<\/div>\n\t\t\t\t<div class=\"elementor-element elementor-element-549f9a6f elementor-widget elementor-widget-text-editor\" data-id=\"549f9a6f\" data-element_type=\"widget\" data-widget_type=\"text-editor.default\">\n\t\t\t\t<div class=\"elementor-widget-container\">\n\t\t\t\t\t\t\t\t\t<p>Die bei uns gekauften Schwei\u00dfger\u00e4te von Automatic Laser Welder sind mit einer Garantie versehen, aber unser Support endet nicht mit ihrem Ablauf. Wir legen immer Wert auf schnelle Reaktionen auf die Bed\u00fcrfnisse unserer Kunden. Bei Bedarf k\u00f6nnen wir innerhalb weniger Tage beim Kunden in Europa sein, mit einem vollst\u00e4ndigen Sortiment an Ersatzteilen aus unserem Lager!<\/p><p>F\u00fcr unsere Kunden sind wir auch per Videokonferenz erreichbar. Wir bieten technische Beratung online an, zu f\u00fcr den Kunden g\u00fcnstigen Zeiten.<\/p><p>Unser Wissen und langj\u00e4hrige Erfahrung im Maschinenservice stehen unseren Kunden immer zur Verf\u00fcgung. Wir sind bereit, alle Probleme zu l\u00f6sen &#8211; auch solche, die in ungew\u00f6hnlichen Situationen auftreten.<\/p>\t\t\t\t\t\t\t\t<\/div>\n\t\t\t\t<\/div>\n\t\t\t\t<div class=\"elementor-element elementor-element-8de832d elementor-align-center elementor-mobile-align-center elementor-invisible elementor-widget elementor-widget-button\" data-id=\"8de832d\" data-element_type=\"widget\" data-settings=\"{&quot;_animation&quot;:&quot;fadeInDown&quot;}\" data-widget_type=\"button.default\">\n\t\t\t\t<div class=\"elementor-widget-container\">\n\t\t\t\t\t\t\t\t\t<div class=\"elementor-button-wrapper\">\n\t\t\t\t\t<a class=\"elementor-button elementor-button-link elementor-size-sm\" href=\"https:\/\/alb.proofhub.com\/link\/form?token=ec9e877b45cd0da0883f04cbb59c2b6d79263c52\">\n\t\t\t\t\t\t<span class=\"elementor-button-content-wrapper\">\n\t\t\t\t\t\t\t\t\t<span class=\"elementor-button-text\">Serviceanfrage<\/span>\n\t\t\t\t\t<\/span>\n\t\t\t\t\t<\/a>\n\t\t\t\t<\/div>\n\t\t\t\t\t\t\t\t<\/div>\n\t\t\t\t<\/div>\n\t\t\t\t\t<\/div>\n\t\t<\/div>\n\t\t\t\t\t<\/div>\n\t\t<\/section>\n\t\t\t\t<section class=\"elementor-section elementor-top-section elementor-element elementor-element-5983daa3 elementor-section-height-min-height elementor-section-content-middle elementor-section-full_width elementor-section-height-default elementor-section-items-middle\" data-id=\"5983daa3\" data-element_type=\"section\" data-settings=\"{&quot;background_background&quot;:&quot;classic&quot;}\">\n\t\t\t\t\t\t<div class=\"elementor-container elementor-column-gap-no\">\n\t\t\t\t\t<div class=\"elementor-column elementor-col-100 elementor-top-column elementor-element elementor-element-323fb8a5\" data-id=\"323fb8a5\" data-element_type=\"column\">\n\t\t\t<div class=\"elementor-widget-wrap elementor-element-populated\">\n\t\t\t\t\t\t<div class=\"elementor-element elementor-element-7d992164 elementor-widget elementor-widget-heading\" data-id=\"7d992164\" data-element_type=\"widget\" data-widget_type=\"heading.default\">\n\t\t\t\t<div class=\"elementor-widget-container\">\n\t\t\t\t\t<p class=\"elementor-heading-title elementor-size-default\">\u00a9 2022 All Rights Reserved.<\/p>\t\t\t\t<\/div>\n\t\t\t\t<\/div>\n\t\t\t\t\t<\/div>\n\t\t<\/div>\n\t\t\t\t\t<\/div>\n\t\t<\/section>\n\t\t\t\t<\/div>\n\t\t","protected":false},"excerpt":{"rendered":"<p>Servicegarantie\u200b Der Anfang unserer Zusammenarbeit besteht darin, bei der Auswahl des Laserschwei\u00dfger\u00e4ts zu assistieren und die Materialspezifikationen und geplanten Anwendungen zu ber\u00fccksichtigen. Aus dem vielf\u00e4ltigen Angebot von ALW empfehlen wir die optimalsten L\u00f6sungen, die durch Tests an von Kunden bereitgestellten Proben unterst\u00fctzt werden. Nach der Auswahl des Ger\u00e4ts ist die Maschine innerhalb von zwei Monaten [&hellip;]<\/p>\n","protected":false},"author":4,"featured_media":0,"parent":0,"menu_order":0,"comment_status":"closed","ping_status":"closed","template":"elementor_header_footer","meta":{"_et_pb_use_builder":"","_et_pb_old_content":"","_et_gb_content_width":"","inline_featured_image":false,"_uf_show_specific_survey":0,"_uf_disable_surveys":false,"footnotes":""},"class_list":["post-3711","page","type-page","status-publish","hentry"],"yoast_head":"<!-- This site is optimized with the Yoast SEO plugin v26.8 - https:\/\/yoast.com\/product\/yoast-seo-wordpress\/ -->\n<title>- Spawarki laserowe - Servicegarantie\u200b<\/title>\n<meta name=\"description\" content=\"Servicegarantie\u200b Der Anfang unserer Zusammenarbeit besteht darin, bei der Auswahl des Laserschwei\u00dfger\u00e4ts zu assistieren und die Materialspezifikationen\" \/>\n<meta name=\"robots\" content=\"index, follow, max-snippet:-1, max-image-preview:large, max-video-preview:-1\" \/>\n<link rel=\"canonical\" href=\"https:\/\/laserwelder.net\/de\/servicegarantie\/\" \/>\n<meta property=\"og:locale\" content=\"de_DE\" \/>\n<meta property=\"og:type\" content=\"article\" \/>\n<meta property=\"og:title\" content=\"- Spawarki laserowe - Servicegarantie\u200b\" \/>\n<meta property=\"og:description\" content=\"Servicegarantie\u200b Der Anfang unserer Zusammenarbeit besteht darin, bei der Auswahl des Laserschwei\u00dfger\u00e4ts zu assistieren und die Materialspezifikationen\" \/>\n<meta property=\"og:url\" content=\"https:\/\/laserwelder.net\/de\/servicegarantie\/\" \/>\n<meta property=\"article:modified_time\" content=\"2023-07-21T12:56:21+00:00\" \/>\n<meta property=\"og:image\" content=\"https:\/\/laserwelder.net\/wp-content\/uploads\/2020\/11\/P1100463-1024x768.jpg\" \/>\n<meta name=\"twitter:card\" content=\"summary_large_image\" \/>\n<meta name=\"twitter:label1\" content=\"Gesch\u00e4tzte Lesezeit\" \/>\n\t<meta name=\"twitter:data1\" content=\"2\u00a0Minuten\" \/>\n<script type=\"application\/ld+json\" class=\"yoast-schema-graph\">{\"@context\":\"https:\/\/schema.org\",\"@graph\":[{\"@type\":\"WebPage\",\"@id\":\"https:\/\/laserwelder.net\/de\/servicegarantie\/\",\"url\":\"https:\/\/laserwelder.net\/de\/servicegarantie\/\",\"name\":\"- Spawarki laserowe - Servicegarantie\u200b\",\"isPartOf\":{\"@id\":\"https:\/\/laserwelder.net\/#website\"},\"primaryImageOfPage\":{\"@id\":\"https:\/\/laserwelder.net\/de\/servicegarantie\/#primaryimage\"},\"image\":{\"@id\":\"https:\/\/laserwelder.net\/de\/servicegarantie\/#primaryimage\"},\"thumbnailUrl\":\"https:\/\/laserwelder.net\/wp-content\/uploads\/2020\/11\/P1100463-1024x768.jpg\",\"datePublished\":\"2023-07-21T12:50:53+00:00\",\"dateModified\":\"2023-07-21T12:56:21+00:00\",\"description\":\"Servicegarantie\u200b Der Anfang unserer Zusammenarbeit besteht darin, bei der Auswahl des Laserschwei\u00dfger\u00e4ts zu assistieren und die Materialspezifikationen\",\"breadcrumb\":{\"@id\":\"https:\/\/laserwelder.net\/de\/servicegarantie\/#breadcrumb\"},\"inLanguage\":\"de\",\"potentialAction\":[{\"@type\":\"ReadAction\",\"target\":[\"https:\/\/laserwelder.net\/de\/servicegarantie\/\"]}]},{\"@type\":\"ImageObject\",\"inLanguage\":\"de\",\"@id\":\"https:\/\/laserwelder.net\/de\/servicegarantie\/#primaryimage\",\"url\":\"https:\/\/laserwelder.net\/wp-content\/uploads\/2020\/11\/P1100463-1024x768.jpg\",\"contentUrl\":\"https:\/\/laserwelder.net\/wp-content\/uploads\/2020\/11\/P1100463-1024x768.jpg\"},{\"@type\":\"BreadcrumbList\",\"@id\":\"https:\/\/laserwelder.net\/de\/servicegarantie\/#breadcrumb\",\"itemListElement\":[{\"@type\":\"ListItem\",\"position\":1,\"name\":\"Strona g\u0142\u00f3wna\",\"item\":\"https:\/\/laserwelder.net\/it\/\"},{\"@type\":\"ListItem\",\"position\":2,\"name\":\"Servicegarantie\u200b\"}]},{\"@type\":\"WebSite\",\"@id\":\"https:\/\/laserwelder.net\/#website\",\"url\":\"https:\/\/laserwelder.net\/\",\"name\":\"\",\"description\":\"\",\"potentialAction\":[{\"@type\":\"SearchAction\",\"target\":{\"@type\":\"EntryPoint\",\"urlTemplate\":\"https:\/\/laserwelder.net\/?s={search_term_string}\"},\"query-input\":{\"@type\":\"PropertyValueSpecification\",\"valueRequired\":true,\"valueName\":\"search_term_string\"}}],\"inLanguage\":\"de\"}]}<\/script>\n<!-- \/ Yoast SEO plugin. -->","yoast_head_json":{"title":"- Spawarki laserowe - Servicegarantie\u200b","description":"Servicegarantie\u200b Der Anfang unserer Zusammenarbeit besteht darin, bei der Auswahl des Laserschwei\u00dfger\u00e4ts zu assistieren und die Materialspezifikationen","robots":{"index":"index","follow":"follow","max-snippet":"max-snippet:-1","max-image-preview":"max-image-preview:large","max-video-preview":"max-video-preview:-1"},"canonical":"https:\/\/laserwelder.net\/de\/servicegarantie\/","og_locale":"de_DE","og_type":"article","og_title":"- Spawarki laserowe - Servicegarantie\u200b","og_description":"Servicegarantie\u200b Der Anfang unserer Zusammenarbeit besteht darin, bei der Auswahl des Laserschwei\u00dfger\u00e4ts zu assistieren und die Materialspezifikationen","og_url":"https:\/\/laserwelder.net\/de\/servicegarantie\/","article_modified_time":"2023-07-21T12:56:21+00:00","og_image":[{"url":"https:\/\/laserwelder.net\/wp-content\/uploads\/2020\/11\/P1100463-1024x768.jpg","type":"","width":"","height":""}],"twitter_card":"summary_large_image","twitter_misc":{"Gesch\u00e4tzte Lesezeit":"2\u00a0Minuten"},"schema":{"@context":"https:\/\/schema.org","@graph":[{"@type":"WebPage","@id":"https:\/\/laserwelder.net\/de\/servicegarantie\/","url":"https:\/\/laserwelder.net\/de\/servicegarantie\/","name":"- Spawarki laserowe - Servicegarantie\u200b","isPartOf":{"@id":"https:\/\/laserwelder.net\/#website"},"primaryImageOfPage":{"@id":"https:\/\/laserwelder.net\/de\/servicegarantie\/#primaryimage"},"image":{"@id":"https:\/\/laserwelder.net\/de\/servicegarantie\/#primaryimage"},"thumbnailUrl":"https:\/\/laserwelder.net\/wp-content\/uploads\/2020\/11\/P1100463-1024x768.jpg","datePublished":"2023-07-21T12:50:53+00:00","dateModified":"2023-07-21T12:56:21+00:00","description":"Servicegarantie\u200b Der Anfang unserer Zusammenarbeit besteht darin, bei der Auswahl des Laserschwei\u00dfger\u00e4ts zu assistieren und die Materialspezifikationen","breadcrumb":{"@id":"https:\/\/laserwelder.net\/de\/servicegarantie\/#breadcrumb"},"inLanguage":"de","potentialAction":[{"@type":"ReadAction","target":["https:\/\/laserwelder.net\/de\/servicegarantie\/"]}]},{"@type":"ImageObject","inLanguage":"de","@id":"https:\/\/laserwelder.net\/de\/servicegarantie\/#primaryimage","url":"https:\/\/laserwelder.net\/wp-content\/uploads\/2020\/11\/P1100463-1024x768.jpg","contentUrl":"https:\/\/laserwelder.net\/wp-content\/uploads\/2020\/11\/P1100463-1024x768.jpg"},{"@type":"BreadcrumbList","@id":"https:\/\/laserwelder.net\/de\/servicegarantie\/#breadcrumb","itemListElement":[{"@type":"ListItem","position":1,"name":"Strona g\u0142\u00f3wna","item":"https:\/\/laserwelder.net\/it\/"},{"@type":"ListItem","position":2,"name":"Servicegarantie\u200b"}]},{"@type":"WebSite","@id":"https:\/\/laserwelder.net\/#website","url":"https:\/\/laserwelder.net\/","name":"","description":"","potentialAction":[{"@type":"SearchAction","target":{"@type":"EntryPoint","urlTemplate":"https:\/\/laserwelder.net\/?s={search_term_string}"},"query-input":{"@type":"PropertyValueSpecification","valueRequired":true,"valueName":"search_term_string"}}],"inLanguage":"de"}]}},"_links":{"self":[{"href":"https:\/\/laserwelder.net\/de\/wp-json\/wp\/v2\/pages\/3711","targetHints":{"allow":["GET"]}}],"collection":[{"href":"https:\/\/laserwelder.net\/de\/wp-json\/wp\/v2\/pages"}],"about":[{"href":"https:\/\/laserwelder.net\/de\/wp-json\/wp\/v2\/types\/page"}],"author":[{"embeddable":true,"href":"https:\/\/laserwelder.net\/de\/wp-json\/wp\/v2\/users\/4"}],"replies":[{"embeddable":true,"href":"https:\/\/laserwelder.net\/de\/wp-json\/wp\/v2\/comments?post=3711"}],"version-history":[{"count":4,"href":"https:\/\/laserwelder.net\/de\/wp-json\/wp\/v2\/pages\/3711\/revisions"}],"predecessor-version":[{"id":3715,"href":"https:\/\/laserwelder.net\/de\/wp-json\/wp\/v2\/pages\/3711\/revisions\/3715"}],"wp:attachment":[{"href":"https:\/\/laserwelder.net\/de\/wp-json\/wp\/v2\/media?parent=3711"}],"curies":[{"name":"wp","href":"https:\/\/api.w.org\/{rel}","templated":true}]}}