{"id":475,"date":"2019-08-09T10:08:18","date_gmt":"2019-08-09T10:08:18","guid":{"rendered":"https:\/\/laserwelder.net\/gwarancja-serwisowa\/"},"modified":"2023-07-21T12:33:05","modified_gmt":"2023-07-21T12:33:05","slug":"gwarancja-serwisowa","status":"publish","type":"page","link":"https:\/\/laserwelder.net\/de\/gwarancja-serwisowa\/","title":{"rendered":"Gwarancja serwisowa"},"content":{"rendered":"<style>\/*! elementor - v3.14.0 - 26-06-2023 *\/\n.elementor-heading-title{padding:0;margin:0;line-height:1}.elementor-widget-heading .elementor-heading-title[class*=elementor-size-]>a{color:inherit;font-size:inherit;line-height:inherit}.elementor-widget-heading .elementor-heading-title.elementor-size-small{font-size:15px}.elementor-widget-heading .elementor-heading-title.elementor-size-medium{font-size:19px}.elementor-widget-heading .elementor-heading-title.elementor-size-large{font-size:29px}.elementor-widget-heading .elementor-heading-title.elementor-size-xl{font-size:39px}.elementor-widget-heading .elementor-heading-title.elementor-size-xxl{font-size:59px}<\/style>\n<h1>Servicegarantie<\/h1>\n<p>Der Anfang unserer Zusammenarbeit besteht darin, bei der Auswahl des Laserschwei\u00dfger\u00e4ts zu assistieren und die Materialspezifikationen und geplanten Anwendungen zu ber\u00fccksichtigen. Aus dem vielf\u00e4ltigen Angebot von ALW empfehlen wir die optimalsten L\u00f6sungen, die durch Tests an von Kunden bereitgestellten Proben unterst\u00fctzt werden. Nach der Auswahl des Ger\u00e4ts ist die Maschine innerhalb von zwei Monaten nach Bestellung versandfertig.<\/p>\n<h1>Installation und Schulung der Automatic Laser Welder Schwei\u00dfger\u00e4te<br \/>\n<\/h1>\n<p>Nach dem Kauf des Laserschwei\u00dfger\u00e4ts beginnt der Prozess der Terminvereinbarung f\u00fcr seine Installation, die von einem spezialisierten Team von Automatic Laser Welder durchgef\u00fchrt wird. Die Installation und der erste Start des Ger\u00e4ts finden beim Kunden vor Ort statt. Wir f\u00fchren Installationen weltweit durch, obwohl wir am h\u00e4ufigsten in Europa, Asien und Afrika t\u00e4tig sind.<\/p>\n<p>Der Preis des Schwei\u00dfger\u00e4ts beinhaltet den Transport des Ger\u00e4ts innerhalb Europas zum Kunden. Bei Seetransport wird die Lieferung zum n\u00e4chstgelegenen Hafen durchgef\u00fchrt.<\/p>\n<p>Nach der Installation des Ger\u00e4ts f\u00fchren wir professionelle Schulungen durch, die maximal 3 Tage dauern. Die Schulungen umfassen die Bedienung der Software, der Maschine, Wartung und die Funktion des gekauften Ger\u00e4ts.<\/p>\n<p>\t\t\t<a href=\"https:\/\/alb.proofhub.com\/link\/form?token=ec9e877b45cd0da0883f04cbb59c2b6d79263c52\"><br \/>\n\t\t\t\t\t\tServiceanfrage<br \/>\n\t\t\t\t\t<\/a><\/p>\n<style>\/*! elementor - v3.14.0 - 26-06-2023 *\/\n.elementor-widget-image{text-align:center}.elementor-widget-image a{display:inline-block}.elementor-widget-image a img[src$=\".svg\"]{width:48px}.elementor-widget-image img{vertical-align:middle;display:inline-block}<\/style>\n<p>\t\t\t\t\t\t\t\t\t\t\t\t<img loading=\"lazy\" loading=\"lazy\" decoding=\"async\" width=\"1024\" height=\"768\" src=\"https:\/\/laserwelder.net\/wp-content\/uploads\/2020\/11\/P1100463-1024x768.jpg\" alt=\"\" loading=\"lazy\" srcset=\"https:\/\/laserwelder.net\/wp-content\/uploads\/2020\/11\/P1100463-1024x768.jpg 1024w, https:\/\/laserwelder.net\/wp-content\/uploads\/2020\/11\/P1100463-300x225.jpg 300w, https:\/\/laserwelder.net\/wp-content\/uploads\/2020\/11\/P1100463-768x576.jpg 768w, https:\/\/laserwelder.net\/wp-content\/uploads\/2020\/11\/P1100463-510x382.jpg 510w, https:\/\/laserwelder.net\/wp-content\/uploads\/2020\/11\/P1100463-1080x810.jpg 1080w, https:\/\/laserwelder.net\/wp-content\/uploads\/2020\/11\/P1100463-600x450.jpg 600w\" sizes=\"auto, (max-width: 1024px) 100vw, 1024px\" \/>\t\t\t\t\t\t\t\t\t\t\t\t\t\t\t<\/p>\n<h1>Installation und Schulung der Automatic Laser Welder Schwei\u00dfger\u00e4te<br \/>\n<\/h1>\n<p>Nach dem Kauf des Laserschwei\u00dfger\u00e4ts beginnt der Prozess der Terminvereinbarung f\u00fcr seine Installation, die von einem spezialisierten Team von Automatic Laser Welder durchgef\u00fchrt wird. Die Installation und der erste Start des Ger\u00e4ts finden beim Kunden vor Ort statt. Wir f\u00fchren Installationen weltweit durch, obwohl wir am h\u00e4ufigsten in Europa, Asien und Afrika t\u00e4tig sind.<\/p>\n<p>Der Preis des Schwei\u00dfger\u00e4ts beinhaltet den Transport des Ger\u00e4ts innerhalb Europas zum Kunden. Bei Seetransport wird die Lieferung zum n\u00e4chstgelegenen Hafen durchgef\u00fchrt.<\/p>\n<p>Nach der Installation des Ger\u00e4ts f\u00fchren wir professionelle Schulungen durch, die maximal 3 Tage dauern. Die Schulungen umfassen die Bedienung der Software, der Maschine, Wartung und die Funktion des gekauften Ger\u00e4ts.<\/p>\n<h1>Garantie und Nachgarantieunterst\u00fctzung von Automatic Laser Welder<br \/>\n<\/h1>\n<p>Die bei uns gekauften Schwei\u00dfger\u00e4te von Automatic Laser Welder sind mit einer Garantie versehen, aber unser Support endet nicht mit ihrem Ablauf. Wir legen immer Wert auf schnelle Reaktionen auf die Bed\u00fcrfnisse unserer Kunden. Bei Bedarf k\u00f6nnen wir innerhalb weniger Tage beim Kunden in Europa sein, mit einem vollst\u00e4ndigen Sortiment an Ersatzteilen aus unserem Lager!<\/p>\n<p>F\u00fcr unsere Kunden sind wir auch per Videokonferenz erreichbar. Wir bieten technische Beratung online an, zu f\u00fcr den Kunden g\u00fcnstigen Zeiten.<\/p>\n<p>Unser Wissen und langj\u00e4hrige Erfahrung im Maschinenservice stehen unseren Kunden immer zur Verf\u00fcgung. Wir sind bereit, alle Probleme zu l\u00f6sen &#8211; auch solche, die in ungew\u00f6hnlichen Situationen auftreten.<\/p>\n<p>\u00a9 2022 All Rights Reserved.<\/p>\n","protected":false},"excerpt":{"rendered":"<p>Servicegarantie Der Anfang unserer Zusammenarbeit besteht darin, bei der Auswahl des Laserschwei\u00dfger\u00e4ts zu assistieren und die Materialspezifikationen und geplanten Anwendungen zu ber\u00fccksichtigen. Aus dem vielf\u00e4ltigen Angebot von ALW empfehlen wir die optimalsten L\u00f6sungen, die durch Tests an von Kunden bereitgestellten Proben unterst\u00fctzt werden. Nach der Auswahl des Ger\u00e4ts ist die Maschine innerhalb von zwei Monaten [&hellip;]<\/p>\n","protected":false},"author":4,"featured_media":0,"parent":0,"menu_order":0,"comment_status":"closed","ping_status":"closed","template":"","meta":{"_et_pb_use_builder":"on","_et_pb_old_content":"<style>\/*! elementor - v3.14.0 - 26-06-2023 *\/\n.elementor-heading-title{padding:0;margin:0;line-height:1}.elementor-widget-heading .elementor-heading-title[class*=elementor-size-]>a{color:inherit;font-size:inherit;line-height:inherit}.elementor-widget-heading .elementor-heading-title.elementor-size-small{font-size:15px}.elementor-widget-heading .elementor-heading-title.elementor-size-medium{font-size:19px}.elementor-widget-heading .elementor-heading-title.elementor-size-large{font-size:29px}.elementor-widget-heading .elementor-heading-title.elementor-size-xl{font-size:39px}.elementor-widget-heading .elementor-heading-title.elementor-size-xxl{font-size:59px}<\/style><h1>Servicegarantie<\/h1>\t\t\n\t\t<p>Der Anfang unserer Zusammenarbeit besteht darin, bei der Auswahl des Laserschwei\u00dfger\u00e4ts zu assistieren und die Materialspezifikationen und geplanten Anwendungen zu ber\u00fccksichtigen. Aus dem vielf\u00e4ltigen Angebot von ALW empfehlen wir die optimalsten L\u00f6sungen, die durch Tests an von Kunden bereitgestellten Proben unterst\u00fctzt werden. Nach der Auswahl des Ger\u00e4ts ist die Maschine innerhalb von zwei Monaten nach Bestellung versandfertig.<\/p>\t\t\n\t\t\t<h1>Installation und Schulung der Automatic Laser Welder Schwei\u00dfger\u00e4te\n<\/h1>\t\t\n\t\t<p>Nach dem Kauf des Laserschwei\u00dfger\u00e4ts beginnt der Prozess der Terminvereinbarung f\u00fcr seine Installation, die von einem spezialisierten Team von Automatic Laser Welder durchgef\u00fchrt wird. Die Installation und der erste Start des Ger\u00e4ts finden beim Kunden vor Ort statt. Wir f\u00fchren Installationen weltweit durch, obwohl wir am h\u00e4ufigsten in Europa, Asien und Afrika t\u00e4tig sind.<\/p><p>Der Preis des Schwei\u00dfger\u00e4ts beinhaltet den Transport des Ger\u00e4ts innerhalb Europas zum Kunden. Bei Seetransport wird die Lieferung zum n\u00e4chstgelegenen Hafen durchgef\u00fchrt.<\/p><p>Nach der Installation des Ger\u00e4ts f\u00fchren wir professionelle Schulungen durch, die maximal 3 Tage dauern. Die Schulungen umfassen die Bedienung der Software, der Maschine, Wartung und die Funktion des gekauften Ger\u00e4ts.<\/p>\t\t\n\t\t\t<a href=\"https:\/\/alb.proofhub.com\/link\/form?token=ec9e877b45cd0da0883f04cbb59c2b6d79263c52\">\n\t\t\t\t\t\tServiceanfrage\n\t\t\t\t\t<\/a>\n\t\t\t<style>\/*! elementor - v3.14.0 - 26-06-2023 *\/\n.elementor-widget-image{text-align:center}.elementor-widget-image a{display:inline-block}.elementor-widget-image a img[src$=\".svg\"]{width:48px}.elementor-widget-image img{vertical-align:middle;display:inline-block}<\/style>\t\t\t\t\t\t\t\t\t\t\t\t<img width=\"1024\" height=\"768\" src=\"https:\/\/laserwelder.net\/wp-content\/uploads\/2020\/11\/P1100463-1024x768.jpg\" alt=\"\" loading=\"lazy\" srcset=\"https:\/\/laserwelder.net\/wp-content\/uploads\/2020\/11\/P1100463-1024x768.jpg 1024w, https:\/\/laserwelder.net\/wp-content\/uploads\/2020\/11\/P1100463-300x225.jpg 300w, https:\/\/laserwelder.net\/wp-content\/uploads\/2020\/11\/P1100463-768x576.jpg 768w, https:\/\/laserwelder.net\/wp-content\/uploads\/2020\/11\/P1100463-510x382.jpg 510w, https:\/\/laserwelder.net\/wp-content\/uploads\/2020\/11\/P1100463-1080x810.jpg 1080w, https:\/\/laserwelder.net\/wp-content\/uploads\/2020\/11\/P1100463-600x450.jpg 600w\" sizes=\"(max-width: 1024px) 100vw, 1024px\" \/>\t\t\t\t\t\t\t\t\t\t\t\t\t\t\t\n\t\t\t<h1>Installation und Schulung der Automatic Laser Welder Schwei\u00dfger\u00e4te\n<\/h1>\t\t\n\t\t<p>Nach dem Kauf des Laserschwei\u00dfger\u00e4ts beginnt der Prozess der Terminvereinbarung f\u00fcr seine Installation, die von einem spezialisierten Team von Automatic Laser Welder durchgef\u00fchrt wird. Die Installation und der erste Start des Ger\u00e4ts finden beim Kunden vor Ort statt. Wir f\u00fchren Installationen weltweit durch, obwohl wir am h\u00e4ufigsten in Europa, Asien und Afrika t\u00e4tig sind.<\/p><p>Der Preis des Schwei\u00dfger\u00e4ts beinhaltet den Transport des Ger\u00e4ts innerhalb Europas zum Kunden. Bei Seetransport wird die Lieferung zum n\u00e4chstgelegenen Hafen durchgef\u00fchrt.<\/p><p>Nach der Installation des Ger\u00e4ts f\u00fchren wir professionelle Schulungen durch, die maximal 3 Tage dauern. Die Schulungen umfassen die Bedienung der Software, der Maschine, Wartung und die Funktion des gekauften Ger\u00e4ts.<\/p>\t\t\n\t\t\t<h1>Garantie und Nachgarantieunterst\u00fctzung von Automatic Laser Welder\n<\/h1>\t\t\n\t\t<p>Die bei uns gekauften Schwei\u00dfger\u00e4te von Automatic Laser Welder sind mit einer Garantie versehen, aber unser Support endet nicht mit ihrem Ablauf. Wir legen immer Wert auf schnelle Reaktionen auf die Bed\u00fcrfnisse unserer Kunden. Bei Bedarf k\u00f6nnen wir innerhalb weniger Tage beim Kunden in Europa sein, mit einem vollst\u00e4ndigen Sortiment an Ersatzteilen aus unserem Lager!<\/p><p>F\u00fcr unsere Kunden sind wir auch per Videokonferenz erreichbar. Wir bieten technische Beratung online an, zu f\u00fcr den Kunden g\u00fcnstigen Zeiten.<\/p><p>Unser Wissen und langj\u00e4hrige Erfahrung im Maschinenservice stehen unseren Kunden immer zur Verf\u00fcgung. Wir sind bereit, alle Probleme zu l\u00f6sen - auch solche, die in ungew\u00f6hnlichen Situationen auftreten.<\/p>\t\t\n\t\t\t<p>\u00a9 2022 All Rights Reserved.<\/p>","_et_gb_content_width":"","inline_featured_image":false,"_uf_show_specific_survey":0,"_uf_disable_surveys":false,"footnotes":""},"class_list":["post-475","page","type-page","status-publish","hentry"],"yoast_head":"<!-- This site is optimized with the Yoast SEO plugin v26.8 - https:\/\/yoast.com\/product\/yoast-seo-wordpress\/ -->\n<title>- Spawarki laserowe - Gwarancja serwisowa<\/title>\n<meta name=\"description\" content=\"Gwarantujemy wsparcie zespo\u0142u serwisant\u00f3w, zar\u00f3wno poprzez wsparcie telefoniczne i online. Gdy problem nie jest mo\u017cliwy do rozwi\u0105zania zdalnie, bezp\u0142atnie wypo\u017cyczamy laser zast\u0119pczy na czas naprawy, w okresie trwania gwarancji. Zapewniamy r\u00f3wnie\u017c pe\u0142ny serwis i pomoc pogwarancyjn\u0105.\" \/>\n<meta name=\"robots\" content=\"index, follow, max-snippet:-1, max-image-preview:large, max-video-preview:-1\" \/>\n<link rel=\"canonical\" href=\"https:\/\/laserwelder.net\/de\/gwarancja-serwisowa\/\" \/>\n<meta property=\"og:locale\" content=\"de_DE\" \/>\n<meta property=\"og:type\" content=\"article\" \/>\n<meta property=\"og:title\" content=\"- Spawarki laserowe - Gwarancja serwisowa\" \/>\n<meta property=\"og:description\" content=\"Gwarantujemy wsparcie zespo\u0142u serwisant\u00f3w, zar\u00f3wno poprzez wsparcie telefoniczne i online. Gdy problem nie jest mo\u017cliwy do rozwi\u0105zania zdalnie, bezp\u0142atnie wypo\u017cyczamy laser zast\u0119pczy na czas naprawy, w okresie trwania gwarancji. Zapewniamy r\u00f3wnie\u017c pe\u0142ny serwis i pomoc pogwarancyjn\u0105.\" \/>\n<meta property=\"og:url\" content=\"https:\/\/laserwelder.net\/de\/gwarancja-serwisowa\/\" \/>\n<meta property=\"article:modified_time\" content=\"2023-07-21T12:33:05+00:00\" \/>\n<meta property=\"og:image\" content=\"https:\/\/laserwelder.net\/wp-content\/uploads\/2020\/11\/P1100463-1024x768.jpg\" \/>\n<meta name=\"twitter:card\" content=\"summary_large_image\" \/>\n<meta name=\"twitter:label1\" content=\"Gesch\u00e4tzte Lesezeit\" \/>\n\t<meta name=\"twitter:data1\" content=\"2\u00a0Minuten\" \/>\n<script type=\"application\/ld+json\" class=\"yoast-schema-graph\">{\"@context\":\"https:\/\/schema.org\",\"@graph\":[{\"@type\":\"WebPage\",\"@id\":\"https:\/\/laserwelder.net\/de\/gwarancja-serwisowa\/\",\"url\":\"https:\/\/laserwelder.net\/de\/gwarancja-serwisowa\/\",\"name\":\"- Spawarki laserowe - Gwarancja serwisowa\",\"isPartOf\":{\"@id\":\"https:\/\/laserwelder.net\/#website\"},\"primaryImageOfPage\":{\"@id\":\"https:\/\/laserwelder.net\/de\/gwarancja-serwisowa\/#primaryimage\"},\"image\":{\"@id\":\"https:\/\/laserwelder.net\/de\/gwarancja-serwisowa\/#primaryimage\"},\"thumbnailUrl\":\"https:\/\/laserwelder.net\/wp-content\/uploads\/2020\/11\/P1100463-1024x768.jpg\",\"datePublished\":\"2019-08-09T10:08:18+00:00\",\"dateModified\":\"2023-07-21T12:33:05+00:00\",\"description\":\"Gwarantujemy wsparcie zespo\u0142u serwisant\u00f3w, zar\u00f3wno poprzez wsparcie telefoniczne i online. Gdy problem nie jest mo\u017cliwy do rozwi\u0105zania zdalnie, bezp\u0142atnie wypo\u017cyczamy laser zast\u0119pczy na czas naprawy, w okresie trwania gwarancji. Zapewniamy r\u00f3wnie\u017c pe\u0142ny serwis i pomoc pogwarancyjn\u0105.\",\"breadcrumb\":{\"@id\":\"https:\/\/laserwelder.net\/de\/gwarancja-serwisowa\/#breadcrumb\"},\"inLanguage\":\"de\",\"potentialAction\":[{\"@type\":\"ReadAction\",\"target\":[\"https:\/\/laserwelder.net\/de\/gwarancja-serwisowa\/\"]}]},{\"@type\":\"ImageObject\",\"inLanguage\":\"de\",\"@id\":\"https:\/\/laserwelder.net\/de\/gwarancja-serwisowa\/#primaryimage\",\"url\":\"https:\/\/laserwelder.net\/wp-content\/uploads\/2020\/11\/P1100463-1024x768.jpg\",\"contentUrl\":\"https:\/\/laserwelder.net\/wp-content\/uploads\/2020\/11\/P1100463-1024x768.jpg\"},{\"@type\":\"BreadcrumbList\",\"@id\":\"https:\/\/laserwelder.net\/de\/gwarancja-serwisowa\/#breadcrumb\",\"itemListElement\":[{\"@type\":\"ListItem\",\"position\":1,\"name\":\"Strona g\u0142\u00f3wna\",\"item\":\"https:\/\/laserwelder.net\/it\/\"},{\"@type\":\"ListItem\",\"position\":2,\"name\":\"Gwarancja serwisowa\"}]},{\"@type\":\"WebSite\",\"@id\":\"https:\/\/laserwelder.net\/#website\",\"url\":\"https:\/\/laserwelder.net\/\",\"name\":\"\",\"description\":\"\",\"potentialAction\":[{\"@type\":\"SearchAction\",\"target\":{\"@type\":\"EntryPoint\",\"urlTemplate\":\"https:\/\/laserwelder.net\/?s={search_term_string}\"},\"query-input\":{\"@type\":\"PropertyValueSpecification\",\"valueRequired\":true,\"valueName\":\"search_term_string\"}}],\"inLanguage\":\"de\"}]}<\/script>\n<!-- \/ Yoast SEO plugin. -->","yoast_head_json":{"title":"- Spawarki laserowe - Gwarancja serwisowa","description":"Gwarantujemy wsparcie zespo\u0142u serwisant\u00f3w, zar\u00f3wno poprzez wsparcie telefoniczne i online. Gdy problem nie jest mo\u017cliwy do rozwi\u0105zania zdalnie, bezp\u0142atnie wypo\u017cyczamy laser zast\u0119pczy na czas naprawy, w okresie trwania gwarancji. Zapewniamy r\u00f3wnie\u017c pe\u0142ny serwis i pomoc pogwarancyjn\u0105.","robots":{"index":"index","follow":"follow","max-snippet":"max-snippet:-1","max-image-preview":"max-image-preview:large","max-video-preview":"max-video-preview:-1"},"canonical":"https:\/\/laserwelder.net\/de\/gwarancja-serwisowa\/","og_locale":"de_DE","og_type":"article","og_title":"- Spawarki laserowe - Gwarancja serwisowa","og_description":"Gwarantujemy wsparcie zespo\u0142u serwisant\u00f3w, zar\u00f3wno poprzez wsparcie telefoniczne i online. Gdy problem nie jest mo\u017cliwy do rozwi\u0105zania zdalnie, bezp\u0142atnie wypo\u017cyczamy laser zast\u0119pczy na czas naprawy, w okresie trwania gwarancji. Zapewniamy r\u00f3wnie\u017c pe\u0142ny serwis i pomoc pogwarancyjn\u0105.","og_url":"https:\/\/laserwelder.net\/de\/gwarancja-serwisowa\/","article_modified_time":"2023-07-21T12:33:05+00:00","og_image":[{"url":"https:\/\/laserwelder.net\/wp-content\/uploads\/2020\/11\/P1100463-1024x768.jpg","type":"","width":"","height":""}],"twitter_card":"summary_large_image","twitter_misc":{"Gesch\u00e4tzte Lesezeit":"2\u00a0Minuten"},"schema":{"@context":"https:\/\/schema.org","@graph":[{"@type":"WebPage","@id":"https:\/\/laserwelder.net\/de\/gwarancja-serwisowa\/","url":"https:\/\/laserwelder.net\/de\/gwarancja-serwisowa\/","name":"- Spawarki laserowe - Gwarancja serwisowa","isPartOf":{"@id":"https:\/\/laserwelder.net\/#website"},"primaryImageOfPage":{"@id":"https:\/\/laserwelder.net\/de\/gwarancja-serwisowa\/#primaryimage"},"image":{"@id":"https:\/\/laserwelder.net\/de\/gwarancja-serwisowa\/#primaryimage"},"thumbnailUrl":"https:\/\/laserwelder.net\/wp-content\/uploads\/2020\/11\/P1100463-1024x768.jpg","datePublished":"2019-08-09T10:08:18+00:00","dateModified":"2023-07-21T12:33:05+00:00","description":"Gwarantujemy wsparcie zespo\u0142u serwisant\u00f3w, zar\u00f3wno poprzez wsparcie telefoniczne i online. Gdy problem nie jest mo\u017cliwy do rozwi\u0105zania zdalnie, bezp\u0142atnie wypo\u017cyczamy laser zast\u0119pczy na czas naprawy, w okresie trwania gwarancji. Zapewniamy r\u00f3wnie\u017c pe\u0142ny serwis i pomoc pogwarancyjn\u0105.","breadcrumb":{"@id":"https:\/\/laserwelder.net\/de\/gwarancja-serwisowa\/#breadcrumb"},"inLanguage":"de","potentialAction":[{"@type":"ReadAction","target":["https:\/\/laserwelder.net\/de\/gwarancja-serwisowa\/"]}]},{"@type":"ImageObject","inLanguage":"de","@id":"https:\/\/laserwelder.net\/de\/gwarancja-serwisowa\/#primaryimage","url":"https:\/\/laserwelder.net\/wp-content\/uploads\/2020\/11\/P1100463-1024x768.jpg","contentUrl":"https:\/\/laserwelder.net\/wp-content\/uploads\/2020\/11\/P1100463-1024x768.jpg"},{"@type":"BreadcrumbList","@id":"https:\/\/laserwelder.net\/de\/gwarancja-serwisowa\/#breadcrumb","itemListElement":[{"@type":"ListItem","position":1,"name":"Strona g\u0142\u00f3wna","item":"https:\/\/laserwelder.net\/it\/"},{"@type":"ListItem","position":2,"name":"Gwarancja serwisowa"}]},{"@type":"WebSite","@id":"https:\/\/laserwelder.net\/#website","url":"https:\/\/laserwelder.net\/","name":"","description":"","potentialAction":[{"@type":"SearchAction","target":{"@type":"EntryPoint","urlTemplate":"https:\/\/laserwelder.net\/?s={search_term_string}"},"query-input":{"@type":"PropertyValueSpecification","valueRequired":true,"valueName":"search_term_string"}}],"inLanguage":"de"}]}},"_links":{"self":[{"href":"https:\/\/laserwelder.net\/de\/wp-json\/wp\/v2\/pages\/475","targetHints":{"allow":["GET"]}}],"collection":[{"href":"https:\/\/laserwelder.net\/de\/wp-json\/wp\/v2\/pages"}],"about":[{"href":"https:\/\/laserwelder.net\/de\/wp-json\/wp\/v2\/types\/page"}],"author":[{"embeddable":true,"href":"https:\/\/laserwelder.net\/de\/wp-json\/wp\/v2\/users\/4"}],"replies":[{"embeddable":true,"href":"https:\/\/laserwelder.net\/de\/wp-json\/wp\/v2\/comments?post=475"}],"version-history":[{"count":18,"href":"https:\/\/laserwelder.net\/de\/wp-json\/wp\/v2\/pages\/475\/revisions"}],"predecessor-version":[{"id":3708,"href":"https:\/\/laserwelder.net\/de\/wp-json\/wp\/v2\/pages\/475\/revisions\/3708"}],"wp:attachment":[{"href":"https:\/\/laserwelder.net\/de\/wp-json\/wp\/v2\/media?parent=475"}],"curies":[{"name":"wp","href":"https:\/\/api.w.org\/{rel}","templated":true}]}}