{"id":359,"date":"2019-08-09T10:07:38","date_gmt":"2019-08-09T10:07:38","guid":{"rendered":"https:\/\/laserwelder.net\/o-nas\/"},"modified":"2021-05-20T06:32:44","modified_gmt":"2021-05-20T06:32:44","slug":"o-nas","status":"publish","type":"page","link":"https:\/\/laserwelder.net\/en\/o-nas\/","title":{"rendered":"O nas"},"content":{"rendered":"<p>[et_pb_section fb_built=&#8221;1&#8243; _builder_version=&#8221;3.22.5&#8243; custom_margin=&#8221;||80px|||&#8221; custom_padding=&#8221;80px|||||&#8221;][et_pb_row _builder_version=&#8221;3.25&#8243; custom_margin=&#8221;||30px&#8221;][et_pb_column type=&#8221;4_4&#8243; _builder_version=&#8221;3.25&#8243; custom_padding=&#8221;|||&#8221; custom_padding__hover=&#8221;|||&#8221;][et_pb_text _builder_version=&#8221;3.27.4&#8243;]<\/p>\n<p class=\"subtitle\">Dzia\u0142amy od 9 lat<\/p>\n<h2>O nas<\/h2>\n<p>[\/et_pb_text][\/et_pb_column][\/et_pb_row][et_pb_row use_custom_gutter=&#8221;on&#8221; gutter_width=&#8221;3&#8243; _builder_version=&#8221;3.25&#8243; column_structure=&#8221;1_2,1_2&#8243;][et_pb_column type=&#8221;1_2&#8243; _builder_version=&#8221;3.25&#8243; custom_padding=&#8221;|||&#8221; custom_padding__hover=&#8221;|||&#8221;][et_pb_text _builder_version=&#8221;3.27.4&#8243; custom_padding=&#8221;||4px|||&#8221;]<\/p>\n<p><strong>Kim jeste\u015bmy?<\/strong><br \/> Automatic Laser Welder jest mark\u0105 firmy Automatic Letter Bender, europejskiego lidera w\u015br\u00f3d dostawc\u00f3w wysokiej klasy gi\u0119tarek do gi\u0119cia liter z profili metalowych. Spawarki laserowe stanowi\u0105ce uzupe\u0142nienie oferty ALB skierowanej do bran\u017cy reklamowej s\u0105 g\u0142\u00f3wnym produktem oferty Automatic Laser Welder.<\/p>\n<p>9 lat do\u015bwiadczenia zebranego w produkcji reklamy przestrzennej, liter 3D oraz rosn\u0105ce zainteresowanie przemys\u0142u mikro spawaniem laserowym utwierdzi\u0142y nas w przekonaniu, \u017ce spawarki laserowe ALW s\u0105 produktem dla szerokiego grona odbiorc\u00f3w.<\/p>\n<p>Automatic Laser Welder to wysokiej jako\u015bci lasery spawaj\u0105ce stal czarn\u0105, stal nierdzewn\u0105, aluminium, mied\u017a, mosi\u0105dz oraz szereg innych materia\u0142\u00f3w stosowanych w przemy\u015ble.<\/p>\n<p>[\/et_pb_text][\/et_pb_column][et_pb_column type=&#8221;1_2&#8243; _builder_version=&#8221;3.25&#8243; custom_padding=&#8221;|||&#8221; custom_padding__hover=&#8221;|||&#8221;][et_pb_image src=&#8221;https:\/\/laserwelder.net\/wp-content\/uploads\/2019\/11\/targi-65.jpg&#8221; align_tablet=&#8221;center&#8221; align_last_edited=&#8221;on|desktop&#8221; _builder_version=&#8221;3.23&#8243;][\/et_pb_image][\/et_pb_column][\/et_pb_row][et_pb_row _builder_version=&#8221;3.25&#8243;][et_pb_column type=&#8221;4_4&#8243; _builder_version=&#8221;3.25&#8243; custom_padding=&#8221;|||&#8221; custom_padding__hover=&#8221;|||&#8221;][et_pb_text _builder_version=&#8221;3.27.4&#8243;]<\/p>\n<p>Spawarki laserowe sprawdz\u0105 si\u0119 w zaawansowanych projektach wymagaj\u0105cych estetycznych po\u0142\u0105cze\u0144 w skomplikowanych miejscach. Bardzo cienka wi\u0105zka lasera w po\u0142\u0105czenia z jego 500W moc\u0105 daj\u0105 szereg mo\u017cliwo\u015bci poczynaj\u0105c od spawania doczo\u0142owego bardzo cienkich blach przez napawanie laserem po spawanie powierzchniowe grubych arkuszy.<\/p>\n<p><strong>Co robimy?<\/strong><br \/> Dostarczamy unikaln\u0105 i bezpieczn\u0105 technologi\u0119 laser\u00f3w spawaj\u0105cych, kt\u00f3re konkuruj\u0105 swymi cechami z tradycyjnymi metodami spawania MIG\/MAG\/TIG.<br \/> Unikalne rozwi\u0105zania dost\u0119pne w spawarkach laserowych ALW zape\u0142niaj\u0105 rynkow\u0105 luk\u0119 powsta\u0142\u0105 w miejscu gdzie wymagane s\u0105 solidne po\u0142\u0105czenia bardzo ma\u0142ych detali wykonanych z aluminium, stali, miedzi, mosi\u0105dzu \u2013 r\u00f3\u017cnego stopu i klasy. Na pro\u015bb\u0119 klienta jeste\u015bmy w stanie podda\u0107 pr\u00f3bom spawania laserowego ka\u017cdy materia\u0142 otrzymany do test\u00f3w.<\/p>\n<p><strong>Dlaczego ALW?<\/strong><br \/> Niezale\u017cnie od tego czy spawarka laserowa b\u0119dzie wykorzystywana do prototypowania czy do produkcji seryjnej &#8211; r\u0119czna spawarka laserowa ALW umo\u017cliwi wykonanie w dowolnej p\u0142aszczy\u017anie wszelkiego typu i kszta\u0142tu po\u0142\u0105cze\u0144 bez u\u017cycia dodatkowego spoiwa.<\/p>\n<p>Cykl spawania laserowego jest metod\u0105 wysokowydajn\u0105 w procesach produkcji wieloseryjnej, zrobotyzowanej, a w szczeg\u00f3lno\u015bci przy \u0142\u0105czeniu niewielkich, cienko\u015bciennych, skomplikowanych element\u00f3w, przez co podniesiona zostanie efektywno\u015b\u0107 proces\u00f3w produkcyjnych.<\/p>\n<p>Od 2019 roku jeste\u015bmy dumnym cz\u0142onkiem Klastra Obr\u00f3bki Metali\u00a0(KOM) &#8211; inicjatywy Centrum Promocji Innowacji i Rozwoju, kt\u00f3ra zrzesza ponad 80 przedsi\u0119biorstw dzia\u0142aj\u0105cych w bran\u017cy metalowej w zakresie us\u0142ug, produkcji i handlu, a tak\u017ce 20 partner\u00f3w strategicznych: uczelnie, instytucje otoczenia biznesu oraz w\u0142adze samorz\u0105dowe. W\u015br\u00f3d cz\u0142onk\u00f3w klastra s\u0105 krajowi i \u015bwiatowi liderzy tej bran\u017cy, o du\u017cym potencjale innowacyjnym rozwoju.<\/p>\n<p>[\/et_pb_text][\/et_pb_column][\/et_pb_row][\/et_pb_section][et_pb_section fb_built=&#8221;1&#8243; fullwidth=&#8221;on&#8221; _builder_version=&#8221;3.22.5&#8243;][\/et_pb_section]<\/p>\n","protected":false},"excerpt":{"rendered":"<p>Dzia\u0142amy od 9 lat O nasKim jeste\u015bmy? Automatic Laser Welder jest mark\u0105 firmy Automatic Letter Bender, europejskiego lidera w\u015br\u00f3d dostawc\u00f3w wysokiej klasy gi\u0119tarek do gi\u0119cia liter z profili metalowych. Spawarki laserowe stanowi\u0105ce uzupe\u0142nienie oferty ALB skierowanej do bran\u017cy reklamowej s\u0105 g\u0142\u00f3wnym produktem oferty Automatic Laser Welder. 9 lat do\u015bwiadczenia zebranego w produkcji reklamy przestrzennej, liter [&hellip;]<\/p>\n","protected":false},"author":4,"featured_media":0,"parent":0,"menu_order":0,"comment_status":"closed","ping_status":"closed","template":"","meta":{"_et_pb_use_builder":"on","_et_pb_old_content":"","_et_gb_content_width":"","inline_featured_image":false,"_uf_show_specific_survey":0,"_uf_disable_surveys":false,"footnotes":""},"class_list":["post-359","page","type-page","status-publish","hentry"],"yoast_head":"<!-- This site is optimized with the Yoast SEO plugin v26.8 - https:\/\/yoast.com\/product\/yoast-seo-wordpress\/ -->\n<title>- Spawarki laserowe - O nas<\/title>\n<meta name=\"description\" content=\"Automatic Laser Welder to wysokiej jako\u015bci lasery spawaj\u0105ce stal czarn\u0105, stal nierdzewn\u0105, aluminium, mied\u017a, mosi\u0105dz oraz szereg innych materia\u0142\u00f3w stosowanych w przemy\u015ble.\" \/>\n<meta name=\"robots\" content=\"index, follow, max-snippet:-1, max-image-preview:large, max-video-preview:-1\" \/>\n<link rel=\"canonical\" href=\"https:\/\/laserwelder.net\/o-nas\/?lang=en\" \/>\n<meta property=\"og:locale\" content=\"en_US\" \/>\n<meta property=\"og:type\" content=\"article\" \/>\n<meta property=\"og:title\" content=\"- Spawarki laserowe - O nas\" \/>\n<meta property=\"og:description\" content=\"Automatic Laser Welder to wysokiej jako\u015bci lasery spawaj\u0105ce stal czarn\u0105, stal nierdzewn\u0105, aluminium, mied\u017a, mosi\u0105dz oraz szereg innych materia\u0142\u00f3w stosowanych w przemy\u015ble.\" \/>\n<meta property=\"og:url\" content=\"https:\/\/laserwelder.net\/o-nas\/?lang=en\" \/>\n<meta property=\"article:modified_time\" content=\"2021-05-20T06:32:44+00:00\" \/>\n<meta name=\"twitter:card\" content=\"summary_large_image\" \/>\n<meta name=\"twitter:label1\" content=\"Est. reading time\" \/>\n\t<meta name=\"twitter:data1\" content=\"3 minutes\" \/>\n<script type=\"application\/ld+json\" class=\"yoast-schema-graph\">{\"@context\":\"https:\/\/schema.org\",\"@graph\":[{\"@type\":\"WebPage\",\"@id\":\"https:\/\/laserwelder.net\/o-nas\/?lang=en\",\"url\":\"https:\/\/laserwelder.net\/o-nas\/?lang=en\",\"name\":\"- Spawarki laserowe - O nas\",\"isPartOf\":{\"@id\":\"https:\/\/laserwelder.net\/#website\"},\"datePublished\":\"2019-08-09T10:07:38+00:00\",\"dateModified\":\"2021-05-20T06:32:44+00:00\",\"description\":\"Automatic Laser Welder to wysokiej jako\u015bci lasery spawaj\u0105ce stal czarn\u0105, stal nierdzewn\u0105, aluminium, mied\u017a, mosi\u0105dz oraz szereg innych materia\u0142\u00f3w stosowanych w przemy\u015ble.\",\"breadcrumb\":{\"@id\":\"https:\/\/laserwelder.net\/o-nas\/?lang=en#breadcrumb\"},\"inLanguage\":\"en-US\",\"potentialAction\":[{\"@type\":\"ReadAction\",\"target\":[\"https:\/\/laserwelder.net\/o-nas\/?lang=en\"]}]},{\"@type\":\"BreadcrumbList\",\"@id\":\"https:\/\/laserwelder.net\/o-nas\/?lang=en#breadcrumb\",\"itemListElement\":[{\"@type\":\"ListItem\",\"position\":1,\"name\":\"Strona g\u0142\u00f3wna\",\"item\":\"https:\/\/laserwelder.net\/en\/\"},{\"@type\":\"ListItem\",\"position\":2,\"name\":\"O nas\"}]},{\"@type\":\"WebSite\",\"@id\":\"https:\/\/laserwelder.net\/#website\",\"url\":\"https:\/\/laserwelder.net\/\",\"name\":\"\",\"description\":\"\",\"potentialAction\":[{\"@type\":\"SearchAction\",\"target\":{\"@type\":\"EntryPoint\",\"urlTemplate\":\"https:\/\/laserwelder.net\/?s={search_term_string}\"},\"query-input\":{\"@type\":\"PropertyValueSpecification\",\"valueRequired\":true,\"valueName\":\"search_term_string\"}}],\"inLanguage\":\"en-US\"}]}<\/script>\n<!-- \/ Yoast SEO plugin. -->","yoast_head_json":{"title":"- Spawarki laserowe - O nas","description":"Automatic Laser Welder to wysokiej jako\u015bci lasery spawaj\u0105ce stal czarn\u0105, stal nierdzewn\u0105, aluminium, mied\u017a, mosi\u0105dz oraz szereg innych materia\u0142\u00f3w stosowanych w przemy\u015ble.","robots":{"index":"index","follow":"follow","max-snippet":"max-snippet:-1","max-image-preview":"max-image-preview:large","max-video-preview":"max-video-preview:-1"},"canonical":"https:\/\/laserwelder.net\/o-nas\/?lang=en","og_locale":"en_US","og_type":"article","og_title":"- Spawarki laserowe - O nas","og_description":"Automatic Laser Welder to wysokiej jako\u015bci lasery spawaj\u0105ce stal czarn\u0105, stal nierdzewn\u0105, aluminium, mied\u017a, mosi\u0105dz oraz szereg innych materia\u0142\u00f3w stosowanych w przemy\u015ble.","og_url":"https:\/\/laserwelder.net\/o-nas\/?lang=en","article_modified_time":"2021-05-20T06:32:44+00:00","twitter_card":"summary_large_image","twitter_misc":{"Est. reading time":"3 minutes"},"schema":{"@context":"https:\/\/schema.org","@graph":[{"@type":"WebPage","@id":"https:\/\/laserwelder.net\/o-nas\/?lang=en","url":"https:\/\/laserwelder.net\/o-nas\/?lang=en","name":"- Spawarki laserowe - O nas","isPartOf":{"@id":"https:\/\/laserwelder.net\/#website"},"datePublished":"2019-08-09T10:07:38+00:00","dateModified":"2021-05-20T06:32:44+00:00","description":"Automatic Laser Welder to wysokiej jako\u015bci lasery spawaj\u0105ce stal czarn\u0105, stal nierdzewn\u0105, aluminium, mied\u017a, mosi\u0105dz oraz szereg innych materia\u0142\u00f3w stosowanych w przemy\u015ble.","breadcrumb":{"@id":"https:\/\/laserwelder.net\/o-nas\/?lang=en#breadcrumb"},"inLanguage":"en-US","potentialAction":[{"@type":"ReadAction","target":["https:\/\/laserwelder.net\/o-nas\/?lang=en"]}]},{"@type":"BreadcrumbList","@id":"https:\/\/laserwelder.net\/o-nas\/?lang=en#breadcrumb","itemListElement":[{"@type":"ListItem","position":1,"name":"Strona g\u0142\u00f3wna","item":"https:\/\/laserwelder.net\/en\/"},{"@type":"ListItem","position":2,"name":"O nas"}]},{"@type":"WebSite","@id":"https:\/\/laserwelder.net\/#website","url":"https:\/\/laserwelder.net\/","name":"","description":"","potentialAction":[{"@type":"SearchAction","target":{"@type":"EntryPoint","urlTemplate":"https:\/\/laserwelder.net\/?s={search_term_string}"},"query-input":{"@type":"PropertyValueSpecification","valueRequired":true,"valueName":"search_term_string"}}],"inLanguage":"en-US"}]}},"_links":{"self":[{"href":"https:\/\/laserwelder.net\/en\/wp-json\/wp\/v2\/pages\/359","targetHints":{"allow":["GET"]}}],"collection":[{"href":"https:\/\/laserwelder.net\/en\/wp-json\/wp\/v2\/pages"}],"about":[{"href":"https:\/\/laserwelder.net\/en\/wp-json\/wp\/v2\/types\/page"}],"author":[{"embeddable":true,"href":"https:\/\/laserwelder.net\/en\/wp-json\/wp\/v2\/users\/4"}],"replies":[{"embeddable":true,"href":"https:\/\/laserwelder.net\/en\/wp-json\/wp\/v2\/comments?post=359"}],"version-history":[{"count":12,"href":"https:\/\/laserwelder.net\/en\/wp-json\/wp\/v2\/pages\/359\/revisions"}],"predecessor-version":[{"id":1677,"href":"https:\/\/laserwelder.net\/en\/wp-json\/wp\/v2\/pages\/359\/revisions\/1677"}],"wp:attachment":[{"href":"https:\/\/laserwelder.net\/en\/wp-json\/wp\/v2\/media?parent=359"}],"curies":[{"name":"wp","href":"https:\/\/api.w.org\/{rel}","templated":true}]}}