{"id":473,"date":"2019-08-09T10:08:18","date_gmt":"2019-08-09T10:08:18","guid":{"rendered":"https:\/\/laserwelder.net\/gwarancja-serwisowa\/"},"modified":"2023-07-21T12:00:02","modified_gmt":"2023-07-21T12:00:02","slug":"gwarancja-serwisowa","status":"publish","type":"page","link":"https:\/\/laserwelder.net\/en\/gwarancja-serwisowa\/","title":{"rendered":"Gwarancja serwisowa"},"content":{"rendered":"<p>[et_pb_section fb_built=&#8221;1&#8243; _builder_version=&#8221;4.16&#8243; custom_margin=&#8221;||80px|||&#8221; custom_padding=&#8221;80px|||||&#8221; global_colors_info=&#8221;{}&#8221;][et_pb_row admin_label=&#8221;Row&#8221; _builder_version=&#8221;4.16&#8243; custom_margin=&#8221;||30px&#8221; global_colors_info=&#8221;{}&#8221;][et_pb_column type=&#8221;4_4&#8243; _builder_version=&#8221;4.16&#8243; custom_padding=&#8221;|||&#8221; global_colors_info=&#8221;{}&#8221; custom_padding__hover=&#8221;|||&#8221;][et_pb_text admin_label=&#8221;Text&#8221; _builder_version=&#8221;4.16&#8243; global_colors_info=&#8221;{}&#8221;]<\/p>\n<p class=\"subtitle\">\n<blockquote>\n<h2><span>Warranty Service<\/span><\/h2>\n<\/blockquote>\n<p>[\/et_pb_text][\/et_pb_column][\/et_pb_row][et_pb_row column_structure=&#8221;1_2,1_2&#8243; use_custom_gutter=&#8221;on&#8221; gutter_width=&#8221;3&#8243; _builder_version=&#8221;4.16&#8243; hover_enabled=&#8221;0&#8243; global_colors_info=&#8221;{}&#8221; sticky_enabled=&#8221;0&#8243;][et_pb_column type=&#8221;1_2&#8243; _builder_version=&#8221;4.16&#8243; custom_padding=&#8221;|||&#8221; global_colors_info=&#8221;{}&#8221; custom_padding__hover=&#8221;|||&#8221;][et_pb_text _builder_version=&#8221;4.21.0&#8243; hover_enabled=&#8221;0&#8243; global_colors_info=&#8221;{}&#8221; sticky_enabled=&#8221;0&#8243;]<\/p>\n<div class=\"group w-full text-gray-800 dark:text-gray-100 border-b border-black\/10 dark:border-gray-900\/50 bg-gray-50 dark:bg-[#444654] sm:AIPRM__conversation__response\">\n<div class=\"flex p-4 gap-4 text-base md:gap-6 md:max-w-2xl lg:max-w-[38rem] xl:max-w-3xl md:py-6 lg:px-0 m-auto\">\n<div class=\"relative flex w-[calc(100%-50px)] flex-col gap-1 md:gap-3 lg:w-[calc(100%-115px)]\">\n<div class=\"flex flex-grow flex-col gap-3\">\n<div class=\"min-h-[20px] flex items-start overflow-x-auto whitespace-pre-wrap break-words flex-col gap-4\">\n<div class=\"markdown prose w-full break-words dark:prose-invert light AIPRM__conversation__response\">\n<p>The first step in cooperating with the client is to assist them in choosing a laser welder tailored to their needs. Among the diverse ALW offerings, we provide advice on the best solutions, considering the materials and the client&#8217;s intended use for the laser welder. During initial discussions, we support the process by conducting tests on material samples provided by the client, evaluating the results, and selecting the technology that best suits their individual requirements. If possible, we invite the client to our headquarters in Bia\u0142ystok, where we showcase the operation of laser welders while conducting material tests. After selecting the appropriate machine, our technician prepares the equipment for the specific recipient. On average, within two months from the order, the machine is ready for shipment.<\/p>\n<\/div>\n<\/div>\n<\/div>\n<div class=\"flex justify-between lg:block\">\n<div class=\"text-gray-400 flex self-end lg:self-center justify-center mt-2 gap-2 md:gap-3 lg:gap-1 lg:absolute lg:top-0 lg:translate-x-full lg:right-0 lg:mt-0 lg:pl-2 visible\">\n<div class=\"flex gap-1\"><\/div>\n<\/div>\n<\/div>\n<\/div>\n<\/div>\n<\/div>\n<p>[\/et_pb_text][et_pb_button button_url=&#8221;https:\/\/alb.proofhub.com\/link\/form?token=ec9e877b45cd0da0883f04cbb59c2b6d79263c52&#8243; url_new_window=&#8221;on&#8221; button_text=&#8221;Service Request&#8221; button_alignment=&#8221;center&#8221; module_class=&#8221;button&#8221; _builder_version=&#8221;4.21.0&#8243; _module_preset=&#8221;default&#8221; hover_enabled=&#8221;0&#8243; custom_css_main_element=&#8221;margin-top: 2rem&#8221; global_colors_info=&#8221;{}&#8221; sticky_enabled=&#8221;0&#8243;][\/et_pb_button][\/et_pb_column][et_pb_column type=&#8221;1_2&#8243; _builder_version=&#8221;4.16&#8243; custom_padding=&#8221;|||&#8221; global_colors_info=&#8221;{}&#8221; custom_padding__hover=&#8221;|||&#8221;][et_pb_image src=&#8221;https:\/\/laserwelder.net\/wp-content\/uploads\/2019\/11\/laser-fiber-3.png&#8221; align_tablet=&#8221;center&#8221; align_phone=&#8221;&#8221; align_last_edited=&#8221;on|desktop&#8221; _builder_version=&#8221;4.16&#8243; global_colors_info=&#8221;{}&#8221;][\/et_pb_image][\/et_pb_column][\/et_pb_row][et_pb_row _builder_version=&#8221;4.16&#8243; global_colors_info=&#8221;{}&#8221;][et_pb_column type=&#8221;4_4&#8243; _builder_version=&#8221;4.16&#8243; custom_padding=&#8221;|||&#8221; global_colors_info=&#8221;{}&#8221; custom_padding__hover=&#8221;|||&#8221;][et_pb_text _builder_version=&#8221;4.16&#8243; global_colors_info=&#8221;{}&#8221;]<\/p>\n<p>&nbsp;<\/p>\n<p><span style=\"font-size: large;\">We install and provide training<\/span><\/p>\n<div class=\"group w-full text-gray-800 dark:text-gray-100 border-b border-black\/10 dark:border-gray-900\/50 bg-gray-50 dark:bg-[#444654] sm:AIPRM__conversation__response\">\n<div class=\"flex p-4 gap-4 text-base md:gap-6 md:max-w-2xl lg:max-w-[38rem] xl:max-w-3xl md:py-6 lg:px-0 m-auto\">\n<div class=\"relative flex w-[calc(100%-50px)] flex-col gap-1 md:gap-3 lg:w-[calc(100%-115px)]\">\n<div class=\"flex flex-grow flex-col gap-3\">\n<div class=\"min-h-[20px] flex items-start overflow-x-auto whitespace-pre-wrap break-words flex-col gap-4\">\n<div class=\"markdown prose w-full break-words dark:prose-invert light AIPRM__conversation__response\">The next step is to schedule the installation of the laser welding machine with the help of specialized technicians from Automatic Laser Welder. The installation and initial setup of the purchased machine are carried out at the customer&#8217;s premises. We conduct installations worldwide, with frequent installations in Europe, Asia, and Africa. The price of the welders includes transportation within Europe directly to the customer&#8217;s location, and for overseas shipping, to the port nearest to the customer&#8217;s company. We also provide expert training, which typically lasts up to 3 days. The training covers software operation, machine handling, maintenance, and the functioning of the purchased equipment.<\/p>\n<h2><span style=\"font-size: 14px; color: #666666;\"><\/span><\/h2>\n<h2><span style=\"font-size: large; color: #666666;\">Warranty and Post-Warranty Service<\/span><\/h2>\n<\/div>\n<\/div>\n<\/div>\n<\/div>\n<\/div>\n<\/div>\n<p>Automatic Laser Welder machines are covered by a warranty, but even after that period, you can still count on our support. Our top priority is to respond promptly to the customer&#8217;s needs. In case of any requirement, we can be at the customer&#8217;s location within a few days in Europe, with all the necessary spare parts available directly from our warehouse. We also provide remote support through teleconferences, offering technical advice at pre-arranged convenient times.<\/p>\n<p>We gladly share our extensive experience with machine usage and are dedicated to solving any issues, even in unconventional situations. Our team is committed to assisting you throughout the entire lifespan of your laser welding machine, ensuring its optimal performance and your continued success. You can rely on us as a reliable partner and trust in our expertise and responsiveness to meet all your needs.<\/p>\n<p>[\/et_pb_text][et_pb_button button_url=&#8221;https:\/\/alb.proofhub.com\/link\/form?token=ec9e877b45cd0da0883f04cbb59c2b6d79263c52&#8243; url_new_window=&#8221;on&#8221; button_text=&#8221;Service Request&#8221; button_alignment=&#8221;center&#8221; module_class=&#8221;button&#8221; _builder_version=&#8221;4.21.0&#8243; _module_preset=&#8221;default&#8221; hover_enabled=&#8221;0&#8243; custom_css_main_element=&#8221;margin-top: 2rem&#8221; global_colors_info=&#8221;{}&#8221; sticky_enabled=&#8221;0&#8243;][\/et_pb_button][\/et_pb_column][\/et_pb_row][\/et_pb_section]<\/p>\n","protected":false},"excerpt":{"rendered":"<p>Warranty Service The first step in cooperating with the client is to assist them in choosing a laser welder tailored to their needs. Among the diverse ALW offerings, we provide advice on the best solutions, considering the materials and the client&#8217;s intended use for the laser welder. During initial discussions, we support the process by [&hellip;]<\/p>\n","protected":false},"author":4,"featured_media":0,"parent":0,"menu_order":0,"comment_status":"closed","ping_status":"closed","template":"","meta":{"_et_pb_use_builder":"on","_et_pb_old_content":"<!-- wp:divi\/placeholder \/-->","_et_gb_content_width":"","inline_featured_image":false,"_uf_show_specific_survey":0,"_uf_disable_surveys":false,"footnotes":""},"class_list":["post-473","page","type-page","status-publish","hentry"],"yoast_head":"<!-- This site is optimized with the Yoast SEO plugin v26.8 - https:\/\/yoast.com\/product\/yoast-seo-wordpress\/ -->\n<title>- Spawarki laserowe - Gwarancja serwisowa<\/title>\n<meta name=\"description\" content=\"Gwarantujemy wsparcie zespo\u0142u serwisant\u00f3w, zar\u00f3wno poprzez wsparcie telefoniczne i online. Gdy problem nie jest mo\u017cliwy do rozwi\u0105zania zdalnie, bezp\u0142atnie wypo\u017cyczamy laser zast\u0119pczy na czas naprawy, w okresie trwania gwarancji. Zapewniamy r\u00f3wnie\u017c pe\u0142ny serwis i pomoc pogwarancyjn\u0105.\" \/>\n<meta name=\"robots\" content=\"index, follow, max-snippet:-1, max-image-preview:large, max-video-preview:-1\" \/>\n<link rel=\"canonical\" href=\"https:\/\/laserwelder.net\/en\/gwarancja-serwisowa\/\" \/>\n<meta property=\"og:locale\" content=\"en_US\" \/>\n<meta property=\"og:type\" content=\"article\" \/>\n<meta property=\"og:title\" content=\"- Spawarki laserowe - Gwarancja serwisowa\" \/>\n<meta property=\"og:description\" content=\"Gwarantujemy wsparcie zespo\u0142u serwisant\u00f3w, zar\u00f3wno poprzez wsparcie telefoniczne i online. Gdy problem nie jest mo\u017cliwy do rozwi\u0105zania zdalnie, bezp\u0142atnie wypo\u017cyczamy laser zast\u0119pczy na czas naprawy, w okresie trwania gwarancji. Zapewniamy r\u00f3wnie\u017c pe\u0142ny serwis i pomoc pogwarancyjn\u0105.\" \/>\n<meta property=\"og:url\" content=\"https:\/\/laserwelder.net\/en\/gwarancja-serwisowa\/\" \/>\n<meta property=\"article:modified_time\" content=\"2023-07-21T12:00:02+00:00\" \/>\n<meta name=\"twitter:card\" content=\"summary_large_image\" \/>\n<meta name=\"twitter:label1\" content=\"Est. reading time\" \/>\n\t<meta name=\"twitter:data1\" content=\"4 minutes\" \/>\n<script type=\"application\/ld+json\" class=\"yoast-schema-graph\">{\"@context\":\"https:\/\/schema.org\",\"@graph\":[{\"@type\":\"WebPage\",\"@id\":\"https:\/\/laserwelder.net\/en\/gwarancja-serwisowa\/\",\"url\":\"https:\/\/laserwelder.net\/en\/gwarancja-serwisowa\/\",\"name\":\"- Spawarki laserowe - Gwarancja serwisowa\",\"isPartOf\":{\"@id\":\"https:\/\/laserwelder.net\/#website\"},\"datePublished\":\"2019-08-09T10:08:18+00:00\",\"dateModified\":\"2023-07-21T12:00:02+00:00\",\"description\":\"Gwarantujemy wsparcie zespo\u0142u serwisant\u00f3w, zar\u00f3wno poprzez wsparcie telefoniczne i online. Gdy problem nie jest mo\u017cliwy do rozwi\u0105zania zdalnie, bezp\u0142atnie wypo\u017cyczamy laser zast\u0119pczy na czas naprawy, w okresie trwania gwarancji. Zapewniamy r\u00f3wnie\u017c pe\u0142ny serwis i pomoc pogwarancyjn\u0105.\",\"breadcrumb\":{\"@id\":\"https:\/\/laserwelder.net\/en\/gwarancja-serwisowa\/#breadcrumb\"},\"inLanguage\":\"en-US\",\"potentialAction\":[{\"@type\":\"ReadAction\",\"target\":[\"https:\/\/laserwelder.net\/en\/gwarancja-serwisowa\/\"]}]},{\"@type\":\"BreadcrumbList\",\"@id\":\"https:\/\/laserwelder.net\/en\/gwarancja-serwisowa\/#breadcrumb\",\"itemListElement\":[{\"@type\":\"ListItem\",\"position\":1,\"name\":\"Strona g\u0142\u00f3wna\",\"item\":\"https:\/\/laserwelder.net\/en\/\"},{\"@type\":\"ListItem\",\"position\":2,\"name\":\"Gwarancja serwisowa\"}]},{\"@type\":\"WebSite\",\"@id\":\"https:\/\/laserwelder.net\/#website\",\"url\":\"https:\/\/laserwelder.net\/\",\"name\":\"\",\"description\":\"\",\"potentialAction\":[{\"@type\":\"SearchAction\",\"target\":{\"@type\":\"EntryPoint\",\"urlTemplate\":\"https:\/\/laserwelder.net\/?s={search_term_string}\"},\"query-input\":{\"@type\":\"PropertyValueSpecification\",\"valueRequired\":true,\"valueName\":\"search_term_string\"}}],\"inLanguage\":\"en-US\"}]}<\/script>\n<!-- \/ Yoast SEO plugin. -->","yoast_head_json":{"title":"- Spawarki laserowe - Gwarancja serwisowa","description":"Gwarantujemy wsparcie zespo\u0142u serwisant\u00f3w, zar\u00f3wno poprzez wsparcie telefoniczne i online. Gdy problem nie jest mo\u017cliwy do rozwi\u0105zania zdalnie, bezp\u0142atnie wypo\u017cyczamy laser zast\u0119pczy na czas naprawy, w okresie trwania gwarancji. Zapewniamy r\u00f3wnie\u017c pe\u0142ny serwis i pomoc pogwarancyjn\u0105.","robots":{"index":"index","follow":"follow","max-snippet":"max-snippet:-1","max-image-preview":"max-image-preview:large","max-video-preview":"max-video-preview:-1"},"canonical":"https:\/\/laserwelder.net\/en\/gwarancja-serwisowa\/","og_locale":"en_US","og_type":"article","og_title":"- Spawarki laserowe - Gwarancja serwisowa","og_description":"Gwarantujemy wsparcie zespo\u0142u serwisant\u00f3w, zar\u00f3wno poprzez wsparcie telefoniczne i online. Gdy problem nie jest mo\u017cliwy do rozwi\u0105zania zdalnie, bezp\u0142atnie wypo\u017cyczamy laser zast\u0119pczy na czas naprawy, w okresie trwania gwarancji. Zapewniamy r\u00f3wnie\u017c pe\u0142ny serwis i pomoc pogwarancyjn\u0105.","og_url":"https:\/\/laserwelder.net\/en\/gwarancja-serwisowa\/","article_modified_time":"2023-07-21T12:00:02+00:00","twitter_card":"summary_large_image","twitter_misc":{"Est. reading time":"4 minutes"},"schema":{"@context":"https:\/\/schema.org","@graph":[{"@type":"WebPage","@id":"https:\/\/laserwelder.net\/en\/gwarancja-serwisowa\/","url":"https:\/\/laserwelder.net\/en\/gwarancja-serwisowa\/","name":"- Spawarki laserowe - Gwarancja serwisowa","isPartOf":{"@id":"https:\/\/laserwelder.net\/#website"},"datePublished":"2019-08-09T10:08:18+00:00","dateModified":"2023-07-21T12:00:02+00:00","description":"Gwarantujemy wsparcie zespo\u0142u serwisant\u00f3w, zar\u00f3wno poprzez wsparcie telefoniczne i online. Gdy problem nie jest mo\u017cliwy do rozwi\u0105zania zdalnie, bezp\u0142atnie wypo\u017cyczamy laser zast\u0119pczy na czas naprawy, w okresie trwania gwarancji. Zapewniamy r\u00f3wnie\u017c pe\u0142ny serwis i pomoc pogwarancyjn\u0105.","breadcrumb":{"@id":"https:\/\/laserwelder.net\/en\/gwarancja-serwisowa\/#breadcrumb"},"inLanguage":"en-US","potentialAction":[{"@type":"ReadAction","target":["https:\/\/laserwelder.net\/en\/gwarancja-serwisowa\/"]}]},{"@type":"BreadcrumbList","@id":"https:\/\/laserwelder.net\/en\/gwarancja-serwisowa\/#breadcrumb","itemListElement":[{"@type":"ListItem","position":1,"name":"Strona g\u0142\u00f3wna","item":"https:\/\/laserwelder.net\/en\/"},{"@type":"ListItem","position":2,"name":"Gwarancja serwisowa"}]},{"@type":"WebSite","@id":"https:\/\/laserwelder.net\/#website","url":"https:\/\/laserwelder.net\/","name":"","description":"","potentialAction":[{"@type":"SearchAction","target":{"@type":"EntryPoint","urlTemplate":"https:\/\/laserwelder.net\/?s={search_term_string}"},"query-input":{"@type":"PropertyValueSpecification","valueRequired":true,"valueName":"search_term_string"}}],"inLanguage":"en-US"}]}},"_links":{"self":[{"href":"https:\/\/laserwelder.net\/en\/wp-json\/wp\/v2\/pages\/473","targetHints":{"allow":["GET"]}}],"collection":[{"href":"https:\/\/laserwelder.net\/en\/wp-json\/wp\/v2\/pages"}],"about":[{"href":"https:\/\/laserwelder.net\/en\/wp-json\/wp\/v2\/types\/page"}],"author":[{"embeddable":true,"href":"https:\/\/laserwelder.net\/en\/wp-json\/wp\/v2\/users\/4"}],"replies":[{"embeddable":true,"href":"https:\/\/laserwelder.net\/en\/wp-json\/wp\/v2\/comments?post=473"}],"version-history":[{"count":18,"href":"https:\/\/laserwelder.net\/en\/wp-json\/wp\/v2\/pages\/473\/revisions"}],"predecessor-version":[{"id":3699,"href":"https:\/\/laserwelder.net\/en\/wp-json\/wp\/v2\/pages\/473\/revisions\/3699"}],"wp:attachment":[{"href":"https:\/\/laserwelder.net\/en\/wp-json\/wp\/v2\/media?parent=473"}],"curies":[{"name":"wp","href":"https:\/\/api.w.org\/{rel}","templated":true}]}}