{"id":2511,"date":"2023-06-27T12:19:42","date_gmt":"2023-06-27T12:19:42","guid":{"rendered":"https:\/\/laserwelder.net\/?page_id=2511"},"modified":"2023-06-27T12:26:28","modified_gmt":"2023-06-27T12:26:28","slug":"spawarki-laserowe-automatic-laser-welder","status":"publish","type":"page","link":"https:\/\/laserwelder.net\/es\/spawarki-laserowe-automatic-laser-welder\/","title":{"rendered":"Spawarki laserowe automatic laser welder"},"content":{"rendered":"\t\t<div data-elementor-type=\"wp-page\" data-elementor-id=\"2511\" class=\"elementor elementor-2511\" data-elementor-post-type=\"page\">\n\t\t\t\t\t\t<section class=\"elementor-section elementor-top-section elementor-element elementor-element-4df34d39 elementor-section-content-middle elementor-section-full_width elementor-reverse-mobile elementor-reverse-tablet elementor-section-height-default elementor-section-height-default\" data-id=\"4df34d39\" data-element_type=\"section\" data-settings=\"{&quot;background_background&quot;:&quot;classic&quot;}\">\n\t\t\t\t\t\t<div class=\"elementor-container elementor-column-gap-no\">\n\t\t\t\t\t<div class=\"elementor-column elementor-col-50 elementor-top-column elementor-element elementor-element-4146d967\" data-id=\"4146d967\" data-element_type=\"column\">\n\t\t\t<div class=\"elementor-widget-wrap elementor-element-populated\">\n\t\t\t\t\t\t<div class=\"elementor-element elementor-element-3773ff25 elementor-widget elementor-widget-image\" data-id=\"3773ff25\" data-element_type=\"widget\" data-widget_type=\"image.default\">\n\t\t\t\t<div class=\"elementor-widget-container\">\n\t\t\t\t\t\t\t\t\t\t\t\t\t\t\t<img fetchpriority=\"high\" fetchpriority=\"high\" decoding=\"async\" width=\"1024\" height=\"1024\" src=\"https:\/\/laserwelder.net\/wp-content\/uploads\/2023\/06\/Post-na-Instagram-1080x1080-px-1-1024x1024.jpeg\" class=\"attachment-large size-large wp-image-2484\" alt=\"\" srcset=\"https:\/\/laserwelder.net\/wp-content\/uploads\/2023\/06\/Post-na-Instagram-1080x1080-px-1-980x980.jpeg 980w, https:\/\/laserwelder.net\/wp-content\/uploads\/2023\/06\/Post-na-Instagram-1080x1080-px-1-480x480.jpeg 480w\" sizes=\"(min-width: 0px) and (max-width: 480px) 480px, (min-width: 481px) and (max-width: 980px) 980px, (min-width: 981px) 1024px, 100vw\" \/>\t\t\t\t\t\t\t\t\t\t\t\t\t\t\t<\/div>\n\t\t\t\t<\/div>\n\t\t\t\t\t<\/div>\n\t\t<\/div>\n\t\t\t\t<div class=\"elementor-column elementor-col-50 elementor-top-column elementor-element elementor-element-7a05860d\" data-id=\"7a05860d\" data-element_type=\"column\">\n\t\t\t<div class=\"elementor-widget-wrap elementor-element-populated\">\n\t\t\t\t\t\t<div class=\"elementor-element elementor-element-11ad0abb elementor-widget elementor-widget-heading\" data-id=\"11ad0abb\" data-element_type=\"widget\" data-widget_type=\"heading.default\">\n\t\t\t\t<div class=\"elementor-widget-container\">\n\t\t\t\t\t<h1 class=\"elementor-heading-title elementor-size-default\">Automatic Laser Welder<\/h1>\t\t\t\t<\/div>\n\t\t\t\t<\/div>\n\t\t\t\t<div class=\"elementor-element elementor-element-6e65f645 elementor-widget elementor-widget-text-editor\" data-id=\"6e65f645\" data-element_type=\"widget\" data-widget_type=\"text-editor.default\">\n\t\t\t\t<div class=\"elementor-widget-container\">\n\t\t\t\t\t\t\t\t\t<p>po\u0142\u0105czenie zaawansowanej technologii z prostot\u0105 u\u017cytkowania<\/p>\t\t\t\t\t\t\t\t<\/div>\n\t\t\t\t<\/div>\n\t\t\t\t<div class=\"elementor-element elementor-element-7ec3446a elementor-widget elementor-widget-text-editor\" data-id=\"7ec3446a\" data-element_type=\"widget\" data-widget_type=\"text-editor.default\">\n\t\t\t\t<div class=\"elementor-widget-container\">\n\t\t\t\t\t\t\t\t\t<p>Spawarki laserowe Automatic Laser Welder to wyj\u0105tkowe urz\u0105dzenia, kt\u00f3re \u0142\u0105cz\u0105 w sobie zaawansowane technologie z niezwyk\u0142\u0105 prostot\u0105 u\u017cytkowania. Dzi\u0119ki intuicyjnemu interfejsowi i przejrzystym instrukcjom, nawet osoby nieznajome z technologi\u0105 laserow\u0105 mog\u0105 szybko opanowa\u0107 podstawy pracy z naszymi urz\u0105dzeniami.<\/p>\t\t\t\t\t\t\t\t<\/div>\n\t\t\t\t<\/div>\n\t\t\t\t\t<\/div>\n\t\t<\/div>\n\t\t\t\t\t<\/div>\n\t\t<\/section>\n\t\t\t\t<section class=\"elementor-section elementor-top-section elementor-element elementor-element-22ca8994 elementor-section-content-middle elementor-section-full_width elementor-section-height-default elementor-section-height-default\" data-id=\"22ca8994\" data-element_type=\"section\" data-settings=\"{&quot;background_background&quot;:&quot;classic&quot;}\">\n\t\t\t\t\t\t<div class=\"elementor-container elementor-column-gap-no\">\n\t\t\t\t\t<div class=\"elementor-column elementor-col-50 elementor-top-column elementor-element elementor-element-3b24e4b6\" data-id=\"3b24e4b6\" data-element_type=\"column\">\n\t\t\t<div class=\"elementor-widget-wrap elementor-element-populated\">\n\t\t\t\t\t\t<div class=\"elementor-element elementor-element-675d127f elementor-widget elementor-widget-heading\" data-id=\"675d127f\" data-element_type=\"widget\" data-widget_type=\"heading.default\">\n\t\t\t\t<div class=\"elementor-widget-container\">\n\t\t\t\t\t<h2 class=\"elementor-heading-title elementor-size-default\">Niezmienna aktualno\u015b\u0107 technologiczna - ci\u0105g\u0142y rozw\u00f3j spawarek laserowych Automatic Laser Welder<\/h2>\t\t\t\t<\/div>\n\t\t\t\t<\/div>\n\t\t\t\t<div class=\"elementor-element elementor-element-aea9779 elementor-widget elementor-widget-text-editor\" data-id=\"aea9779\" data-element_type=\"widget\" data-widget_type=\"text-editor.default\">\n\t\t\t\t<div class=\"elementor-widget-container\">\n\t\t\t\t\t\t\t\t\t<p>Jednym z najwa\u017cniejszych atut\u00f3w naszych spawarek jest wszechstronno\u015b\u0107 ich funkcji. Automatic Laser Welder umo\u017cliwia nie tylko spawanie, ale tak\u017ce zgrzewanie, ci\u0119cie oraz napawanie. Ta uniwersalno\u015b\u0107 sprawia, \u017ce nasze urz\u0105dzenia znajduj\u0105 zastosowanie w najr\u00f3\u017cniejszych bran\u017cach &#8211; od motoryzacji, przez przemys\u0142 kosmiczny, po medycyn\u0119.<\/p><p>Nasze spawarki laserowe to technologia, kt\u00f3ra nieustannie si\u0119 rozwija. \u015aledzimy najnowsze trendy i badania w dziedzinie spawania laserowego, aby nasze urz\u0105dzenia zawsze by\u0142y na czele post\u0119pu technologicznego. Dzi\u0119ki temu, nasi klienci maj\u0105 pewno\u015b\u0107, \u017ce inwestuj\u0105 w sprz\u0119t, kt\u00f3ry nie zdezaktualizuje si\u0119 po kilku latach.<\/p>\t\t\t\t\t\t\t\t<\/div>\n\t\t\t\t<\/div>\n\t\t\t\t\t<\/div>\n\t\t<\/div>\n\t\t\t\t<div class=\"elementor-column elementor-col-50 elementor-top-column elementor-element elementor-element-435d32eb\" data-id=\"435d32eb\" data-element_type=\"column\">\n\t\t\t<div class=\"elementor-widget-wrap elementor-element-populated\">\n\t\t\t\t\t\t<div class=\"elementor-element elementor-element-30c62544 elementor-widget elementor-widget-image\" data-id=\"30c62544\" data-element_type=\"widget\" data-widget_type=\"image.default\">\n\t\t\t\t<div class=\"elementor-widget-container\">\n\t\t\t\t\t\t\t\t\t\t\t\t\t\t\t<img decoding=\"async\" width=\"1024\" height=\"1024\" src=\"https:\/\/laserwelder.net\/wp-content\/uploads\/2023\/06\/Post-na-Instagram-1080x1080-px-5-1024x1024.jpeg\" class=\"attachment-large size-large wp-image-2505\" alt=\"\" srcset=\"https:\/\/laserwelder.net\/wp-content\/uploads\/2023\/06\/Post-na-Instagram-1080x1080-px-5-980x980.jpeg 980w, https:\/\/laserwelder.net\/wp-content\/uploads\/2023\/06\/Post-na-Instagram-1080x1080-px-5-480x480.jpeg 480w\" sizes=\"(min-width: 0px) and (max-width: 480px) 480px, (min-width: 481px) and (max-width: 980px) 980px, (min-width: 981px) 1024px, 100vw\" \/>\t\t\t\t\t\t\t\t\t\t\t\t\t\t\t<\/div>\n\t\t\t\t<\/div>\n\t\t\t\t\t<\/div>\n\t\t<\/div>\n\t\t\t\t\t<\/div>\n\t\t<\/section>\n\t\t\t\t<section class=\"elementor-section elementor-top-section elementor-element elementor-element-41efe3d4 elementor-section-content-middle elementor-section-full_width elementor-reverse-mobile elementor-section-height-default elementor-section-height-default\" data-id=\"41efe3d4\" data-element_type=\"section\" data-settings=\"{&quot;background_background&quot;:&quot;classic&quot;}\">\n\t\t\t\t\t\t<div class=\"elementor-container elementor-column-gap-no\">\n\t\t\t\t\t<div class=\"elementor-column elementor-col-50 elementor-top-column elementor-element elementor-element-26793e28\" data-id=\"26793e28\" data-element_type=\"column\">\n\t\t\t<div class=\"elementor-widget-wrap elementor-element-populated\">\n\t\t\t\t\t\t<div class=\"elementor-element elementor-element-40ead25 elementor-widget elementor-widget-image\" data-id=\"40ead25\" data-element_type=\"widget\" data-widget_type=\"image.default\">\n\t\t\t\t<div class=\"elementor-widget-container\">\n\t\t\t\t\t\t\t\t\t\t\t\t\t\t\t<img decoding=\"async\" width=\"1024\" height=\"1024\" src=\"https:\/\/laserwelder.net\/wp-content\/uploads\/2023\/06\/Post-na-Instagram-1080x1080-px-1024x1024.jpeg\" class=\"attachment-large size-large wp-image-2481\" alt=\"\" srcset=\"https:\/\/laserwelder.net\/wp-content\/uploads\/2023\/06\/Post-na-Instagram-1080x1080-px-1024x1024.jpeg 1024w, https:\/\/laserwelder.net\/wp-content\/uploads\/2023\/06\/Post-na-Instagram-1080x1080-px-980x980.jpeg 980w, https:\/\/laserwelder.net\/wp-content\/uploads\/2023\/06\/Post-na-Instagram-1080x1080-px-480x480.jpeg 480w\" sizes=\"(min-width: 0px) and (max-width: 480px) 480px, (min-width: 481px) and (max-width: 980px) 980px, (min-width: 981px) 1024px, 100vw\" \/>\t\t\t\t\t\t\t\t\t\t\t\t\t\t\t<\/div>\n\t\t\t\t<\/div>\n\t\t\t\t\t<\/div>\n\t\t<\/div>\n\t\t\t\t<div class=\"elementor-column elementor-col-50 elementor-top-column elementor-element elementor-element-4b6163b6\" data-id=\"4b6163b6\" data-element_type=\"column\">\n\t\t\t<div class=\"elementor-widget-wrap elementor-element-populated\">\n\t\t\t\t\t\t<div class=\"elementor-element elementor-element-63c0ac54 elementor-widget elementor-widget-heading\" data-id=\"63c0ac54\" data-element_type=\"widget\" data-widget_type=\"heading.default\">\n\t\t\t\t<div class=\"elementor-widget-container\">\n\t\t\t\t\t<h2 class=\"elementor-heading-title elementor-size-default\">Autorskie rozwi\u0105zania w Automatic Laser Welder - gwarancja ergonomii i wydajno\u015bci<\/h2>\t\t\t\t<\/div>\n\t\t\t\t<\/div>\n\t\t\t\t<div class=\"elementor-element elementor-element-388bc560 elementor-widget elementor-widget-text-editor\" data-id=\"388bc560\" data-element_type=\"widget\" data-widget_type=\"text-editor.default\">\n\t\t\t\t<div class=\"elementor-widget-container\">\n\t\t\t\t\t\t\t\t\t<p>Na szczeg\u00f3ln\u0105 uwag\u0119 zas\u0142uguj\u0105 nasze autorskie rozwi\u0105zania, kt\u00f3re zwi\u0119kszaj\u0105 ergonomi\u0119 i efektywno\u015b\u0107 pracy urz\u0105dzenia. Dba\u0142o\u015b\u0107 o szczeg\u00f3\u0142y, jak chocia\u017cby wygodny uchwyt, czy czytelny panel sterowania, sprawiaj\u0105, \u017ce praca z Automatic Laser Welder jest komfortowa nawet podczas wielogodzinnej eksploatacji. Ponadto, nasze innowacyjne rozwi\u0105zania, takie jak automatyczne dostosowywanie parametr\u00f3w spawania do rodzaju materia\u0142u, gwarantuj\u0105 maksymaln\u0105 efektywno\u015b\u0107 pracy.<\/p>\t\t\t\t\t\t\t\t<\/div>\n\t\t\t\t<\/div>\n\t\t\t\t\t<\/div>\n\t\t<\/div>\n\t\t\t\t\t<\/div>\n\t\t<\/section>\n\t\t\t\t<section class=\"elementor-section elementor-top-section elementor-element elementor-element-487dd97b elementor-section-height-min-height elementor-section-content-middle elementor-section-full_width elementor-section-height-default elementor-section-items-middle\" data-id=\"487dd97b\" data-element_type=\"section\" data-settings=\"{&quot;background_background&quot;:&quot;classic&quot;}\">\n\t\t\t\t\t\t<div class=\"elementor-container elementor-column-gap-no\">\n\t\t\t\t\t<div class=\"elementor-column elementor-col-100 elementor-top-column elementor-element elementor-element-692a0538\" data-id=\"692a0538\" data-element_type=\"column\">\n\t\t\t<div class=\"elementor-widget-wrap elementor-element-populated\">\n\t\t\t\t\t\t<div class=\"elementor-element elementor-element-16eed074 elementor-widget elementor-widget-heading\" data-id=\"16eed074\" data-element_type=\"widget\" data-widget_type=\"heading.default\">\n\t\t\t\t<div class=\"elementor-widget-container\">\n\t\t\t\t\t<p class=\"elementor-heading-title elementor-size-default\">\u00a9 2022 All Rights Reserved.<\/p>\t\t\t\t<\/div>\n\t\t\t\t<\/div>\n\t\t\t\t\t<\/div>\n\t\t<\/div>\n\t\t\t\t\t<\/div>\n\t\t<\/section>\n\t\t\t\t<\/div>\n\t\t","protected":false},"excerpt":{"rendered":"<p>Automatic Laser Welder po\u0142\u0105czenie zaawansowanej technologii z prostot\u0105 u\u017cytkowania Spawarki laserowe Automatic Laser Welder to wyj\u0105tkowe urz\u0105dzenia, kt\u00f3re \u0142\u0105cz\u0105 w sobie zaawansowane technologie z niezwyk\u0142\u0105 prostot\u0105 u\u017cytkowania. Dzi\u0119ki intuicyjnemu interfejsowi i przejrzystym instrukcjom, nawet osoby nieznajome z technologi\u0105 laserow\u0105 mog\u0105 szybko opanowa\u0107 podstawy pracy z naszymi urz\u0105dzeniami. Niezmienna aktualno\u015b\u0107 technologiczna &#8211; ci\u0105g\u0142y rozw\u00f3j spawarek laserowych [&hellip;]<\/p>\n","protected":false},"author":4,"featured_media":0,"parent":0,"menu_order":0,"comment_status":"closed","ping_status":"closed","template":"elementor_header_footer","meta":{"_et_pb_use_builder":"","_et_pb_old_content":"","_et_gb_content_width":"","inline_featured_image":false,"_uf_show_specific_survey":0,"_uf_disable_surveys":false,"footnotes":""},"class_list":["post-2511","page","type-page","status-publish","hentry"],"yoast_head":"<!-- This site is optimized with the Yoast SEO plugin v26.8 - https:\/\/yoast.com\/product\/yoast-seo-wordpress\/ -->\n<title>- Spawarki laserowe - Spawarki laserowe automatic laser welder<\/title>\n<meta name=\"description\" content=\"Automatic Laser Welder po\u0142\u0105czenie zaawansowanej technologii z prostot\u0105 u\u017cytkowaniaSpawarki laserowe Automatic Laser Welder to wyj\u0105tkowe urz\u0105dzenia, kt\u00f3re\" \/>\n<meta name=\"robots\" content=\"index, follow, max-snippet:-1, max-image-preview:large, max-video-preview:-1\" \/>\n<link rel=\"canonical\" href=\"https:\/\/laserwelder.net\/spawarki-laserowe-automatic-laser-welder\/\" \/>\n<meta property=\"og:locale\" content=\"es_ES\" \/>\n<meta property=\"og:type\" content=\"article\" \/>\n<meta property=\"og:title\" content=\"- Spawarki laserowe - Spawarki laserowe automatic laser welder\" \/>\n<meta property=\"og:description\" content=\"Automatic Laser Welder po\u0142\u0105czenie zaawansowanej technologii z prostot\u0105 u\u017cytkowaniaSpawarki laserowe Automatic Laser Welder to wyj\u0105tkowe urz\u0105dzenia, kt\u00f3re\" \/>\n<meta property=\"og:url\" content=\"https:\/\/laserwelder.net\/spawarki-laserowe-automatic-laser-welder\/\" \/>\n<meta property=\"article:modified_time\" content=\"2023-06-27T12:26:28+00:00\" \/>\n<meta property=\"og:image\" content=\"https:\/\/laserwelder.net\/wp-content\/uploads\/2023\/06\/Post-na-Instagram-1080x1080-px-1-1024x1024.jpeg\" \/>\n<meta name=\"twitter:card\" content=\"summary_large_image\" \/>\n<meta name=\"twitter:label1\" content=\"Tiempo de lectura\" \/>\n\t<meta name=\"twitter:data1\" content=\"1 minuto\" \/>\n<script type=\"application\/ld+json\" class=\"yoast-schema-graph\">{\"@context\":\"https:\/\/schema.org\",\"@graph\":[{\"@type\":\"WebPage\",\"@id\":\"https:\/\/laserwelder.net\/spawarki-laserowe-automatic-laser-welder\/\",\"url\":\"https:\/\/laserwelder.net\/spawarki-laserowe-automatic-laser-welder\/\",\"name\":\"- Spawarki laserowe - Spawarki laserowe automatic laser welder\",\"isPartOf\":{\"@id\":\"https:\/\/laserwelder.net\/#website\"},\"primaryImageOfPage\":{\"@id\":\"https:\/\/laserwelder.net\/spawarki-laserowe-automatic-laser-welder\/#primaryimage\"},\"image\":{\"@id\":\"https:\/\/laserwelder.net\/spawarki-laserowe-automatic-laser-welder\/#primaryimage\"},\"thumbnailUrl\":\"https:\/\/laserwelder.net\/wp-content\/uploads\/2023\/06\/Post-na-Instagram-1080x1080-px-1-1024x1024.jpeg\",\"datePublished\":\"2023-06-27T12:19:42+00:00\",\"dateModified\":\"2023-06-27T12:26:28+00:00\",\"description\":\"Automatic Laser Welder po\u0142\u0105czenie zaawansowanej technologii z prostot\u0105 u\u017cytkowaniaSpawarki laserowe Automatic Laser Welder to wyj\u0105tkowe urz\u0105dzenia, kt\u00f3re\",\"breadcrumb\":{\"@id\":\"https:\/\/laserwelder.net\/spawarki-laserowe-automatic-laser-welder\/#breadcrumb\"},\"inLanguage\":\"es\",\"potentialAction\":[{\"@type\":\"ReadAction\",\"target\":[\"https:\/\/laserwelder.net\/spawarki-laserowe-automatic-laser-welder\/\"]}]},{\"@type\":\"ImageObject\",\"inLanguage\":\"es\",\"@id\":\"https:\/\/laserwelder.net\/spawarki-laserowe-automatic-laser-welder\/#primaryimage\",\"url\":\"https:\/\/laserwelder.net\/wp-content\/uploads\/2023\/06\/Post-na-Instagram-1080x1080-px-1-1024x1024.jpeg\",\"contentUrl\":\"https:\/\/laserwelder.net\/wp-content\/uploads\/2023\/06\/Post-na-Instagram-1080x1080-px-1-1024x1024.jpeg\"},{\"@type\":\"BreadcrumbList\",\"@id\":\"https:\/\/laserwelder.net\/spawarki-laserowe-automatic-laser-welder\/#breadcrumb\",\"itemListElement\":[{\"@type\":\"ListItem\",\"position\":1,\"name\":\"Strona g\u0142\u00f3wna\",\"item\":\"https:\/\/laserwelder.net\/es\/\"},{\"@type\":\"ListItem\",\"position\":2,\"name\":\"Spawarki laserowe automatic laser welder\"}]},{\"@type\":\"WebSite\",\"@id\":\"https:\/\/laserwelder.net\/#website\",\"url\":\"https:\/\/laserwelder.net\/\",\"name\":\"\",\"description\":\"\",\"potentialAction\":[{\"@type\":\"SearchAction\",\"target\":{\"@type\":\"EntryPoint\",\"urlTemplate\":\"https:\/\/laserwelder.net\/?s={search_term_string}\"},\"query-input\":{\"@type\":\"PropertyValueSpecification\",\"valueRequired\":true,\"valueName\":\"search_term_string\"}}],\"inLanguage\":\"es\"}]}<\/script>\n<!-- \/ Yoast SEO plugin. -->","yoast_head_json":{"title":"- Spawarki laserowe - Spawarki laserowe automatic laser welder","description":"Automatic Laser Welder po\u0142\u0105czenie zaawansowanej technologii z prostot\u0105 u\u017cytkowaniaSpawarki laserowe Automatic Laser Welder to wyj\u0105tkowe urz\u0105dzenia, kt\u00f3re","robots":{"index":"index","follow":"follow","max-snippet":"max-snippet:-1","max-image-preview":"max-image-preview:large","max-video-preview":"max-video-preview:-1"},"canonical":"https:\/\/laserwelder.net\/spawarki-laserowe-automatic-laser-welder\/","og_locale":"es_ES","og_type":"article","og_title":"- Spawarki laserowe - Spawarki laserowe automatic laser welder","og_description":"Automatic Laser Welder po\u0142\u0105czenie zaawansowanej technologii z prostot\u0105 u\u017cytkowaniaSpawarki laserowe Automatic Laser Welder to wyj\u0105tkowe urz\u0105dzenia, kt\u00f3re","og_url":"https:\/\/laserwelder.net\/spawarki-laserowe-automatic-laser-welder\/","article_modified_time":"2023-06-27T12:26:28+00:00","og_image":[{"url":"https:\/\/laserwelder.net\/wp-content\/uploads\/2023\/06\/Post-na-Instagram-1080x1080-px-1-1024x1024.jpeg","type":"","width":"","height":""}],"twitter_card":"summary_large_image","twitter_misc":{"Tiempo de lectura":"1 minuto"},"schema":{"@context":"https:\/\/schema.org","@graph":[{"@type":"WebPage","@id":"https:\/\/laserwelder.net\/spawarki-laserowe-automatic-laser-welder\/","url":"https:\/\/laserwelder.net\/spawarki-laserowe-automatic-laser-welder\/","name":"- Spawarki laserowe - Spawarki laserowe automatic laser welder","isPartOf":{"@id":"https:\/\/laserwelder.net\/#website"},"primaryImageOfPage":{"@id":"https:\/\/laserwelder.net\/spawarki-laserowe-automatic-laser-welder\/#primaryimage"},"image":{"@id":"https:\/\/laserwelder.net\/spawarki-laserowe-automatic-laser-welder\/#primaryimage"},"thumbnailUrl":"https:\/\/laserwelder.net\/wp-content\/uploads\/2023\/06\/Post-na-Instagram-1080x1080-px-1-1024x1024.jpeg","datePublished":"2023-06-27T12:19:42+00:00","dateModified":"2023-06-27T12:26:28+00:00","description":"Automatic Laser Welder po\u0142\u0105czenie zaawansowanej technologii z prostot\u0105 u\u017cytkowaniaSpawarki laserowe Automatic Laser Welder to wyj\u0105tkowe urz\u0105dzenia, kt\u00f3re","breadcrumb":{"@id":"https:\/\/laserwelder.net\/spawarki-laserowe-automatic-laser-welder\/#breadcrumb"},"inLanguage":"es","potentialAction":[{"@type":"ReadAction","target":["https:\/\/laserwelder.net\/spawarki-laserowe-automatic-laser-welder\/"]}]},{"@type":"ImageObject","inLanguage":"es","@id":"https:\/\/laserwelder.net\/spawarki-laserowe-automatic-laser-welder\/#primaryimage","url":"https:\/\/laserwelder.net\/wp-content\/uploads\/2023\/06\/Post-na-Instagram-1080x1080-px-1-1024x1024.jpeg","contentUrl":"https:\/\/laserwelder.net\/wp-content\/uploads\/2023\/06\/Post-na-Instagram-1080x1080-px-1-1024x1024.jpeg"},{"@type":"BreadcrumbList","@id":"https:\/\/laserwelder.net\/spawarki-laserowe-automatic-laser-welder\/#breadcrumb","itemListElement":[{"@type":"ListItem","position":1,"name":"Strona g\u0142\u00f3wna","item":"https:\/\/laserwelder.net\/es\/"},{"@type":"ListItem","position":2,"name":"Spawarki laserowe automatic laser welder"}]},{"@type":"WebSite","@id":"https:\/\/laserwelder.net\/#website","url":"https:\/\/laserwelder.net\/","name":"","description":"","potentialAction":[{"@type":"SearchAction","target":{"@type":"EntryPoint","urlTemplate":"https:\/\/laserwelder.net\/?s={search_term_string}"},"query-input":{"@type":"PropertyValueSpecification","valueRequired":true,"valueName":"search_term_string"}}],"inLanguage":"es"}]}},"_links":{"self":[{"href":"https:\/\/laserwelder.net\/es\/wp-json\/wp\/v2\/pages\/2511","targetHints":{"allow":["GET"]}}],"collection":[{"href":"https:\/\/laserwelder.net\/es\/wp-json\/wp\/v2\/pages"}],"about":[{"href":"https:\/\/laserwelder.net\/es\/wp-json\/wp\/v2\/types\/page"}],"author":[{"embeddable":true,"href":"https:\/\/laserwelder.net\/es\/wp-json\/wp\/v2\/users\/4"}],"replies":[{"embeddable":true,"href":"https:\/\/laserwelder.net\/es\/wp-json\/wp\/v2\/comments?post=2511"}],"version-history":[{"count":4,"href":"https:\/\/laserwelder.net\/es\/wp-json\/wp\/v2\/pages\/2511\/revisions"}],"predecessor-version":[{"id":2516,"href":"https:\/\/laserwelder.net\/es\/wp-json\/wp\/v2\/pages\/2511\/revisions\/2516"}],"wp:attachment":[{"href":"https:\/\/laserwelder.net\/es\/wp-json\/wp\/v2\/media?parent=2511"}],"curies":[{"name":"wp","href":"https:\/\/api.w.org\/{rel}","templated":true}]}}