{"id":187,"date":"2019-08-22T11:07:50","date_gmt":"2019-08-22T11:07:50","guid":{"rendered":"https:\/\/laserwelder.net\/?post_type=product&#038;p=187"},"modified":"2025-12-02T18:11:46","modified_gmt":"2025-12-02T18:11:46","slug":"alb-speed-master-500w-standard-iiv","status":"publish","type":"product","link":"https:\/\/laserwelder.net\/es\/produkt\/alb-speed-master-500w-standard-iiv\/","title":{"rendered":"ALW-SPEED MASTER 500W STANDARD YAG"},"content":{"rendered":"<p>[et_pb_section fb_built=&#8221;1&#8243; _builder_version=&#8221;3.22&#8243; custom_padding=&#8221;0px||||false|false&#8221;][et_pb_row _builder_version=&#8221;3.25&#8243; background_size=&#8221;initial&#8221; background_position=&#8221;top_left&#8221; background_repeat=&#8221;repeat&#8221; width=&#8221;100%&#8221; custom_padding=&#8221;0px||0px||false|false&#8221;][et_pb_column type=&#8221;4_4&#8243; _builder_version=&#8221;3.25&#8243; custom_padding=&#8221;|||&#8221; custom_padding__hover=&#8221;|||&#8221;][et_pb_wc_breadcrumb _builder_version=&#8221;3.0.47&#8243;][\/et_pb_wc_breadcrumb][et_pb_wc_cart_notice _builder_version=&#8221;3.0.47&#8243;][\/et_pb_wc_cart_notice][\/et_pb_column][\/et_pb_row][et_pb_row column_structure=&#8221;1_2,1_2&#8243; _builder_version=&#8221;3.25&#8243; background_size=&#8221;initial&#8221; background_position=&#8221;top_left&#8221; background_repeat=&#8221;repeat&#8221; width=&#8221;100%&#8221; custom_padding=&#8221;0px||||false|false&#8221;][et_pb_column type=&#8221;1_2&#8243; _builder_version=&#8221;3.25&#8243; custom_padding=&#8221;|||&#8221; custom_padding__hover=&#8221;|||&#8221;][et_pb_wc_images _builder_version=&#8221;3.0.47&#8243;][\/et_pb_wc_images][\/et_pb_column][et_pb_column type=&#8221;1_2&#8243; _builder_version=&#8221;3.25&#8243; custom_padding=&#8221;|||&#8221; custom_padding__hover=&#8221;|||&#8221;][et_pb_wc_title _builder_version=&#8221;3.0.47&#8243;][\/et_pb_wc_title][et_pb_wc_rating _builder_version=&#8221;3.0.47&#8243;][\/et_pb_wc_rating][et_pb_wc_price _builder_version=&#8221;3.0.47&#8243;][\/et_pb_wc_price][et_pb_wc_description _builder_version=&#8221;3.0.47&#8243;][\/et_pb_wc_description][et_pb_wc_add_to_cart _builder_version=&#8221;3.0.47&#8243;][\/et_pb_wc_add_to_cart][et_pb_wc_meta _builder_version=&#8221;3.0.47&#8243;][\/et_pb_wc_meta][\/et_pb_column][\/et_pb_row][et_pb_row _builder_version=&#8221;3.25&#8243; background_size=&#8221;initial&#8221; background_position=&#8221;top_left&#8221; background_repeat=&#8221;repeat&#8221; width=&#8221;100%&#8221;][et_pb_column type=&#8221;4_4&#8243; _builder_version=&#8221;3.25&#8243; custom_padding=&#8221;|||&#8221; custom_padding__hover=&#8221;|||&#8221;][et_pb_wc_tabs _builder_version=&#8221;3.0.47&#8243;]\t\t\t\t\t[\/et_pb_wc_tabs][et_pb_wc_upsells _builder_version=&#8221;3.0.47&#8243;][\/et_pb_wc_upsells][et_pb_wc_related_products _builder_version=&#8221;3.0.47&#8243;][\/et_pb_wc_related_products][\/et_pb_column][\/et_pb_row][\/et_pb_section][et_pb_section fb_built=&#8221;1&#8243; module_class=&#8221;sekcja-opis-produktu&#8221; _builder_version=&#8221;3.22.5&#8243;][et_pb_row column_structure=&#8221;1_2,1_2&#8243; make_equal=&#8221;on&#8221; module_class=&#8221;wiersz-opis-produktu&#8221; _builder_version=&#8221;3.25&#8243;][et_pb_column type=&#8221;1_2&#8243; module_class=&#8221;wiersz-opis-produktu-left&#8221; _builder_version=&#8221;3.25&#8243; custom_padding=&#8221;|||&#8221; custom_padding__hover=&#8221;|||&#8221;][et_pb_image src=&#8221;https:\/\/laserwelder.net\/wp-content\/uploads\/2019\/08\/ALB_laser2.jpg&#8221; align_tablet=&#8221;center&#8221; align_phone=&#8221;&#8221; align_last_edited=&#8221;on|desktop&#8221; module_class=&#8221;opis-produktu-obraz&#8221; _builder_version=&#8221;3.23&#8243;][\/et_pb_image][\/et_pb_column][et_pb_column type=&#8221;1_2&#8243; module_class=&#8221;wiersz-opis-produktu-right flex-center&#8221; _builder_version=&#8221;3.25&#8243; custom_padding=&#8221;|||&#8221; custom_padding__hover=&#8221;|||&#8221;][et_pb_text admin_label=&#8221;Tekst&#8221; module_class=&#8221;opis-produktu-tekst&#8221; _builder_version=&#8221;3.27.4&#8243;]<\/p>\n<h4>W\u0142a\u015bciwo\u015bci:<\/h4>\n<p>\u2022 Laserowe zgrzewanie pozwala unikn\u0105\u0107 przetopie\u0144 na zewn\u0119trznej stronie ta\u015bmy i obr\u00f3bki polerskiej materia\u0142u,<br \/>\n\u2022 Automat ten mo\u017ce realizowa\u0107 zadania o r\u00f3\u017cnym stopniu trudno\u015bci,<br \/>\n\u2022 Doskonale radzi sobie ze spawaniem element\u00f3w o bardzo ma\u0142ych rozmiarach,<br \/>\n\u2022 Posiada regulacj\u0119 g\u0142owicy roboczej,<br \/>\n\u2022 Zgrzewa r\u00f3\u017cne stale do 3 &#8211; 4 mm, a tak\u017ce aluminium do 1 mm grubo\u015bci,<br \/>\n\u2022 Moc znamionowa automatu wynosi 500W,<br \/>\n\u2022 Minimalna powierzchnia spawu wynosi 0,3 mm.[\/et_pb_text][\/et_pb_column][\/et_pb_row][et_pb_row column_structure=&#8221;1_2,1_2&#8243; make_equal=&#8221;on&#8221; module_class=&#8221;wiersz-opis-produktu first&#8221; _builder_version=&#8221;3.25&#8243; width=&#8221;100%&#8221; max_width=&#8221;2560px&#8221;][et_pb_column type=&#8221;1_2&#8243; module_class=&#8221;wiersz-opis-produktu-left flex-center&#8221; _builder_version=&#8221;3.25&#8243; custom_padding=&#8221;|||&#8221; custom_padding__hover=&#8221;|||&#8221;][et_pb_text module_class=&#8221;opis-produktu-tekst&#8221; _builder_version=&#8221;3.27.4&#8243;]<\/p>\n<h4>Nowo\u015bci:<\/h4>\n<p>\u2022 zwi\u0119kszona moc lasera z 400W na 500W,<br \/>\u2022 nowy design 2016,<br \/>\u2022 nowy panel sterowania LCD,<br \/>\u2022 nowy system sterowania oparty na Windows,<br \/>\u2022 nowy system optyczny,<br \/>\u2022 bardzo dobrze spawa aluminium<\/p>\n<p>[\/et_pb_text][\/et_pb_column][et_pb_column type=&#8221;1_2&#8243; module_class=&#8221;wiersz-opis-produktu-right&#8221; _builder_version=&#8221;3.25&#8243; background_image=&#8221;https:\/\/laserwelder.net\/wp-content\/uploads\/2019\/08\/laserek.jpg&#8221; custom_padding=&#8221;|||&#8221; custom_padding__hover=&#8221;|||&#8221;][\/et_pb_column][\/et_pb_row][et_pb_row column_structure=&#8221;1_2,1_2&#8243; make_equal=&#8221;on&#8221; module_class=&#8221;wiersz-opis-produktu second&#8221; _builder_version=&#8221;3.25&#8243; width=&#8221;100%&#8221; max_width=&#8221;2560px&#8221;][et_pb_column type=&#8221;1_2&#8243; module_class=&#8221;wiersz-opis-produktu-left&#8221; _builder_version=&#8221;3.25&#8243; background_image=&#8221;https:\/\/laserwelder.net\/wp-content\/uploads\/2019\/08\/laser-5.jpg&#8221; custom_padding=&#8221;|||&#8221; custom_padding__hover=&#8221;|||&#8221;][\/et_pb_column][et_pb_column type=&#8221;1_2&#8243; module_class=&#8221;wiersz-opis-produktu-right flex-center&#8221; _builder_version=&#8221;3.25&#8243; custom_padding=&#8221;|||&#8221; custom_padding__hover=&#8221;|||&#8221;][et_pb_text module_class=&#8221;opis-produktu-tekst&#8221; _builder_version=&#8221;3.27.4&#8243;]<\/p>\n<h4>Wsparcie techniczne<\/h4>\n<p>Naszym Klientom zapewniamy serwis gwarancyjny i pogwarancyjny, a tak\u017ce wsparcie na ka\u017cdym etapie u\u017cytkowania maszyny. Pomagamy i doradzamy w zakresie jak najtrafniejszego wyboru automatu zgodnie z oczekiwaniami klienta.<br \/>\nZapewniamy transport maszyny, szkolenie i wsparcie techniczne.<\/p>\n<p>[\/et_pb_text][\/et_pb_column][\/et_pb_row][\/et_pb_section][et_pb_section fb_built=&#8221;1&#8243; module_class=&#8221;sekcja-produkt-cta&#8221; _builder_version=&#8221;3.22.5&#8243;][et_pb_row module_class=&#8221;wiersz-produkt-cta&#8221; _builder_version=&#8221;3.25&#8243;][et_pb_column type=&#8221;4_4&#8243; module_class=&#8221;wiersz-produkt-cta-kolumna&#8221; _builder_version=&#8221;3.25&#8243; custom_padding=&#8221;|||&#8221; custom_padding__hover=&#8221;|||&#8221;][et_pb_cta title=&#8221;Jeste\u015b zainteresowany naszym produktem?&#8221; button_url=&#8221;\/alw\/kontakt&#8221; button_text=&#8221;Kontakt&#8221; module_class=&#8221;produkt-cta&#8221; _builder_version=&#8221;3.22.5&#8243;]<\/p>\n<p>W przypadku zainteresowania produktem lub ch\u0119ci uzyskania szczeg\u00f3\u0142owych informacji technicznych na jej temat prosimy o kontakt z naszym doradc\u0105.<\/p>\n<p>[\/et_pb_cta][\/et_pb_column][\/et_pb_row][\/et_pb_section]<\/p>\n","protected":false},"excerpt":{"rendered":"<p>Nowoczesna spawanie laserowa dost\u0119pna ze sto\u0142em, z podw\u00f3jnym uk\u0142adem zasilania i zwi\u0119kszon\u0105 moc\u0105, co umo\u017cliwia \u0142\u0105czenie grubszych b1lach ze stali i aluminium r\u00f3\u017cnych typ\u00f3w. \u0141atwo i szybko spawa ze sob\u0105 stal zwyk\u0142\u0105, ocynkowana i nierdzewn\u0105, a tak\u017ce blachy aluminiowe. Po\u0142\u0105czenia wykonane przy u\u017cyciu tego urz\u0105dzenia s\u0105 trwa\u0142e i precyzyjne. Du\u017ca energia promienia lasera, szybka praca, a tak\u017ce mo\u017cliwo\u015b\u0107 punktowego mocowania spawanych materia\u0142\u00f3w umo\u017cliwia zwi\u0119kszenie wydajno\u015bci o oko\u0142o 8-10 razy w por\u00f3wnaniu do r\u0119cznego spawania. Po spawaniu materia\u0142\u00f3w nie trzeba obrabia\u0107 zgrzewanych powierzchni.<\/p>\n","protected":false},"featured_media":159,"comment_status":"open","ping_status":"closed","template":"","meta":{"_et_pb_use_builder":"on","_et_pb_old_content":"","_et_gb_content_width":"","inline_featured_image":false,"_uf_show_specific_survey":0,"_uf_disable_surveys":false},"product_brand":[],"product_cat":[17],"product_tag":[],"class_list":{"0":"post-187","1":"product","2":"type-product","3":"status-publish","4":"has-post-thumbnail","6":"product_cat-spawarka-laserowa","8":"first","9":"instock","10":"shipping-taxable","11":"product-type-simple"},"yoast_head":"<!-- This site is optimized with the Yoast SEO plugin v26.8 - https:\/\/yoast.com\/product\/yoast-seo-wordpress\/ -->\n<title>Spawarka laserowa ALW-Speed Master 500W Standard YAG<\/title>\n<meta name=\"description\" content=\"Nowoczesna spawanie laserowa dost\u0119pna ze sto\u0142em, z podw\u00f3jnym uk\u0142adem zasilania i zwi\u0119kszon\u0105 moc\u0105, co umo\u017cliwia \u0142\u0105czenie grubszych b1lach ze stali i aluminium r\u00f3\u017cnych typ\u00f3w.\" \/>\n<meta name=\"robots\" content=\"index, follow, max-snippet:-1, max-image-preview:large, max-video-preview:-1\" \/>\n<link rel=\"canonical\" href=\"https:\/\/laserwelder.net\/produkt\/alb-speed-master-500w-standard-iiv\/\" \/>\n<meta property=\"og:locale\" content=\"es_ES\" \/>\n<meta property=\"og:type\" content=\"article\" \/>\n<meta property=\"og:title\" content=\"Spawarka laserowa ALW-Speed Master 500W Standard YAG\" \/>\n<meta property=\"og:description\" content=\"Nowoczesna spawanie laserowa dost\u0119pna ze sto\u0142em, z podw\u00f3jnym uk\u0142adem zasilania i zwi\u0119kszon\u0105 moc\u0105, co umo\u017cliwia \u0142\u0105czenie grubszych b1lach ze stali i aluminium r\u00f3\u017cnych typ\u00f3w.\" \/>\n<meta property=\"og:url\" content=\"https:\/\/laserwelder.net\/produkt\/alb-speed-master-500w-standard-iiv\/\" \/>\n<meta property=\"article:modified_time\" content=\"2025-12-02T18:11:46+00:00\" \/>\n<meta property=\"og:image\" content=\"https:\/\/laserwelder.net\/wp-content\/uploads\/2019\/08\/laser-500-w.jpg\" \/>\n\t<meta property=\"og:image:width\" content=\"800\" \/>\n\t<meta property=\"og:image:height\" content=\"800\" \/>\n\t<meta property=\"og:image:type\" content=\"image\/jpeg\" \/>\n<meta name=\"twitter:card\" content=\"summary_large_image\" \/>\n<meta name=\"twitter:label1\" content=\"Tiempo de lectura\" \/>\n\t<meta name=\"twitter:data1\" content=\"4 minutos\" \/>\n<script type=\"application\/ld+json\" class=\"yoast-schema-graph\">{\"@context\":\"https:\/\/schema.org\",\"@graph\":[{\"@type\":\"WebPage\",\"@id\":\"https:\/\/laserwelder.net\/produkt\/alb-speed-master-500w-standard-iiv\/\",\"url\":\"https:\/\/laserwelder.net\/produkt\/alb-speed-master-500w-standard-iiv\/\",\"name\":\"Spawarka laserowa ALW-Speed Master 500W Standard YAG\",\"isPartOf\":{\"@id\":\"https:\/\/laserwelder.net\/#website\"},\"primaryImageOfPage\":{\"@id\":\"https:\/\/laserwelder.net\/produkt\/alb-speed-master-500w-standard-iiv\/#primaryimage\"},\"image\":{\"@id\":\"https:\/\/laserwelder.net\/produkt\/alb-speed-master-500w-standard-iiv\/#primaryimage\"},\"thumbnailUrl\":\"https:\/\/laserwelder.net\/wp-content\/uploads\/2019\/08\/laser-500-w.jpg\",\"datePublished\":\"2019-08-22T11:07:50+00:00\",\"dateModified\":\"2025-12-02T18:11:46+00:00\",\"description\":\"Nowoczesna spawanie laserowa dost\u0119pna ze sto\u0142em, z podw\u00f3jnym uk\u0142adem zasilania i zwi\u0119kszon\u0105 moc\u0105, co umo\u017cliwia \u0142\u0105czenie grubszych b1lach ze stali i aluminium r\u00f3\u017cnych typ\u00f3w.\",\"breadcrumb\":{\"@id\":\"https:\/\/laserwelder.net\/produkt\/alb-speed-master-500w-standard-iiv\/#breadcrumb\"},\"inLanguage\":\"es\",\"potentialAction\":[{\"@type\":\"ReadAction\",\"target\":[\"https:\/\/laserwelder.net\/produkt\/alb-speed-master-500w-standard-iiv\/\"]}]},{\"@type\":\"ImageObject\",\"inLanguage\":\"es\",\"@id\":\"https:\/\/laserwelder.net\/produkt\/alb-speed-master-500w-standard-iiv\/#primaryimage\",\"url\":\"https:\/\/laserwelder.net\/wp-content\/uploads\/2019\/08\/laser-500-w.jpg\",\"contentUrl\":\"https:\/\/laserwelder.net\/wp-content\/uploads\/2019\/08\/laser-500-w.jpg\",\"width\":800,\"height\":800},{\"@type\":\"BreadcrumbList\",\"@id\":\"https:\/\/laserwelder.net\/produkt\/alb-speed-master-500w-standard-iiv\/#breadcrumb\",\"itemListElement\":[{\"@type\":\"ListItem\",\"position\":1,\"name\":\"Strona g\u0142\u00f3wna\",\"item\":\"https:\/\/laserwelder.net\/es\/\"},{\"@type\":\"ListItem\",\"position\":2,\"name\":\"Produkty\",\"item\":\"https:\/\/laserwelder.net\/produkty\/\"},{\"@type\":\"ListItem\",\"position\":3,\"name\":\"ALW-SPEED MASTER 500W STANDARD YAG\"}]},{\"@type\":\"WebSite\",\"@id\":\"https:\/\/laserwelder.net\/#website\",\"url\":\"https:\/\/laserwelder.net\/\",\"name\":\"\",\"description\":\"\",\"potentialAction\":[{\"@type\":\"SearchAction\",\"target\":{\"@type\":\"EntryPoint\",\"urlTemplate\":\"https:\/\/laserwelder.net\/?s={search_term_string}\"},\"query-input\":{\"@type\":\"PropertyValueSpecification\",\"valueRequired\":true,\"valueName\":\"search_term_string\"}}],\"inLanguage\":\"es\"}]}<\/script>\n<!-- \/ Yoast SEO plugin. -->","yoast_head_json":{"title":"Spawarka laserowa ALW-Speed Master 500W Standard YAG","description":"Nowoczesna spawanie laserowa dost\u0119pna ze sto\u0142em, z podw\u00f3jnym uk\u0142adem zasilania i zwi\u0119kszon\u0105 moc\u0105, co umo\u017cliwia \u0142\u0105czenie grubszych b1lach ze stali i aluminium r\u00f3\u017cnych typ\u00f3w.","robots":{"index":"index","follow":"follow","max-snippet":"max-snippet:-1","max-image-preview":"max-image-preview:large","max-video-preview":"max-video-preview:-1"},"canonical":"https:\/\/laserwelder.net\/produkt\/alb-speed-master-500w-standard-iiv\/","og_locale":"es_ES","og_type":"article","og_title":"Spawarka laserowa ALW-Speed Master 500W Standard YAG","og_description":"Nowoczesna spawanie laserowa dost\u0119pna ze sto\u0142em, z podw\u00f3jnym uk\u0142adem zasilania i zwi\u0119kszon\u0105 moc\u0105, co umo\u017cliwia \u0142\u0105czenie grubszych b1lach ze stali i aluminium r\u00f3\u017cnych typ\u00f3w.","og_url":"https:\/\/laserwelder.net\/produkt\/alb-speed-master-500w-standard-iiv\/","article_modified_time":"2025-12-02T18:11:46+00:00","og_image":[{"width":800,"height":800,"url":"https:\/\/laserwelder.net\/wp-content\/uploads\/2019\/08\/laser-500-w.jpg","type":"image\/jpeg"}],"twitter_card":"summary_large_image","twitter_misc":{"Tiempo de lectura":"4 minutos"},"schema":{"@context":"https:\/\/schema.org","@graph":[{"@type":"WebPage","@id":"https:\/\/laserwelder.net\/produkt\/alb-speed-master-500w-standard-iiv\/","url":"https:\/\/laserwelder.net\/produkt\/alb-speed-master-500w-standard-iiv\/","name":"Spawarka laserowa ALW-Speed Master 500W Standard YAG","isPartOf":{"@id":"https:\/\/laserwelder.net\/#website"},"primaryImageOfPage":{"@id":"https:\/\/laserwelder.net\/produkt\/alb-speed-master-500w-standard-iiv\/#primaryimage"},"image":{"@id":"https:\/\/laserwelder.net\/produkt\/alb-speed-master-500w-standard-iiv\/#primaryimage"},"thumbnailUrl":"https:\/\/laserwelder.net\/wp-content\/uploads\/2019\/08\/laser-500-w.jpg","datePublished":"2019-08-22T11:07:50+00:00","dateModified":"2025-12-02T18:11:46+00:00","description":"Nowoczesna spawanie laserowa dost\u0119pna ze sto\u0142em, z podw\u00f3jnym uk\u0142adem zasilania i zwi\u0119kszon\u0105 moc\u0105, co umo\u017cliwia \u0142\u0105czenie grubszych b1lach ze stali i aluminium r\u00f3\u017cnych typ\u00f3w.","breadcrumb":{"@id":"https:\/\/laserwelder.net\/produkt\/alb-speed-master-500w-standard-iiv\/#breadcrumb"},"inLanguage":"es","potentialAction":[{"@type":"ReadAction","target":["https:\/\/laserwelder.net\/produkt\/alb-speed-master-500w-standard-iiv\/"]}]},{"@type":"ImageObject","inLanguage":"es","@id":"https:\/\/laserwelder.net\/produkt\/alb-speed-master-500w-standard-iiv\/#primaryimage","url":"https:\/\/laserwelder.net\/wp-content\/uploads\/2019\/08\/laser-500-w.jpg","contentUrl":"https:\/\/laserwelder.net\/wp-content\/uploads\/2019\/08\/laser-500-w.jpg","width":800,"height":800},{"@type":"BreadcrumbList","@id":"https:\/\/laserwelder.net\/produkt\/alb-speed-master-500w-standard-iiv\/#breadcrumb","itemListElement":[{"@type":"ListItem","position":1,"name":"Strona g\u0142\u00f3wna","item":"https:\/\/laserwelder.net\/es\/"},{"@type":"ListItem","position":2,"name":"Produkty","item":"https:\/\/laserwelder.net\/produkty\/"},{"@type":"ListItem","position":3,"name":"ALW-SPEED MASTER 500W STANDARD YAG"}]},{"@type":"WebSite","@id":"https:\/\/laserwelder.net\/#website","url":"https:\/\/laserwelder.net\/","name":"","description":"","potentialAction":[{"@type":"SearchAction","target":{"@type":"EntryPoint","urlTemplate":"https:\/\/laserwelder.net\/?s={search_term_string}"},"query-input":{"@type":"PropertyValueSpecification","valueRequired":true,"valueName":"search_term_string"}}],"inLanguage":"es"}]}},"_links":{"self":[{"href":"https:\/\/laserwelder.net\/es\/wp-json\/wp\/v2\/product\/187","targetHints":{"allow":["GET"]}}],"collection":[{"href":"https:\/\/laserwelder.net\/es\/wp-json\/wp\/v2\/product"}],"about":[{"href":"https:\/\/laserwelder.net\/es\/wp-json\/wp\/v2\/types\/product"}],"replies":[{"embeddable":true,"href":"https:\/\/laserwelder.net\/es\/wp-json\/wp\/v2\/comments?post=187"}],"version-history":[{"count":0,"href":"https:\/\/laserwelder.net\/es\/wp-json\/wp\/v2\/product\/187\/revisions"}],"wp:featuredmedia":[{"embeddable":true,"href":"https:\/\/laserwelder.net\/es\/wp-json\/wp\/v2\/media\/159"}],"wp:attachment":[{"href":"https:\/\/laserwelder.net\/es\/wp-json\/wp\/v2\/media?parent=187"}],"wp:term":[{"taxonomy":"product_brand","embeddable":true,"href":"https:\/\/laserwelder.net\/es\/wp-json\/wp\/v2\/product_brand?post=187"},{"taxonomy":"product_cat","embeddable":true,"href":"https:\/\/laserwelder.net\/es\/wp-json\/wp\/v2\/product_cat?post=187"},{"taxonomy":"product_tag","embeddable":true,"href":"https:\/\/laserwelder.net\/es\/wp-json\/wp\/v2\/product_tag?post=187"}],"curies":[{"name":"wp","href":"https:\/\/api.w.org\/{rel}","templated":true}]}}