{"id":14,"date":"2019-08-09T10:08:18","date_gmt":"2019-08-09T10:08:18","guid":{"rendered":"https:\/\/laserwelder.net\/?page_id=14"},"modified":"2022-12-09T09:15:52","modified_gmt":"2022-12-09T09:15:52","slug":"gwarancja-serwisowa","status":"publish","type":"page","link":"https:\/\/laserwelder.net\/fr\/gwarancja-serwisowa\/","title":{"rendered":"Gwarancja serwisowa"},"content":{"rendered":"<p>[et_pb_section fb_built=&#8221;1&#8243; _builder_version=&#8221;3.22.5&#8243; custom_margin=&#8221;||80px|||&#8221; custom_padding=&#8221;80px|||||&#8221;][et_pb_row _builder_version=&#8221;3.25&#8243; custom_margin=&#8221;||30px&#8221;][et_pb_column type=&#8221;4_4&#8243; _builder_version=&#8221;3.25&#8243; custom_padding=&#8221;|||&#8221; custom_padding__hover=&#8221;|||&#8221;][et_pb_text _builder_version=&#8221;3.27.4&#8243;]<\/p>\n<p class=\"subtitle\">gwarantujemy bezpiecze\u0144stwo<\/p>\n<h2><span class=\"orange\">Gwarancja<\/span> serwisowa<\/h2>\n<p>[\/et_pb_text][\/et_pb_column][\/et_pb_row][et_pb_row column_structure=&#8221;1_2,1_2&#8243; use_custom_gutter=&#8221;on&#8221; gutter_width=&#8221;3&#8243; _builder_version=&#8221;3.25&#8243;][et_pb_column type=&#8221;1_2&#8243; _builder_version=&#8221;3.25&#8243; custom_padding=&#8221;|||&#8221; custom_padding__hover=&#8221;|||&#8221;][et_pb_text _builder_version=&#8221;3.27.4&#8243;]Pierwszy krok we wsp\u00f3\u0142pracy z klientem stanowi pomoc w wyborze spawarki laserowej dopasowanej do jego potrzeb. W\u015br\u00f3d zr\u00f3\u017cnicowanej oferty ALW doradzamy najlepsze rozwi\u0105zania maj\u0105c na uwadze materia\u0142y i oczekiwane zastosowanie spawarki laserowej przez Klienta. Pierwsze rozmowy wspieramy wykonaniem test\u00f3w na pr\u00f3bkach materia\u0142u otrzymanego od klienta, oceniamy efekt i dobieramy technologi\u0119 odpowiedni\u0105 do indywidualnych potrzeb. Je\u017celi jest taka mo\u017cliwo\u015b\u0107 zapraszamy Klienta do naszej siedziby w Bia\u0142ymstoku gdzie przeprowadzamy pokaz dzia\u0142ania laser\u00f3w spawaj\u0105cych przy jednoczesnym wykonaniu test\u00f3w materia\u0142owych. Po wyborze odpowiedniej maszyny nasz serwisant przyst\u0119puje do przygotowania urz\u0105dzenia dla konkretnego odbiorcy. \u015arednio w ci\u0105gu dw\u00f3ch miesi\u0119cy od zam\u00f3wienia maszyna jest gotowa do wysy\u0142ki. [\/et_pb_text][\/et_pb_column][et_pb_column type=&#8221;1_2&#8243; _builder_version=&#8221;3.25&#8243; custom_padding=&#8221;|||&#8221; custom_padding__hover=&#8221;|||&#8221;][et_pb_image src=&#8221;https:\/\/laserwelder.net\/wp-content\/uploads\/2019\/11\/laser-fiber-3.png&#8221; align_tablet=&#8221;center&#8221; align_phone=&#8221;&#8221; align_last_edited=&#8221;on|desktop&#8221; _builder_version=&#8221;3.23&#8243;][\/et_pb_image][\/et_pb_column][\/et_pb_row][et_pb_row _builder_version=&#8221;3.25&#8243;][et_pb_column type=&#8221;4_4&#8243; _builder_version=&#8221;3.25&#8243; custom_padding=&#8221;|||&#8221; custom_padding__hover=&#8221;|||&#8221;][et_pb_text _builder_version=&#8221;4.7.7&#8243;]<\/p>\n<p>&nbsp;<\/p>\n<p><strong>Instalujemy i szkolimy<\/strong><br \/>Nast\u0119pnym krokiem jest ustalenie z klientem terminu instalacji spawarki laserowej, kt\u00f3r\u0105 przeprowadzaj\u0105 wyspecjalizowani technicy Automatic Laser Welder. Instalacja i pierwsze uruchomienie zakupionej maszyny na stanowisku pracy odbywa si\u0119 w siedzibie klienta. Monta\u017ce realizujemy na ca\u0142ym \u015bwiecie, najcz\u0119\u015bciej montujemy maszyny w Europie, Azji i Afryce. W cenie spawarek znajduje si\u0119 r\u00f3wnie\u017c przew\u00f3z urz\u0105dze\u0144 na terenie Europy bezpo\u015brednio do odbiorcy, natomiast w przypadku drogi morskiej &#8211; do portu po\u0142o\u017conego najbli\u017cej firmy klienta. Udzielamy eksperckich szkole\u0144 \u2013 zajmuje to maksymalnie 3 dni. Ich zakres dotyczy obs\u0142ugi oprogramowania, obs\u0142ugi maszyny, konserwacji, a tak\u017ce funkcjonowania zakupionego urz\u0105dzenia.<\/p>\n<p><strong>Serwis gwarancyjny i pogwarancyjny<\/strong><br \/>Spawarki Automatic Laser Welder s\u0105 obj\u0119te gwarancj\u0105, ale r\u00f3wnie\u017c po tym czasie mo\u017cna liczy\u0107 na wsparcie &#8211; naszym priorytetem jest szybka reakcja na oczekiwania odbiorcy. W razie potrzeby jeste\u015bmy w ci\u0105gu kilku dni u klienta na terenie Europy, ze wszystkimi cz\u0119\u015bciami zamiennymi dost\u0119pnymi wprost z naszego magazynu! Wspieramy tak\u017ce klienta m. in. podczas telekonferencji. Doradzamy w sprawach technicznych drog\u0105 online w dogodnych, wcze\u015bniej uzgodnionych terminach.<br \/>Dzielimy si\u0119 swoim d\u0142ugoletnim do\u015bwiadczeniem na temat korzystania z maszyn, rozwi\u0105zujemy wszystkie problemy r\u00f3wnie\u017c w sytuacjach nietypowych.<\/p>\n<p>[\/et_pb_text][et_pb_button button_url=&#8221;https:\/\/alb.proofhub.com\/link\/form?token=ec9e877b45cd0da0883f04cbb59c2b6d79263c52&#8243; url_new_window=&#8221;on&#8221; button_text=&#8221;Zg\u0142oszenie serwisowe &#8221; button_alignment=&#8221;center&#8221; module_class=&#8221;button&#8221; _builder_version=&#8221;4.7.7&#8243; _module_preset=&#8221;default&#8221; hover_enabled=&#8221;0&#8243; custom_css_main_element=&#8221;margin-top: 2rem&#8221; sticky_enabled=&#8221;0&#8243;][\/et_pb_button][\/et_pb_column][\/et_pb_row][\/et_pb_section]<\/p>\n","protected":false},"excerpt":{"rendered":"<p>gwarantujemy bezpiecze\u0144stwo Gwarancja serwisowaPierwszy krok we wsp\u00f3\u0142pracy z klientem stanowi pomoc w wyborze spawarki laserowej dopasowanej do jego potrzeb. W\u015br\u00f3d zr\u00f3\u017cnicowanej oferty ALW doradzamy najlepsze rozwi\u0105zania maj\u0105c na uwadze materia\u0142y i oczekiwane zastosowanie spawarki laserowej przez Klienta. Pierwsze rozmowy wspieramy wykonaniem test\u00f3w na pr\u00f3bkach materia\u0142u otrzymanego od klienta, oceniamy efekt i dobieramy technologi\u0119 odpowiedni\u0105 do [&hellip;]<\/p>\n","protected":false},"author":4,"featured_media":0,"parent":0,"menu_order":0,"comment_status":"closed","ping_status":"closed","template":"","meta":{"_et_pb_use_builder":"on","_et_pb_old_content":"<!-- wp:divi\/placeholder \/-->","_et_gb_content_width":"","inline_featured_image":false,"_uf_show_specific_survey":0,"_uf_disable_surveys":false,"footnotes":""},"class_list":["post-14","page","type-page","status-publish","hentry"],"yoast_head":"<!-- This site is optimized with the Yoast SEO plugin v26.8 - https:\/\/yoast.com\/product\/yoast-seo-wordpress\/ -->\n<title>- Spawarki laserowe - Gwarancja serwisowa<\/title>\n<meta name=\"description\" content=\"Gwarantujemy wsparcie zespo\u0142u serwisant\u00f3w, zar\u00f3wno poprzez wsparcie telefoniczne i online. Gdy problem nie jest mo\u017cliwy do rozwi\u0105zania zdalnie, bezp\u0142atnie wypo\u017cyczamy laser zast\u0119pczy na czas naprawy, w okresie trwania gwarancji. Zapewniamy r\u00f3wnie\u017c pe\u0142ny serwis i pomoc pogwarancyjn\u0105.\" \/>\n<meta name=\"robots\" content=\"index, follow, max-snippet:-1, max-image-preview:large, max-video-preview:-1\" \/>\n<link rel=\"canonical\" href=\"https:\/\/laserwelder.net\/gwarancja-serwisowa\/\" \/>\n<meta property=\"og:locale\" content=\"fr_FR\" \/>\n<meta property=\"og:type\" content=\"article\" \/>\n<meta property=\"og:title\" content=\"- Spawarki laserowe - Gwarancja serwisowa\" \/>\n<meta property=\"og:description\" content=\"Gwarantujemy wsparcie zespo\u0142u serwisant\u00f3w, zar\u00f3wno poprzez wsparcie telefoniczne i online. Gdy problem nie jest mo\u017cliwy do rozwi\u0105zania zdalnie, bezp\u0142atnie wypo\u017cyczamy laser zast\u0119pczy na czas naprawy, w okresie trwania gwarancji. Zapewniamy r\u00f3wnie\u017c pe\u0142ny serwis i pomoc pogwarancyjn\u0105.\" \/>\n<meta property=\"og:url\" content=\"https:\/\/laserwelder.net\/gwarancja-serwisowa\/\" \/>\n<meta property=\"article:modified_time\" content=\"2022-12-09T09:15:52+00:00\" \/>\n<meta name=\"twitter:card\" content=\"summary_large_image\" \/>\n<meta name=\"twitter:label1\" content=\"Dur\u00e9e de lecture estim\u00e9e\" \/>\n\t<meta name=\"twitter:data1\" content=\"3 minutes\" \/>\n<script type=\"application\/ld+json\" class=\"yoast-schema-graph\">{\"@context\":\"https:\/\/schema.org\",\"@graph\":[{\"@type\":\"WebPage\",\"@id\":\"https:\/\/laserwelder.net\/gwarancja-serwisowa\/\",\"url\":\"https:\/\/laserwelder.net\/gwarancja-serwisowa\/\",\"name\":\"- Spawarki laserowe - Gwarancja serwisowa\",\"isPartOf\":{\"@id\":\"https:\/\/laserwelder.net\/#website\"},\"datePublished\":\"2019-08-09T10:08:18+00:00\",\"dateModified\":\"2022-12-09T09:15:52+00:00\",\"description\":\"Gwarantujemy wsparcie zespo\u0142u serwisant\u00f3w, zar\u00f3wno poprzez wsparcie telefoniczne i online. Gdy problem nie jest mo\u017cliwy do rozwi\u0105zania zdalnie, bezp\u0142atnie wypo\u017cyczamy laser zast\u0119pczy na czas naprawy, w okresie trwania gwarancji. Zapewniamy r\u00f3wnie\u017c pe\u0142ny serwis i pomoc pogwarancyjn\u0105.\",\"breadcrumb\":{\"@id\":\"https:\/\/laserwelder.net\/gwarancja-serwisowa\/#breadcrumb\"},\"inLanguage\":\"fr-FR\",\"potentialAction\":[{\"@type\":\"ReadAction\",\"target\":[\"https:\/\/laserwelder.net\/gwarancja-serwisowa\/\"]}]},{\"@type\":\"BreadcrumbList\",\"@id\":\"https:\/\/laserwelder.net\/gwarancja-serwisowa\/#breadcrumb\",\"itemListElement\":[{\"@type\":\"ListItem\",\"position\":1,\"name\":\"Strona g\u0142\u00f3wna\",\"item\":\"https:\/\/laserwelder.net\/fr\/\"},{\"@type\":\"ListItem\",\"position\":2,\"name\":\"Gwarancja serwisowa\"}]},{\"@type\":\"WebSite\",\"@id\":\"https:\/\/laserwelder.net\/#website\",\"url\":\"https:\/\/laserwelder.net\/\",\"name\":\"\",\"description\":\"\",\"potentialAction\":[{\"@type\":\"SearchAction\",\"target\":{\"@type\":\"EntryPoint\",\"urlTemplate\":\"https:\/\/laserwelder.net\/?s={search_term_string}\"},\"query-input\":{\"@type\":\"PropertyValueSpecification\",\"valueRequired\":true,\"valueName\":\"search_term_string\"}}],\"inLanguage\":\"fr-FR\"}]}<\/script>\n<!-- \/ Yoast SEO plugin. -->","yoast_head_json":{"title":"- Spawarki laserowe - Gwarancja serwisowa","description":"Gwarantujemy wsparcie zespo\u0142u serwisant\u00f3w, zar\u00f3wno poprzez wsparcie telefoniczne i online. Gdy problem nie jest mo\u017cliwy do rozwi\u0105zania zdalnie, bezp\u0142atnie wypo\u017cyczamy laser zast\u0119pczy na czas naprawy, w okresie trwania gwarancji. Zapewniamy r\u00f3wnie\u017c pe\u0142ny serwis i pomoc pogwarancyjn\u0105.","robots":{"index":"index","follow":"follow","max-snippet":"max-snippet:-1","max-image-preview":"max-image-preview:large","max-video-preview":"max-video-preview:-1"},"canonical":"https:\/\/laserwelder.net\/gwarancja-serwisowa\/","og_locale":"fr_FR","og_type":"article","og_title":"- Spawarki laserowe - Gwarancja serwisowa","og_description":"Gwarantujemy wsparcie zespo\u0142u serwisant\u00f3w, zar\u00f3wno poprzez wsparcie telefoniczne i online. Gdy problem nie jest mo\u017cliwy do rozwi\u0105zania zdalnie, bezp\u0142atnie wypo\u017cyczamy laser zast\u0119pczy na czas naprawy, w okresie trwania gwarancji. Zapewniamy r\u00f3wnie\u017c pe\u0142ny serwis i pomoc pogwarancyjn\u0105.","og_url":"https:\/\/laserwelder.net\/gwarancja-serwisowa\/","article_modified_time":"2022-12-09T09:15:52+00:00","twitter_card":"summary_large_image","twitter_misc":{"Dur\u00e9e de lecture estim\u00e9e":"3 minutes"},"schema":{"@context":"https:\/\/schema.org","@graph":[{"@type":"WebPage","@id":"https:\/\/laserwelder.net\/gwarancja-serwisowa\/","url":"https:\/\/laserwelder.net\/gwarancja-serwisowa\/","name":"- Spawarki laserowe - Gwarancja serwisowa","isPartOf":{"@id":"https:\/\/laserwelder.net\/#website"},"datePublished":"2019-08-09T10:08:18+00:00","dateModified":"2022-12-09T09:15:52+00:00","description":"Gwarantujemy wsparcie zespo\u0142u serwisant\u00f3w, zar\u00f3wno poprzez wsparcie telefoniczne i online. Gdy problem nie jest mo\u017cliwy do rozwi\u0105zania zdalnie, bezp\u0142atnie wypo\u017cyczamy laser zast\u0119pczy na czas naprawy, w okresie trwania gwarancji. Zapewniamy r\u00f3wnie\u017c pe\u0142ny serwis i pomoc pogwarancyjn\u0105.","breadcrumb":{"@id":"https:\/\/laserwelder.net\/gwarancja-serwisowa\/#breadcrumb"},"inLanguage":"fr-FR","potentialAction":[{"@type":"ReadAction","target":["https:\/\/laserwelder.net\/gwarancja-serwisowa\/"]}]},{"@type":"BreadcrumbList","@id":"https:\/\/laserwelder.net\/gwarancja-serwisowa\/#breadcrumb","itemListElement":[{"@type":"ListItem","position":1,"name":"Strona g\u0142\u00f3wna","item":"https:\/\/laserwelder.net\/fr\/"},{"@type":"ListItem","position":2,"name":"Gwarancja serwisowa"}]},{"@type":"WebSite","@id":"https:\/\/laserwelder.net\/#website","url":"https:\/\/laserwelder.net\/","name":"","description":"","potentialAction":[{"@type":"SearchAction","target":{"@type":"EntryPoint","urlTemplate":"https:\/\/laserwelder.net\/?s={search_term_string}"},"query-input":{"@type":"PropertyValueSpecification","valueRequired":true,"valueName":"search_term_string"}}],"inLanguage":"fr-FR"}]}},"_links":{"self":[{"href":"https:\/\/laserwelder.net\/fr\/wp-json\/wp\/v2\/pages\/14","targetHints":{"allow":["GET"]}}],"collection":[{"href":"https:\/\/laserwelder.net\/fr\/wp-json\/wp\/v2\/pages"}],"about":[{"href":"https:\/\/laserwelder.net\/fr\/wp-json\/wp\/v2\/types\/page"}],"author":[{"embeddable":true,"href":"https:\/\/laserwelder.net\/fr\/wp-json\/wp\/v2\/users\/4"}],"replies":[{"embeddable":true,"href":"https:\/\/laserwelder.net\/fr\/wp-json\/wp\/v2\/comments?post=14"}],"version-history":[{"count":15,"href":"https:\/\/laserwelder.net\/fr\/wp-json\/wp\/v2\/pages\/14\/revisions"}],"predecessor-version":[{"id":1880,"href":"https:\/\/laserwelder.net\/fr\/wp-json\/wp\/v2\/pages\/14\/revisions\/1880"}],"wp:attachment":[{"href":"https:\/\/laserwelder.net\/fr\/wp-json\/wp\/v2\/media?parent=14"}],"curies":[{"name":"wp","href":"https:\/\/api.w.org\/{rel}","templated":true}]}}