{"id":1956,"date":"2023-01-17T09:13:08","date_gmt":"2023-01-17T09:13:08","guid":{"rendered":"https:\/\/laserwelder.net\/?page_id=1956"},"modified":"2023-01-20T11:09:56","modified_gmt":"2023-01-20T11:09:56","slug":"aktualnosci","status":"publish","type":"page","link":"https:\/\/laserwelder.net\/fr\/aktualnosci\/","title":{"rendered":"Aktualno\u015bci"},"content":{"rendered":"\t\t<div data-elementor-type=\"wp-page\" data-elementor-id=\"1956\" class=\"elementor elementor-1956\" data-elementor-post-type=\"page\">\n\t\t\t\t\t\t<section class=\"elementor-section elementor-top-section elementor-element elementor-element-9db6a1a elementor-section-full_width elementor-section-height-default elementor-section-height-default\" data-id=\"9db6a1a\" data-element_type=\"section\">\n\t\t\t\t\t\t<div class=\"elementor-container elementor-column-gap-default\">\n\t\t\t\t\t<div class=\"elementor-column elementor-col-50 elementor-top-column elementor-element elementor-element-e888491\" data-id=\"e888491\" data-element_type=\"column\">\n\t\t\t<div class=\"elementor-widget-wrap elementor-element-populated\">\n\t\t\t\t\t\t<div class=\"elementor-element elementor-element-3e0f145 elementor-widget elementor-widget-image\" data-id=\"3e0f145\" data-element_type=\"widget\" data-widget_type=\"image.default\">\n\t\t\t\t<div class=\"elementor-widget-container\">\n\t\t\t\t\t\t\t\t\t\t\t\t\t\t\t<img fetchpriority=\"high\" fetchpriority=\"high\" decoding=\"async\" width=\"1024\" height=\"768\" src=\"https:\/\/laserwelder.net\/wp-content\/uploads\/2020\/11\/P1100463-1024x768.jpg\" class=\"attachment-large size-large wp-image-1197\" alt=\"\" srcset=\"https:\/\/laserwelder.net\/wp-content\/uploads\/2020\/11\/P1100463-1024x768.jpg 1024w, https:\/\/laserwelder.net\/wp-content\/uploads\/2020\/11\/P1100463-300x225.jpg 300w, https:\/\/laserwelder.net\/wp-content\/uploads\/2020\/11\/P1100463-768x576.jpg 768w, https:\/\/laserwelder.net\/wp-content\/uploads\/2020\/11\/P1100463-510x382.jpg 510w, https:\/\/laserwelder.net\/wp-content\/uploads\/2020\/11\/P1100463-1080x810.jpg 1080w, https:\/\/laserwelder.net\/wp-content\/uploads\/2020\/11\/P1100463-600x450.jpg 600w, https:\/\/laserwelder.net\/wp-content\/uploads\/2020\/11\/P1100463.jpg 1600w\" sizes=\"(max-width: 1024px) 100vw, 1024px\" \/>\t\t\t\t\t\t\t\t\t\t\t\t\t\t\t<\/div>\n\t\t\t\t<\/div>\n\t\t\t\t\t<\/div>\n\t\t<\/div>\n\t\t\t\t<div class=\"elementor-column elementor-col-50 elementor-top-column elementor-element elementor-element-c9487c5\" data-id=\"c9487c5\" data-element_type=\"column\">\n\t\t\t<div class=\"elementor-widget-wrap elementor-element-populated\">\n\t\t\t\t\t\t<div class=\"elementor-element elementor-element-dfff6ab elementor-widget elementor-widget-heading\" data-id=\"dfff6ab\" data-element_type=\"widget\" data-widget_type=\"heading.default\">\n\t\t\t\t<div class=\"elementor-widget-container\">\n\t\t\t\t\t<h2 class=\"elementor-heading-title elementor-size-default\">Aktualno\u015bci<\/h2>\t\t\t\t<\/div>\n\t\t\t\t<\/div>\n\t\t\t\t<div class=\"elementor-element elementor-element-0315fd4 elementor-widget elementor-widget-text-editor\" data-id=\"0315fd4\" data-element_type=\"widget\" data-widget_type=\"text-editor.default\">\n\t\t\t\t<div class=\"elementor-widget-container\">\n\t\t\t\t\t\t\t\t\t<div class=\"w-full border-b border-black\/10 dark:border-gray-900\/50 text-gray-800 dark:text-gray-100 group bg-gray-50 dark:bg-[#444654]\"><div class=\"text-base gap-4 md:gap-6 m-auto md:max-w-2xl lg:max-w-2xl xl:max-w-3xl p-4 md:py-6 flex lg:px-0\"><div class=\"relative flex w-[calc(100%-50px)] md:flex-col lg:w-[calc(100%-115px)]\"><div class=\"flex flex-grow flex-col gap-3\"><div class=\"min-h-[20px] flex flex-col items-start gap-4 whitespace-pre-wrap\"><div class=\"markdown prose w-full break-words dark:prose-invert dark\"><p>W tej zak\u0142adce znajd\u0105 Pa\u0144stwo najnowsze informacje na temat naszych produkt\u00f3w, innowacji i osi\u0105gni\u0119\u0107 w dziedzinie spawania laserowego. B\u0119dziemy na bie\u017c\u0105co aktualizowa\u0107 informacje o nowych produktach, wydarzeniach bran\u017cowych, w kt\u00f3rych bierzemy udzia\u0142, oraz innych wa\u017cnych dla nas i naszych klient\u00f3w wiadomo\u015bciach. Zapraszamy do regularnego odwiedzania tej zak\u0142adki, aby by\u0107 na bie\u017c\u0105co z tym, co dzieje si\u0119 w naszej firmie.<\/p><\/div><\/div><\/div><div class=\"text-gray-400 flex self-end lg:self-center justify-center mt-2 gap-4 lg:gap-1 lg:absolute lg:top-0 lg:translate-x-full lg:right-0 lg:mt-0 lg:pl-2 visible\">\u00a0<\/div><\/div><\/div><\/div>\t\t\t\t\t\t\t\t<\/div>\n\t\t\t\t<\/div>\n\t\t\t\t\t<\/div>\n\t\t<\/div>\n\t\t\t\t\t<\/div>\n\t\t<\/section>\n\t\t\t\t<section class=\"elementor-section elementor-top-section elementor-element elementor-element-ed4d82e elementor-section-full_width elementor-section-height-default elementor-section-height-default\" data-id=\"ed4d82e\" data-element_type=\"section\">\n\t\t\t\t\t\t<div class=\"elementor-container elementor-column-gap-default\">\n\t\t\t\t\t<div class=\"elementor-column elementor-col-100 elementor-top-column elementor-element elementor-element-8f9d82d\" data-id=\"8f9d82d\" data-element_type=\"column\">\n\t\t\t<div class=\"elementor-widget-wrap elementor-element-populated\">\n\t\t\t\t\t\t<div class=\"elementor-element elementor-element-98a4706 elementor-widget elementor-widget-heading\" data-id=\"98a4706\" data-element_type=\"widget\" data-widget_type=\"heading.default\">\n\t\t\t\t<div class=\"elementor-widget-container\">\n\t\t\t\t\t<h2 class=\"elementor-heading-title elementor-size-default\">Wydarzenia 2023<\/h2>\t\t\t\t<\/div>\n\t\t\t\t<\/div>\n\t\t\t\t\t<\/div>\n\t\t<\/div>\n\t\t\t\t\t<\/div>\n\t\t<\/section>\n\t\t\t\t<section class=\"elementor-section elementor-top-section elementor-element elementor-element-b0ee86c elementor-section-boxed elementor-section-height-default elementor-section-height-default\" data-id=\"b0ee86c\" data-element_type=\"section\">\n\t\t\t\t\t\t<div class=\"elementor-container elementor-column-gap-default\">\n\t\t\t\t\t<div class=\"elementor-column elementor-col-50 elementor-top-column elementor-element elementor-element-73508d9\" data-id=\"73508d9\" data-element_type=\"column\">\n\t\t\t<div class=\"elementor-widget-wrap elementor-element-populated\">\n\t\t\t\t\t\t<div class=\"elementor-element elementor-element-1f343a5 elementor-widget elementor-widget-image\" data-id=\"1f343a5\" data-element_type=\"widget\" data-widget_type=\"image.default\">\n\t\t\t\t<div class=\"elementor-widget-container\">\n\t\t\t\t\t\t\t\t\t\t\t\t\t\t\t<img decoding=\"async\" width=\"1200\" height=\"200\" src=\"https:\/\/laserwelder.net\/wp-content\/uploads\/2023\/01\/met-werd.png\" class=\"attachment-full size-full wp-image-1965\" alt=\"\" srcset=\"https:\/\/laserwelder.net\/wp-content\/uploads\/2023\/01\/met-werd.png 1200w, https:\/\/laserwelder.net\/wp-content\/uploads\/2023\/01\/met-werd-980x163.png 980w, https:\/\/laserwelder.net\/wp-content\/uploads\/2023\/01\/met-werd-480x80.png 480w\" sizes=\"(min-width: 0px) and (max-width: 480px) 480px, (min-width: 481px) and (max-width: 980px) 980px, (min-width: 981px) 1200px, 100vw\" \/>\t\t\t\t\t\t\t\t\t\t\t\t\t\t\t<\/div>\n\t\t\t\t<\/div>\n\t\t\t\t<div class=\"elementor-element elementor-element-c7e1fac elementor-widget elementor-widget-text-editor\" data-id=\"c7e1fac\" data-element_type=\"widget\" data-widget_type=\"text-editor.default\">\n\t\t\t\t<div class=\"elementor-widget-container\">\n\t\t\t\t\t\t\t\t\t<div class=\"w-full border-b border-black\/10 dark:border-gray-900\/50 text-gray-800 dark:text-gray-100 group bg-gray-50 dark:bg-[#444654]\"><div class=\"text-base gap-4 md:gap-6 m-auto md:max-w-2xl lg:max-w-2xl xl:max-w-3xl p-4 md:py-6 flex lg:px-0\"><div class=\"relative flex w-[calc(100%-50px)] md:flex-col lg:w-[calc(100%-115px)]\"><div class=\"flex flex-grow flex-col gap-3\"><div class=\"min-h-[20px] flex flex-col items-start gap-4 whitespace-pre-wrap\"><div class=\"markdown prose w-full break-words dark:prose-invert dark\"><p>Zapraszamy na wydarzenie bran\u017cowe &#8211; Targi Metaltech w Warszawie! Kt\u00f3re odb\u0119d\u0105 si\u0119 dn. <strong>24-26 stycznia 2023<\/strong> B\u0119dzie to doskona\u0142a okazja, aby pozna\u0107 najnowsze rozwi\u0105zania w dziedzinie spawania laserowego i porozmawia\u0107 z naszymi specjalistami. B\u0119dziemy prezentowa\u0107 nasze najnowsze modele spawarek laserowych oraz innowacyjne rozwi\u0105zania, kt\u00f3re pomog\u0105 Pa\u0144stwu zwi\u0119kszy\u0107 wydajno\u015b\u0107 i jako\u015b\u0107 spaw\u00f3w. Spotkajmy si\u0119 na stoisku numer <strong>B1.16<\/strong> i poznajmy si\u0119 bli\u017cej! &#8220;<\/p><\/div><\/div><\/div><\/div><\/div><\/div>\t\t\t\t\t\t\t\t<\/div>\n\t\t\t\t<\/div>\n\t\t\t\t\t<\/div>\n\t\t<\/div>\n\t\t\t\t<div class=\"elementor-column elementor-col-50 elementor-top-column elementor-element elementor-element-0216406\" data-id=\"0216406\" data-element_type=\"column\">\n\t\t\t<div class=\"elementor-widget-wrap\">\n\t\t\t\t\t\t\t<\/div>\n\t\t<\/div>\n\t\t\t\t\t<\/div>\n\t\t<\/section>\n\t\t\t\t<\/div>\n\t\t","protected":false},"excerpt":{"rendered":"<p>Aktualno\u015bci W tej zak\u0142adce znajd\u0105 Pa\u0144stwo najnowsze informacje na temat naszych produkt\u00f3w, innowacji i osi\u0105gni\u0119\u0107 w dziedzinie spawania laserowego. B\u0119dziemy na bie\u017c\u0105co aktualizowa\u0107 informacje o nowych produktach, wydarzeniach bran\u017cowych, w kt\u00f3rych bierzemy udzia\u0142, oraz innych wa\u017cnych dla nas i naszych klient\u00f3w wiadomo\u015bciach. Zapraszamy do regularnego odwiedzania tej zak\u0142adki, aby by\u0107 na bie\u017c\u0105co z tym, co [&hellip;]<\/p>\n","protected":false},"author":4,"featured_media":0,"parent":0,"menu_order":0,"comment_status":"closed","ping_status":"closed","template":"elementor_header_footer","meta":{"_et_pb_use_builder":"","_et_pb_old_content":"","_et_gb_content_width":"","inline_featured_image":false,"_uf_show_specific_survey":0,"_uf_disable_surveys":false,"footnotes":""},"class_list":["post-1956","page","type-page","status-publish","hentry"],"yoast_head":"<!-- This site is optimized with the Yoast SEO plugin v26.8 - https:\/\/yoast.com\/product\/yoast-seo-wordpress\/ -->\n<title>- Spawarki laserowe - Aktualno\u015bci<\/title>\n<meta name=\"description\" content=\"Aktualno\u015bci W tej zak\u0142adce znajd\u0105 Pa\u0144stwo najnowsze informacje na temat naszych produkt\u00f3w, innowacji i osi\u0105gni\u0119\u0107 w dziedzinie spawania laserowego.\" \/>\n<meta name=\"robots\" content=\"index, follow, max-snippet:-1, max-image-preview:large, max-video-preview:-1\" \/>\n<link rel=\"canonical\" href=\"https:\/\/laserwelder.net\/aktualnosci\/\" \/>\n<meta property=\"og:locale\" content=\"fr_FR\" \/>\n<meta property=\"og:type\" content=\"article\" \/>\n<meta property=\"og:title\" content=\"- Spawarki laserowe - Aktualno\u015bci\" \/>\n<meta property=\"og:description\" content=\"Aktualno\u015bci W tej zak\u0142adce znajd\u0105 Pa\u0144stwo najnowsze informacje na temat naszych produkt\u00f3w, innowacji i osi\u0105gni\u0119\u0107 w dziedzinie spawania laserowego.\" \/>\n<meta property=\"og:url\" content=\"https:\/\/laserwelder.net\/aktualnosci\/\" \/>\n<meta property=\"article:modified_time\" content=\"2023-01-20T11:09:56+00:00\" \/>\n<meta property=\"og:image\" content=\"https:\/\/laserwelder.net\/wp-content\/uploads\/2020\/11\/P1100463-1024x768.jpg\" \/>\n<meta name=\"twitter:card\" content=\"summary_large_image\" \/>\n<meta name=\"twitter:label1\" content=\"Dur\u00e9e de lecture estim\u00e9e\" \/>\n\t<meta name=\"twitter:data1\" content=\"1 minute\" \/>\n<script type=\"application\/ld+json\" class=\"yoast-schema-graph\">{\"@context\":\"https:\/\/schema.org\",\"@graph\":[{\"@type\":\"WebPage\",\"@id\":\"https:\/\/laserwelder.net\/aktualnosci\/\",\"url\":\"https:\/\/laserwelder.net\/aktualnosci\/\",\"name\":\"- Spawarki laserowe - Aktualno\u015bci\",\"isPartOf\":{\"@id\":\"https:\/\/laserwelder.net\/#website\"},\"primaryImageOfPage\":{\"@id\":\"https:\/\/laserwelder.net\/aktualnosci\/#primaryimage\"},\"image\":{\"@id\":\"https:\/\/laserwelder.net\/aktualnosci\/#primaryimage\"},\"thumbnailUrl\":\"https:\/\/laserwelder.net\/wp-content\/uploads\/2020\/11\/P1100463-1024x768.jpg\",\"datePublished\":\"2023-01-17T09:13:08+00:00\",\"dateModified\":\"2023-01-20T11:09:56+00:00\",\"description\":\"Aktualno\u015bci W tej zak\u0142adce znajd\u0105 Pa\u0144stwo najnowsze informacje na temat naszych produkt\u00f3w, innowacji i osi\u0105gni\u0119\u0107 w dziedzinie spawania laserowego.\",\"breadcrumb\":{\"@id\":\"https:\/\/laserwelder.net\/aktualnosci\/#breadcrumb\"},\"inLanguage\":\"fr-FR\",\"potentialAction\":[{\"@type\":\"ReadAction\",\"target\":[\"https:\/\/laserwelder.net\/aktualnosci\/\"]}]},{\"@type\":\"ImageObject\",\"inLanguage\":\"fr-FR\",\"@id\":\"https:\/\/laserwelder.net\/aktualnosci\/#primaryimage\",\"url\":\"https:\/\/laserwelder.net\/wp-content\/uploads\/2020\/11\/P1100463-1024x768.jpg\",\"contentUrl\":\"https:\/\/laserwelder.net\/wp-content\/uploads\/2020\/11\/P1100463-1024x768.jpg\"},{\"@type\":\"BreadcrumbList\",\"@id\":\"https:\/\/laserwelder.net\/aktualnosci\/#breadcrumb\",\"itemListElement\":[{\"@type\":\"ListItem\",\"position\":1,\"name\":\"Strona g\u0142\u00f3wna\",\"item\":\"https:\/\/laserwelder.net\/fr\/\"},{\"@type\":\"ListItem\",\"position\":2,\"name\":\"Aktualno\u015bci\"}]},{\"@type\":\"WebSite\",\"@id\":\"https:\/\/laserwelder.net\/#website\",\"url\":\"https:\/\/laserwelder.net\/\",\"name\":\"\",\"description\":\"\",\"potentialAction\":[{\"@type\":\"SearchAction\",\"target\":{\"@type\":\"EntryPoint\",\"urlTemplate\":\"https:\/\/laserwelder.net\/?s={search_term_string}\"},\"query-input\":{\"@type\":\"PropertyValueSpecification\",\"valueRequired\":true,\"valueName\":\"search_term_string\"}}],\"inLanguage\":\"fr-FR\"}]}<\/script>\n<!-- \/ Yoast SEO plugin. -->","yoast_head_json":{"title":"- Spawarki laserowe - Aktualno\u015bci","description":"Aktualno\u015bci W tej zak\u0142adce znajd\u0105 Pa\u0144stwo najnowsze informacje na temat naszych produkt\u00f3w, innowacji i osi\u0105gni\u0119\u0107 w dziedzinie spawania laserowego.","robots":{"index":"index","follow":"follow","max-snippet":"max-snippet:-1","max-image-preview":"max-image-preview:large","max-video-preview":"max-video-preview:-1"},"canonical":"https:\/\/laserwelder.net\/aktualnosci\/","og_locale":"fr_FR","og_type":"article","og_title":"- Spawarki laserowe - Aktualno\u015bci","og_description":"Aktualno\u015bci W tej zak\u0142adce znajd\u0105 Pa\u0144stwo najnowsze informacje na temat naszych produkt\u00f3w, innowacji i osi\u0105gni\u0119\u0107 w dziedzinie spawania laserowego.","og_url":"https:\/\/laserwelder.net\/aktualnosci\/","article_modified_time":"2023-01-20T11:09:56+00:00","og_image":[{"url":"https:\/\/laserwelder.net\/wp-content\/uploads\/2020\/11\/P1100463-1024x768.jpg","type":"","width":"","height":""}],"twitter_card":"summary_large_image","twitter_misc":{"Dur\u00e9e de lecture estim\u00e9e":"1 minute"},"schema":{"@context":"https:\/\/schema.org","@graph":[{"@type":"WebPage","@id":"https:\/\/laserwelder.net\/aktualnosci\/","url":"https:\/\/laserwelder.net\/aktualnosci\/","name":"- Spawarki laserowe - Aktualno\u015bci","isPartOf":{"@id":"https:\/\/laserwelder.net\/#website"},"primaryImageOfPage":{"@id":"https:\/\/laserwelder.net\/aktualnosci\/#primaryimage"},"image":{"@id":"https:\/\/laserwelder.net\/aktualnosci\/#primaryimage"},"thumbnailUrl":"https:\/\/laserwelder.net\/wp-content\/uploads\/2020\/11\/P1100463-1024x768.jpg","datePublished":"2023-01-17T09:13:08+00:00","dateModified":"2023-01-20T11:09:56+00:00","description":"Aktualno\u015bci W tej zak\u0142adce znajd\u0105 Pa\u0144stwo najnowsze informacje na temat naszych produkt\u00f3w, innowacji i osi\u0105gni\u0119\u0107 w dziedzinie spawania laserowego.","breadcrumb":{"@id":"https:\/\/laserwelder.net\/aktualnosci\/#breadcrumb"},"inLanguage":"fr-FR","potentialAction":[{"@type":"ReadAction","target":["https:\/\/laserwelder.net\/aktualnosci\/"]}]},{"@type":"ImageObject","inLanguage":"fr-FR","@id":"https:\/\/laserwelder.net\/aktualnosci\/#primaryimage","url":"https:\/\/laserwelder.net\/wp-content\/uploads\/2020\/11\/P1100463-1024x768.jpg","contentUrl":"https:\/\/laserwelder.net\/wp-content\/uploads\/2020\/11\/P1100463-1024x768.jpg"},{"@type":"BreadcrumbList","@id":"https:\/\/laserwelder.net\/aktualnosci\/#breadcrumb","itemListElement":[{"@type":"ListItem","position":1,"name":"Strona g\u0142\u00f3wna","item":"https:\/\/laserwelder.net\/fr\/"},{"@type":"ListItem","position":2,"name":"Aktualno\u015bci"}]},{"@type":"WebSite","@id":"https:\/\/laserwelder.net\/#website","url":"https:\/\/laserwelder.net\/","name":"","description":"","potentialAction":[{"@type":"SearchAction","target":{"@type":"EntryPoint","urlTemplate":"https:\/\/laserwelder.net\/?s={search_term_string}"},"query-input":{"@type":"PropertyValueSpecification","valueRequired":true,"valueName":"search_term_string"}}],"inLanguage":"fr-FR"}]}},"_links":{"self":[{"href":"https:\/\/laserwelder.net\/fr\/wp-json\/wp\/v2\/pages\/1956","targetHints":{"allow":["GET"]}}],"collection":[{"href":"https:\/\/laserwelder.net\/fr\/wp-json\/wp\/v2\/pages"}],"about":[{"href":"https:\/\/laserwelder.net\/fr\/wp-json\/wp\/v2\/types\/page"}],"author":[{"embeddable":true,"href":"https:\/\/laserwelder.net\/fr\/wp-json\/wp\/v2\/users\/4"}],"replies":[{"embeddable":true,"href":"https:\/\/laserwelder.net\/fr\/wp-json\/wp\/v2\/comments?post=1956"}],"version-history":[{"count":16,"href":"https:\/\/laserwelder.net\/fr\/wp-json\/wp\/v2\/pages\/1956\/revisions"}],"predecessor-version":[{"id":1991,"href":"https:\/\/laserwelder.net\/fr\/wp-json\/wp\/v2\/pages\/1956\/revisions\/1991"}],"wp:attachment":[{"href":"https:\/\/laserwelder.net\/fr\/wp-json\/wp\/v2\/media?parent=1956"}],"curies":[{"name":"wp","href":"https:\/\/api.w.org\/{rel}","templated":true}]}}