{"id":185,"date":"2019-08-24T11:07:12","date_gmt":"2019-08-24T11:07:12","guid":{"rendered":"https:\/\/laserwelder.net\/?post_type=product&#038;p=185"},"modified":"2025-12-02T17:38:54","modified_gmt":"2025-12-02T17:38:54","slug":"alw-speed-master-500w-fiber-yag","status":"publish","type":"product","link":"https:\/\/laserwelder.net\/fr\/produkt\/alw-speed-master-500w-fiber-yag\/","title":{"rendered":"ALW-SPEED MASTER 500W FIBER YAG"},"content":{"rendered":"<p>[et_pb_section fb_built=&#8221;1&#8243; _builder_version=&#8221;3.22&#8243; custom_padding=&#8221;0px||||false|false&#8221;][et_pb_row _builder_version=&#8221;3.25&#8243; background_size=&#8221;initial&#8221; background_position=&#8221;top_left&#8221; background_repeat=&#8221;repeat&#8221; width=&#8221;100%&#8221; custom_padding=&#8221;0px||0px||false|false&#8221;][et_pb_column type=&#8221;4_4&#8243; _builder_version=&#8221;3.25&#8243; custom_padding=&#8221;|||&#8221; custom_padding__hover=&#8221;|||&#8221;][et_pb_wc_breadcrumb _builder_version=&#8221;3.0.47&#8243;][\/et_pb_wc_breadcrumb][et_pb_wc_cart_notice _builder_version=&#8221;3.0.47&#8243;][\/et_pb_wc_cart_notice][\/et_pb_column][\/et_pb_row][et_pb_row _builder_version=&#8221;3.25&#8243; background_size=&#8221;initial&#8221; background_position=&#8221;top_left&#8221; background_repeat=&#8221;repeat&#8221; width=&#8221;100%&#8221; custom_padding=&#8221;0px||||false|false&#8221; column_structure=&#8221;1_2,1_2&#8243;][et_pb_column type=&#8221;1_2&#8243; _builder_version=&#8221;3.25&#8243; custom_padding=&#8221;|||&#8221; custom_padding__hover=&#8221;|||&#8221;][et_pb_wc_images _builder_version=&#8221;3.0.47&#8243;][\/et_pb_wc_images][\/et_pb_column][et_pb_column type=&#8221;1_2&#8243; _builder_version=&#8221;3.25&#8243; custom_padding=&#8221;|||&#8221; custom_padding__hover=&#8221;|||&#8221;][et_pb_wc_title _builder_version=&#8221;3.0.47&#8243;][\/et_pb_wc_title][et_pb_wc_rating _builder_version=&#8221;3.0.47&#8243;][\/et_pb_wc_rating][et_pb_wc_price _builder_version=&#8221;3.0.47&#8243;][\/et_pb_wc_price][et_pb_wc_description _builder_version=&#8221;3.0.47&#8243;][\/et_pb_wc_description][et_pb_wc_add_to_cart _builder_version=&#8221;3.0.47&#8243;][\/et_pb_wc_add_to_cart][et_pb_wc_meta _builder_version=&#8221;3.0.47&#8243;][\/et_pb_wc_meta][\/et_pb_column][\/et_pb_row][et_pb_row _builder_version=&#8221;3.25&#8243; background_size=&#8221;initial&#8221; background_position=&#8221;top_left&#8221; background_repeat=&#8221;repeat&#8221; width=&#8221;100%&#8221;][et_pb_column type=&#8221;4_4&#8243; _builder_version=&#8221;3.25&#8243; custom_padding=&#8221;|||&#8221; custom_padding__hover=&#8221;|||&#8221;][et_pb_wc_tabs _builder_version=&#8221;3.0.47&#8243;]\t\t\t\t\t[\/et_pb_wc_tabs][et_pb_wc_upsells _builder_version=&#8221;3.0.47&#8243;][\/et_pb_wc_upsells][et_pb_wc_related_products _builder_version=&#8221;3.0.47&#8243;][\/et_pb_wc_related_products][\/et_pb_column][\/et_pb_row][\/et_pb_section][et_pb_section fb_built=&#8221;1&#8243; module_class=&#8221;sekcja-opis-produktu&#8221; _builder_version=&#8221;3.22.5&#8243; collapsed=&#8221;off&#8221;][et_pb_row make_equal=&#8221;on&#8221; module_class=&#8221;wiersz-opis-produktu&#8221; _builder_version=&#8221;3.25&#8243; column_structure=&#8221;1_2,1_2&#8243;][et_pb_column type=&#8221;1_2&#8243; module_class=&#8221;wiersz-opis-produktu-left&#8221; _builder_version=&#8221;3.25&#8243; custom_padding=&#8221;|||&#8221; custom_padding__hover=&#8221;|||&#8221;][et_pb_image src=&#8221;https:\/\/laserwelder.net\/wp-content\/uploads\/2019\/08\/Speed-master-500-w-fiber-kolko.jpg&#8221; align_tablet=&#8221;center&#8221; align_last_edited=&#8221;on|desktop&#8221; module_class=&#8221;opis-produktu-obraz&#8221; _builder_version=&#8221;3.23&#8243;][\/et_pb_image][\/et_pb_column][et_pb_column type=&#8221;1_2&#8243; module_class=&#8221;wiersz-opis-produktu-right flex-center&#8221; _builder_version=&#8221;3.25&#8243; custom_padding=&#8221;|||&#8221; custom_padding__hover=&#8221;|||&#8221;][et_pb_text module_class=&#8221;opis-produktu-tekst&#8221; _builder_version=&#8221;3.27.4&#8243;]<\/p>\n<h4>W\u0142a\u015bciwo\u015bci:<\/h4>\n<ul>\n<li>Laserowe zgrzewanie pozwala unikn\u0105\u0107 przetopie\u0144 na zewn\u0119trznej stronie ta\u015bmy i obr\u00f3bki polerskiej materia\u0142u<\/li>\n<li>Automat ten mo\u017ce realizowa\u0107 zadania o r\u00f3\u017cnym stopniu trudno\u015bci<\/li>\n<li>Doskonale radzi sobie ze spawaniem element\u00f3w o bardzo ma\u0142ych rozmiarach<\/li>\n<li>Posiada regulacj\u0119 g\u0142owicy roboczej<\/li>\n<li>Zgrzewa r\u00f3\u017cne stale do 3 &#8211; 4 mm, a tak\u017ce aluminium do 1 mm grubo\u015bci<\/li>\n<li>Moc znamionowa automatu wynosi 500W<\/li>\n<li>Minimalna powierzchnia spawu wynosi 0,3 m<\/li>\n<\/ul>\n<p>[\/et_pb_text][\/et_pb_column][\/et_pb_row][et_pb_row make_equal=&#8221;on&#8221; module_class=&#8221;wiersz-opis-produktu first&#8221; _builder_version=&#8221;3.25&#8243; width=&#8221;100%&#8221; max_width=&#8221;2560px&#8221; column_structure=&#8221;1_2,1_2&#8243;][et_pb_column type=&#8221;1_2&#8243; module_class=&#8221;wiersz-opis-produktu-left flex-center&#8221; _builder_version=&#8221;3.25&#8243; custom_padding=&#8221;|||&#8221; custom_padding__hover=&#8221;|||&#8221;][et_pb_text module_class=&#8221;opis-produktu-tekst&#8221; _builder_version=&#8221;3.27.4&#8243;]<\/p>\n<h4>Nowo\u015bci:<\/h4>\n<ul>\n<li>zwi\u0119kszona moc lasera z 400W na 500W,<\/li>\n<li>nowy panel sterowania LCD,<\/li>\n<li>nowy system sterowania oparty na Windows,<\/li>\n<li>nowy system optyczny,<\/li>\n<li>bardzo dobrze spawa aluminium.<\/li>\n<\/ul>\n<p>[\/et_pb_text][\/et_pb_column][et_pb_column type=&#8221;1_2&#8243; module_class=&#8221;wiersz-opis-produktu-right&#8221; _builder_version=&#8221;3.25&#8243; background_image=&#8221;https:\/\/laserwelder.net\/wp-content\/uploads\/2019\/08\/laserek.jpg&#8221; custom_padding=&#8221;|||&#8221; custom_padding__hover=&#8221;|||&#8221;][\/et_pb_column][\/et_pb_row][et_pb_row make_equal=&#8221;on&#8221; module_class=&#8221;wiersz-opis-produktu second&#8221; _builder_version=&#8221;3.25&#8243; width=&#8221;100%&#8221; max_width=&#8221;2560px&#8221; column_structure=&#8221;1_2,1_2&#8243;][et_pb_column type=&#8221;1_2&#8243; module_class=&#8221;wiersz-opis-produktu-left&#8221; _builder_version=&#8221;3.25&#8243; background_image=&#8221;https:\/\/laserwelder.net\/wp-content\/uploads\/2019\/08\/laser-5.jpg&#8221; custom_padding=&#8221;|||&#8221; custom_padding__hover=&#8221;|||&#8221;][\/et_pb_column][et_pb_column type=&#8221;1_2&#8243; module_class=&#8221;wiersz-opis-produktu-right flex-center&#8221; _builder_version=&#8221;3.25&#8243; custom_padding=&#8221;|||&#8221; custom_padding__hover=&#8221;|||&#8221;][et_pb_text module_class=&#8221;opis-produktu-tekst&#8221; _builder_version=&#8221;3.27.4&#8243;]<\/p>\n<h4>Wsparcie techniczne<\/h4>\n<p>Naszym Klientom zapewniamy serwis gwarancyjny i pogwarancyjny, a tak\u017ce wsparcie na ka\u017cdym etapie u\u017cytkowania maszyny. Pomagamy i doradzamy w zakresie jak najtrafniejszego wyboru automatu zgodnie z oczekiwaniami klienta.<br \/>\nZapewniamy transport maszyny, szkolenie i wsparcie techniczne.<\/p>\n<p>[\/et_pb_text][\/et_pb_column][\/et_pb_row][\/et_pb_section][et_pb_section fb_built=&#8221;1&#8243; module_class=&#8221;sekcja-produkt-cta&#8221; _builder_version=&#8221;3.22.5&#8243;][et_pb_row module_class=&#8221;wiersz-produkt-cta&#8221; _builder_version=&#8221;3.25&#8243;][et_pb_column type=&#8221;4_4&#8243; module_class=&#8221;wiersz-produkt-cta-kolumna&#8221; _builder_version=&#8221;3.25&#8243; custom_padding=&#8221;|||&#8221; custom_padding__hover=&#8221;|||&#8221;][et_pb_cta title=&#8221;Skontaktuj si\u0119 z doradc\u0105 technicznym&#8221; button_url=&#8221;\/alw\/kontakt&#8221; module_class=&#8221;produkt-cta&#8221; _builder_version=&#8221;3.22.5&#8243;]<\/p>\n<p><a href=\"mailto:#\">biuro@letterbender.com<\/a><a href=\"tel:+48055234065\">+48 85 710 23 78<\/a><\/p>\n<p>[\/et_pb_cta][\/et_pb_column][\/et_pb_row][\/et_pb_section]<\/p>\n","protected":false},"excerpt":{"rendered":"<p>ALB-SPEED MASTER 500W FIBER YAG to nowoczesna zgrzewarka laserowa do r\u0119cznego spawania przy u\u017cyciu optycznej g\u0142owicy spawaj\u0105cej w kszta\u0142cie pistoletu. D\u0142ugi przew\u00f3d \u015bwiat\u0142owodowy \u0142\u0105cz\u0105cy \u017ar\u00f3d\u0142o \u015bwiat\u0142a lasera z g\u0142owic\u0105 pozwala na \u0142atwe i szybkie spawanie nawet najbardziej skomplikowanych konstrukcji przestrzennych w niedost\u0119pnych miejscach.<\/p>\n<p>Laser Nd:YAG zastosowany w urz\u0105dzeniu umo\u017cliwia \u0142\u0105czenie cienkich blach z r\u00f3\u017cnego typu metali (np.: stal nierdzewna, stal czarna, aluminium, mosi\u0105dz, tytan, mied\u017a etc.), a tak\u017ce spajanie r\u00f3\u017cnego typu materia\u0142\u00f3w ze sob\u0105 (np.: stal nierdzewna 2 mm i stal czarna 0,6 mm). Impulsowy tryb pracy spawarki laserowej znacznie przyspiesza proces spawania, a uzyskane spawy odznaczaj\u0105 si\u0119 wysok\u0105 jako\u015bci\u0105 i odpowiedni\u0105 jednorodno\u015bci\u0105. Niew\u0105tpliw\u0105 zalet\u0105 spawarki jest mo\u017cliwo\u015b\u0107 zgrzewania bardzo cienkich blach bez ich przegrzewania i przepale\u0144.<\/p>\n","protected":false},"featured_media":618,"comment_status":"open","ping_status":"closed","template":"","meta":{"_et_pb_use_builder":"on","_et_pb_old_content":"","_et_gb_content_width":"","inline_featured_image":false,"_uf_show_specific_survey":0,"_uf_disable_surveys":false},"product_brand":[],"product_cat":[17],"product_tag":[],"class_list":{"0":"post-185","1":"product","2":"type-product","3":"status-publish","4":"has-post-thumbnail","6":"product_cat-spawarka-laserowa","8":"first","9":"instock","10":"shipping-taxable","11":"product-type-simple"},"yoast_head":"<!-- This site is optimized with the Yoast SEO plugin v26.8 - https:\/\/yoast.com\/product\/yoast-seo-wordpress\/ -->\n<title>Zgrzewarka laserowa ALW-Speed Master 500W Fiber YAG<\/title>\n<meta name=\"description\" content=\"ALB-SPEED MASTER 500W FIBER YAG to nowoczesna zgrzewarka laserowa do r\u0119cznego spawania przy u\u017cyciu optycznej g\u0142owicy spawaj\u0105cej w kszta\u0142cie pistoletu\" \/>\n<meta name=\"robots\" content=\"index, follow, max-snippet:-1, max-image-preview:large, max-video-preview:-1\" \/>\n<link rel=\"canonical\" href=\"https:\/\/laserwelder.net\/produkt\/alw-speed-master-500w-fiber-yag\/\" \/>\n<meta property=\"og:locale\" content=\"fr_FR\" \/>\n<meta property=\"og:type\" content=\"article\" \/>\n<meta property=\"og:title\" content=\"Zgrzewarka laserowa ALW-Speed Master 500W Fiber YAG\" \/>\n<meta property=\"og:description\" content=\"ALB-SPEED MASTER 500W FIBER YAG to nowoczesna zgrzewarka laserowa do r\u0119cznego spawania przy u\u017cyciu optycznej g\u0142owicy spawaj\u0105cej w kszta\u0142cie pistoletu\" \/>\n<meta property=\"og:url\" content=\"https:\/\/laserwelder.net\/produkt\/alw-speed-master-500w-fiber-yag\/\" \/>\n<meta property=\"article:modified_time\" content=\"2025-12-02T17:38:54+00:00\" \/>\n<meta property=\"og:image\" content=\"https:\/\/laserwelder.net\/wp-content\/uploads\/2019\/08\/P1080029.jpg\" \/>\n\t<meta property=\"og:image:width\" content=\"1600\" \/>\n\t<meta property=\"og:image:height\" content=\"1587\" \/>\n\t<meta property=\"og:image:type\" content=\"image\/jpeg\" \/>\n<meta name=\"twitter:card\" content=\"summary_large_image\" \/>\n<meta name=\"twitter:label1\" content=\"Dur\u00e9e de lecture estim\u00e9e\" \/>\n\t<meta name=\"twitter:data1\" content=\"4 minutes\" \/>\n<script type=\"application\/ld+json\" class=\"yoast-schema-graph\">{\"@context\":\"https:\/\/schema.org\",\"@graph\":[{\"@type\":\"WebPage\",\"@id\":\"https:\/\/laserwelder.net\/produkt\/alw-speed-master-500w-fiber-yag\/\",\"url\":\"https:\/\/laserwelder.net\/produkt\/alw-speed-master-500w-fiber-yag\/\",\"name\":\"Zgrzewarka laserowa ALW-Speed Master 500W Fiber YAG\",\"isPartOf\":{\"@id\":\"https:\/\/laserwelder.net\/#website\"},\"primaryImageOfPage\":{\"@id\":\"https:\/\/laserwelder.net\/produkt\/alw-speed-master-500w-fiber-yag\/#primaryimage\"},\"image\":{\"@id\":\"https:\/\/laserwelder.net\/produkt\/alw-speed-master-500w-fiber-yag\/#primaryimage\"},\"thumbnailUrl\":\"https:\/\/laserwelder.net\/wp-content\/uploads\/2019\/08\/P1080029.jpg\",\"datePublished\":\"2019-08-24T11:07:12+00:00\",\"dateModified\":\"2025-12-02T17:38:54+00:00\",\"description\":\"ALB-SPEED MASTER 500W FIBER YAG to nowoczesna zgrzewarka laserowa do r\u0119cznego spawania przy u\u017cyciu optycznej g\u0142owicy spawaj\u0105cej w kszta\u0142cie pistoletu\",\"breadcrumb\":{\"@id\":\"https:\/\/laserwelder.net\/produkt\/alw-speed-master-500w-fiber-yag\/#breadcrumb\"},\"inLanguage\":\"fr-FR\",\"potentialAction\":[{\"@type\":\"ReadAction\",\"target\":[\"https:\/\/laserwelder.net\/produkt\/alw-speed-master-500w-fiber-yag\/\"]}]},{\"@type\":\"ImageObject\",\"inLanguage\":\"fr-FR\",\"@id\":\"https:\/\/laserwelder.net\/produkt\/alw-speed-master-500w-fiber-yag\/#primaryimage\",\"url\":\"https:\/\/laserwelder.net\/wp-content\/uploads\/2019\/08\/P1080029.jpg\",\"contentUrl\":\"https:\/\/laserwelder.net\/wp-content\/uploads\/2019\/08\/P1080029.jpg\",\"width\":1600,\"height\":1587},{\"@type\":\"BreadcrumbList\",\"@id\":\"https:\/\/laserwelder.net\/produkt\/alw-speed-master-500w-fiber-yag\/#breadcrumb\",\"itemListElement\":[{\"@type\":\"ListItem\",\"position\":1,\"name\":\"Strona g\u0142\u00f3wna\",\"item\":\"https:\/\/laserwelder.net\/fr\/\"},{\"@type\":\"ListItem\",\"position\":2,\"name\":\"Produkty\",\"item\":\"https:\/\/laserwelder.net\/produkty\/\"},{\"@type\":\"ListItem\",\"position\":3,\"name\":\"ALW-SPEED MASTER 500W FIBER YAG\"}]},{\"@type\":\"WebSite\",\"@id\":\"https:\/\/laserwelder.net\/#website\",\"url\":\"https:\/\/laserwelder.net\/\",\"name\":\"\",\"description\":\"\",\"potentialAction\":[{\"@type\":\"SearchAction\",\"target\":{\"@type\":\"EntryPoint\",\"urlTemplate\":\"https:\/\/laserwelder.net\/?s={search_term_string}\"},\"query-input\":{\"@type\":\"PropertyValueSpecification\",\"valueRequired\":true,\"valueName\":\"search_term_string\"}}],\"inLanguage\":\"fr-FR\"}]}<\/script>\n<!-- \/ Yoast SEO plugin. -->","yoast_head_json":{"title":"Zgrzewarka laserowa ALW-Speed Master 500W Fiber YAG","description":"ALB-SPEED MASTER 500W FIBER YAG to nowoczesna zgrzewarka laserowa do r\u0119cznego spawania przy u\u017cyciu optycznej g\u0142owicy spawaj\u0105cej w kszta\u0142cie pistoletu","robots":{"index":"index","follow":"follow","max-snippet":"max-snippet:-1","max-image-preview":"max-image-preview:large","max-video-preview":"max-video-preview:-1"},"canonical":"https:\/\/laserwelder.net\/produkt\/alw-speed-master-500w-fiber-yag\/","og_locale":"fr_FR","og_type":"article","og_title":"Zgrzewarka laserowa ALW-Speed Master 500W Fiber YAG","og_description":"ALB-SPEED MASTER 500W FIBER YAG to nowoczesna zgrzewarka laserowa do r\u0119cznego spawania przy u\u017cyciu optycznej g\u0142owicy spawaj\u0105cej w kszta\u0142cie pistoletu","og_url":"https:\/\/laserwelder.net\/produkt\/alw-speed-master-500w-fiber-yag\/","article_modified_time":"2025-12-02T17:38:54+00:00","og_image":[{"width":1600,"height":1587,"url":"https:\/\/laserwelder.net\/wp-content\/uploads\/2019\/08\/P1080029.jpg","type":"image\/jpeg"}],"twitter_card":"summary_large_image","twitter_misc":{"Dur\u00e9e de lecture estim\u00e9e":"4 minutes"},"schema":{"@context":"https:\/\/schema.org","@graph":[{"@type":"WebPage","@id":"https:\/\/laserwelder.net\/produkt\/alw-speed-master-500w-fiber-yag\/","url":"https:\/\/laserwelder.net\/produkt\/alw-speed-master-500w-fiber-yag\/","name":"Zgrzewarka laserowa ALW-Speed Master 500W Fiber YAG","isPartOf":{"@id":"https:\/\/laserwelder.net\/#website"},"primaryImageOfPage":{"@id":"https:\/\/laserwelder.net\/produkt\/alw-speed-master-500w-fiber-yag\/#primaryimage"},"image":{"@id":"https:\/\/laserwelder.net\/produkt\/alw-speed-master-500w-fiber-yag\/#primaryimage"},"thumbnailUrl":"https:\/\/laserwelder.net\/wp-content\/uploads\/2019\/08\/P1080029.jpg","datePublished":"2019-08-24T11:07:12+00:00","dateModified":"2025-12-02T17:38:54+00:00","description":"ALB-SPEED MASTER 500W FIBER YAG to nowoczesna zgrzewarka laserowa do r\u0119cznego spawania przy u\u017cyciu optycznej g\u0142owicy spawaj\u0105cej w kszta\u0142cie pistoletu","breadcrumb":{"@id":"https:\/\/laserwelder.net\/produkt\/alw-speed-master-500w-fiber-yag\/#breadcrumb"},"inLanguage":"fr-FR","potentialAction":[{"@type":"ReadAction","target":["https:\/\/laserwelder.net\/produkt\/alw-speed-master-500w-fiber-yag\/"]}]},{"@type":"ImageObject","inLanguage":"fr-FR","@id":"https:\/\/laserwelder.net\/produkt\/alw-speed-master-500w-fiber-yag\/#primaryimage","url":"https:\/\/laserwelder.net\/wp-content\/uploads\/2019\/08\/P1080029.jpg","contentUrl":"https:\/\/laserwelder.net\/wp-content\/uploads\/2019\/08\/P1080029.jpg","width":1600,"height":1587},{"@type":"BreadcrumbList","@id":"https:\/\/laserwelder.net\/produkt\/alw-speed-master-500w-fiber-yag\/#breadcrumb","itemListElement":[{"@type":"ListItem","position":1,"name":"Strona g\u0142\u00f3wna","item":"https:\/\/laserwelder.net\/fr\/"},{"@type":"ListItem","position":2,"name":"Produkty","item":"https:\/\/laserwelder.net\/produkty\/"},{"@type":"ListItem","position":3,"name":"ALW-SPEED MASTER 500W FIBER YAG"}]},{"@type":"WebSite","@id":"https:\/\/laserwelder.net\/#website","url":"https:\/\/laserwelder.net\/","name":"","description":"","potentialAction":[{"@type":"SearchAction","target":{"@type":"EntryPoint","urlTemplate":"https:\/\/laserwelder.net\/?s={search_term_string}"},"query-input":{"@type":"PropertyValueSpecification","valueRequired":true,"valueName":"search_term_string"}}],"inLanguage":"fr-FR"}]}},"_links":{"self":[{"href":"https:\/\/laserwelder.net\/fr\/wp-json\/wp\/v2\/product\/185","targetHints":{"allow":["GET"]}}],"collection":[{"href":"https:\/\/laserwelder.net\/fr\/wp-json\/wp\/v2\/product"}],"about":[{"href":"https:\/\/laserwelder.net\/fr\/wp-json\/wp\/v2\/types\/product"}],"replies":[{"embeddable":true,"href":"https:\/\/laserwelder.net\/fr\/wp-json\/wp\/v2\/comments?post=185"}],"version-history":[{"count":0,"href":"https:\/\/laserwelder.net\/fr\/wp-json\/wp\/v2\/product\/185\/revisions"}],"wp:featuredmedia":[{"embeddable":true,"href":"https:\/\/laserwelder.net\/fr\/wp-json\/wp\/v2\/media\/618"}],"wp:attachment":[{"href":"https:\/\/laserwelder.net\/fr\/wp-json\/wp\/v2\/media?parent=185"}],"wp:term":[{"taxonomy":"product_brand","embeddable":true,"href":"https:\/\/laserwelder.net\/fr\/wp-json\/wp\/v2\/product_brand?post=185"},{"taxonomy":"product_cat","embeddable":true,"href":"https:\/\/laserwelder.net\/fr\/wp-json\/wp\/v2\/product_cat?post=185"},{"taxonomy":"product_tag","embeddable":true,"href":"https:\/\/laserwelder.net\/fr\/wp-json\/wp\/v2\/product_tag?post=185"}],"curies":[{"name":"wp","href":"https:\/\/api.w.org\/{rel}","templated":true}]}}