{"id":2396,"date":"2023-05-29T08:11:36","date_gmt":"2023-05-29T08:11:36","guid":{"rendered":"https:\/\/laserwelder.net\/?page_id=2396"},"modified":"2023-05-29T12:31:15","modified_gmt":"2023-05-29T12:31:15","slug":"kontakt-2","status":"publish","type":"page","link":"https:\/\/laserwelder.net\/it\/kontakt-2\/","title":{"rendered":"Kontakt"},"content":{"rendered":"\t\t<div data-elementor-type=\"wp-page\" data-elementor-id=\"2396\" class=\"elementor elementor-2396\" data-elementor-post-type=\"page\">\n\t\t\t\t\t\t<section class=\"elementor-section elementor-top-section elementor-element elementor-element-628a929c elementor-section-content-middle elementor-section-full_width elementor-section-height-default elementor-section-height-default\" data-id=\"628a929c\" data-element_type=\"section\">\n\t\t\t\t\t\t<div class=\"elementor-container elementor-column-gap-no\">\n\t\t\t\t\t<div class=\"elementor-column elementor-col-50 elementor-top-column elementor-element elementor-element-46dd4b13\" data-id=\"46dd4b13\" data-element_type=\"column\">\n\t\t\t<div class=\"elementor-widget-wrap elementor-element-populated\">\n\t\t\t\t\t\t<div class=\"elementor-element elementor-element-f05e3f1 elementor-widget elementor-widget-heading\" data-id=\"f05e3f1\" data-element_type=\"widget\" data-widget_type=\"heading.default\">\n\t\t\t\t<div class=\"elementor-widget-container\">\n\t\t\t\t\t<h1 class=\"elementor-heading-title elementor-size-default\">Kontakt<\/h1>\t\t\t\t<\/div>\n\t\t\t\t<\/div>\n\t\t\t\t<div class=\"elementor-element elementor-element-7a44b37c elementor-widget elementor-widget-text-editor\" data-id=\"7a44b37c\" data-element_type=\"widget\" data-widget_type=\"text-editor.default\">\n\t\t\t\t<div class=\"elementor-widget-container\">\n\t\t\t\t\t\t\t\t\t<div class=\"ql-block\" data-block-id=\"block-ed8ba69f-3622-46cc-900d-3aa103fb4b1c\">Jeste\u015bmy tu, aby Ci pom\u00f3c! W <strong>Automatic Laser Welder<\/strong>, zawsze cenimy mo\u017cliwo\u015b\u0107 nawi\u0105zania bezpo\u015bredniego kontaktu z naszymi klientami i partnerami.<\/div><div data-block-id=\"block-ed8ba69f-3622-46cc-900d-3aa103fb4b1c\">\u00a0<\/div><div class=\"ql-block\" data-block-id=\"block-c6e14cab-73dc-47b5-9cb8-6da3ee4384ab\">Je\u015bli masz pytania, potrzebujesz wsparcia technicznego, chcesz dowiedzie\u0107 si\u0119 wi\u0119cej o naszych us\u0142ugach lub jeste\u015b zainteresowany naszymi technologiami spawania laserowego, ch\u0119tnie odpowiemy na wszystkie Twoje pytania.<\/div><div data-block-id=\"block-c6e14cab-73dc-47b5-9cb8-6da3ee4384ab\">\u00a0<\/div><div class=\"ql-block\" data-block-id=\"block-74113cb8-8f95-4960-abbf-ebfdea0f5d86\">Zapewniamy profesjonalne doradztwo i mo\u017cemy pom\u00f3c Ci wybra\u0107 najodpowiedniejsze dla Twoich potrzeb rozwi\u0105zania spawalnicze. Wierzymy, \u017ce nawi\u0105zanie bezpo\u015bredniego kontaktu to klucz do zrozumienia Twoich unikalnych potrzeb i dostarczenia Ci najwy\u017cszej jako\u015bci us\u0142ug.<\/div>\t\t\t\t\t\t\t\t<\/div>\n\t\t\t\t<\/div>\n\t\t\t\t<div class=\"elementor-element elementor-element-23bb15c elementor-widget elementor-widget-shortcode\" data-id=\"23bb15c\" data-element_type=\"widget\" data-widget_type=\"shortcode.default\">\n\t\t\t\t<div class=\"elementor-widget-container\">\n\t\t\t\t\t\t\t<div class=\"elementor-shortcode\"><div class=\"forminator-ui forminator-custom-form forminator-custom-form-2428 forminator-design--material  forminator_ajax\" data-forminator-render=\"0\" data-form=\"forminator-module-2428\" data-uid=\"69d3f053f33dc\"><br\/><\/div><form\n\t\t\t\tid=\"forminator-module-2428\"\n\t\t\t\tclass=\"forminator-ui forminator-custom-form forminator-custom-form-2428 forminator-design--material  forminator_ajax\"\n\t\t\t\tmethod=\"post\"\n\t\t\t\tdata-forminator-render=\"0\"\n\t\t\t\tdata-form-id=\"2428\"\n\t\t\t\t\n\t\t\t\tdata-design=\"material\"\n\t\t\t\t\n\t\t\t\t\n\t\t\t\t\n\t\t\t\tdata-grid=\"open\"\n\t\t\t\t\n\t\t\t\t\n\t\t\t\tstyle=\"display: none;\"\n\t\t\t\t\n\t\t\t\tdata-uid=\"69d3f053f33dc\"\n\t\t\t><div role=\"alert\" aria-live=\"polite\" class=\"forminator-response-message forminator-error\" aria-hidden=\"true\"><\/div><div class=\"forminator-row\"><div id=\"name-1\" class=\"forminator-field-name forminator-col forminator-col-12 \"><div class=\"forminator-field\"><label for=\"forminator-field-name-1_69d3f053f33dc\" id=\"forminator-field-name-1_69d3f053f33dc-label\" class=\"forminator-label\">Imi\u0119 <span class=\"forminator-required\">*<\/span><\/label><input type=\"text\" name=\"name-1\" value=\"\" placeholder=\"Na przyk\u0142ad: Jan\" id=\"forminator-field-name-1_69d3f053f33dc\" class=\"forminator-input forminator-name--field\" aria-required=\"true\" \/><\/div><\/div><\/div><div class=\"forminator-row\"><div id=\"email-1\" class=\"forminator-field-email forminator-col forminator-col-12 \"><div class=\"forminator-field\"><label for=\"forminator-field-email-1_69d3f053f33dc\" id=\"forminator-field-email-1_69d3f053f33dc-label\" class=\"forminator-label\">Adres e-mail <span class=\"forminator-required\">*<\/span><\/label><input type=\"email\" name=\"email-1\" value=\"\" placeholder=\"Na przyk\u0142ad: jan@kowalski.com\" id=\"forminator-field-email-1_69d3f053f33dc\" class=\"forminator-input forminator-email--field\" data-required=\"true\" aria-required=\"true\" \/><\/div><\/div><\/div><div class=\"forminator-row\"><div id=\"phone-1\" class=\"forminator-field-phone forminator-col forminator-col-12 \"><div class=\"forminator-field\"><label for=\"forminator-field-phone-1_69d3f053f33dc\" id=\"forminator-field-phone-1_69d3f053f33dc-label\" class=\"forminator-label\">Numer telefonu<\/label><input type=\"text\" name=\"phone-1\" value=\"\" placeholder=\"Przyk\u0142ad. +48 100 200 300\" id=\"forminator-field-phone-1_69d3f053f33dc\" class=\"forminator-input forminator-field--phone\" data-required=\"\" aria-required=\"false\" autocomplete=\"off\" \/><\/div><\/div><\/div><div class=\"forminator-row\"><div id=\"textarea-1\" class=\"forminator-field-textarea forminator-col forminator-col-12 \"><div class=\"forminator-field\"><label for=\"forminator-field-textarea-1_69d3f053f33dc\" id=\"forminator-field-textarea-1_69d3f053f33dc-label\" class=\"forminator-label\">Wiadomo\u015b\u0107<\/label><textarea name=\"textarea-1\" placeholder=\"Wpisz swoj\u0105 wiadomo\u015b\u0107...\" id=\"forminator-field-textarea-1_69d3f053f33dc\" class=\"forminator-textarea\" rows=\"6\" style=\"min-height:140px;\" maxlength=\"180\" ><\/textarea><span id=\"forminator-field-textarea-1_69d3f053f33dc-description\" class=\"forminator-description\"><span data-limit=\"180\" data-type=\"characters\" data-editor=\"\">0 \/ 180<\/span><\/span><\/div><\/div><\/div><input type=\"hidden\" name=\"referer_url\" value=\"\" \/><div class=\"forminator-row forminator-row-last\"><div class=\"forminator-col\"><div class=\"forminator-field\"><button class=\"forminator-button forminator-button-submit\"><span>Wy\u015blij wiadomo\u015b\u0107<\/span><span aria-hidden=\"true\"><\/span><\/button><\/div><\/div><\/div><input type=\"hidden\" id=\"forminator_nonce\" name=\"forminator_nonce\" value=\"5f1832805b\" \/><input type=\"hidden\" name=\"_wp_http_referer\" value=\"\/it\/wp-json\/wp\/v2\/pages\/2396\" \/><input type=\"hidden\" name=\"form_id\" value=\"2428\"><input type=\"hidden\" name=\"page_id\" value=\"2396\"><input type=\"hidden\" name=\"form_type\" value=\"default\"><input type=\"hidden\" name=\"current_url\" value=\"https:\/\/laserwelder.net\/it\/kontakt-2\/\"><input type=\"hidden\" name=\"render_id\" value=\"0\"><input type=\"hidden\" name=\"action\" value=\"forminator_submit_form_custom-forms\"><\/form><\/div>\n\t\t\t\t\t\t<\/div>\n\t\t\t\t<\/div>\n\t\t\t\t\t<\/div>\n\t\t<\/div>\n\t\t\t\t<div class=\"elementor-column elementor-col-50 elementor-top-column elementor-element elementor-element-41c088ff\" data-id=\"41c088ff\" data-element_type=\"column\">\n\t\t\t<div class=\"elementor-widget-wrap elementor-element-populated\">\n\t\t\t\t\t\t<div class=\"elementor-element elementor-element-4070d721 elementor-widget elementor-widget-image\" data-id=\"4070d721\" data-element_type=\"widget\" data-widget_type=\"image.default\">\n\t\t\t\t<div class=\"elementor-widget-container\">\n\t\t\t\t\t\t\t\t\t\t\t\t\t\t\t<img fetchpriority=\"high\" fetchpriority=\"high\" decoding=\"async\" width=\"1600\" height=\"1200\" src=\"https:\/\/laserwelder.net\/wp-content\/uploads\/2020\/11\/P1100463.jpg\" class=\"attachment-full size-full wp-image-1197\" alt=\"\" srcset=\"https:\/\/laserwelder.net\/wp-content\/uploads\/2020\/11\/P1100463.jpg 1600w, https:\/\/laserwelder.net\/wp-content\/uploads\/2020\/11\/P1100463-300x225.jpg 300w, https:\/\/laserwelder.net\/wp-content\/uploads\/2020\/11\/P1100463-768x576.jpg 768w, https:\/\/laserwelder.net\/wp-content\/uploads\/2020\/11\/P1100463-1024x768.jpg 1024w, https:\/\/laserwelder.net\/wp-content\/uploads\/2020\/11\/P1100463-510x382.jpg 510w, https:\/\/laserwelder.net\/wp-content\/uploads\/2020\/11\/P1100463-1080x810.jpg 1080w, https:\/\/laserwelder.net\/wp-content\/uploads\/2020\/11\/P1100463-600x450.jpg 600w\" sizes=\"(max-width: 1600px) 100vw, 1600px\" \/>\t\t\t\t\t\t\t\t\t\t\t\t\t\t\t<\/div>\n\t\t\t\t<\/div>\n\t\t\t\t\t<\/div>\n\t\t<\/div>\n\t\t\t\t\t<\/div>\n\t\t<\/section>\n\t\t\t\t<section class=\"elementor-section elementor-top-section elementor-element elementor-element-48a4ea2 elementor-section-boxed elementor-section-height-default elementor-section-height-default\" data-id=\"48a4ea2\" data-element_type=\"section\">\n\t\t\t\t\t\t<div class=\"elementor-container elementor-column-gap-default\">\n\t\t\t\t\t<div class=\"elementor-column elementor-col-100 elementor-top-column elementor-element elementor-element-86b468c\" data-id=\"86b468c\" data-element_type=\"column\">\n\t\t\t<div class=\"elementor-widget-wrap elementor-element-populated\">\n\t\t\t\t\t\t<div class=\"elementor-element elementor-element-53ef27c elementor-widget elementor-widget-heading\" data-id=\"53ef27c\" data-element_type=\"widget\" data-widget_type=\"heading.default\">\n\t\t\t\t<div class=\"elementor-widget-container\">\n\t\t\t\t\t<h1 class=\"elementor-heading-title elementor-size-default\">Zg\u0142oszenia Serwisowe\n<\/h1>\t\t\t\t<\/div>\n\t\t\t\t<\/div>\n\t\t\t\t<div class=\"elementor-element elementor-element-5dd7d54 elementor-widget elementor-widget-text-editor\" data-id=\"5dd7d54\" data-element_type=\"widget\" data-widget_type=\"text-editor.default\">\n\t\t\t\t<div class=\"elementor-widget-container\">\n\t\t\t\t\t\t\t\t\t<p>W <strong>Automatic Laser Welder<\/strong>, nasza dedykowana ekipa serwisowa jest zawsze gotowa, aby zapewni\u0107 Ci wsparcie. Je\u015bli napotkasz jakiekolwiek problemy z naszym sprz\u0119tem lub technologi\u0105, prosimy o natychmiastowe zg\u0142oszenie.<\/p><p>Mo\u017cesz to zrobi\u0107, kontaktuj\u0105c si\u0119 bezpo\u015brednio z naszym dzia\u0142em serwisowym klikaj\u0105c przycisk poni\u017cej.<\/p>\t\t\t\t\t\t\t\t<\/div>\n\t\t\t\t<\/div>\n\t\t\t\t<div class=\"elementor-element elementor-element-a71f8f5 elementor-align-left elementor-mobile-align-center elementor-invisible elementor-widget elementor-widget-button\" data-id=\"a71f8f5\" data-element_type=\"widget\" data-settings=\"{&quot;_animation&quot;:&quot;fadeInDown&quot;}\" data-widget_type=\"button.default\">\n\t\t\t\t<div class=\"elementor-widget-container\">\n\t\t\t\t\t\t\t\t\t<div class=\"elementor-button-wrapper\">\n\t\t\t\t\t<a class=\"elementor-button elementor-button-link elementor-size-sm\" href=\"https:\/\/alb.proofhub.com\/link\/form?token=ec9e877b45cd0da0883f04cbb59c2b6d79263c52\">\n\t\t\t\t\t\t<span class=\"elementor-button-content-wrapper\">\n\t\t\t\t\t\t\t\t\t<span class=\"elementor-button-text\">Zg\u0142oszenie serwisowe<\/span>\n\t\t\t\t\t<\/span>\n\t\t\t\t\t<\/a>\n\t\t\t\t<\/div>\n\t\t\t\t\t\t\t\t<\/div>\n\t\t\t\t<\/div>\n\t\t\t\t\t<\/div>\n\t\t<\/div>\n\t\t\t\t\t<\/div>\n\t\t<\/section>\n\t\t\t\t<footer class=\"elementor-section elementor-top-section elementor-element elementor-element-5784b516 elementor-section-full_width elementor-section-content-middle elementor-section-height-default elementor-section-height-default\" data-id=\"5784b516\" data-element_type=\"section\">\n\t\t\t\t\t\t<div class=\"elementor-container elementor-column-gap-no\">\n\t\t\t\t\t<div class=\"elementor-column elementor-col-25 elementor-top-column elementor-element elementor-element-2ba2a613\" data-id=\"2ba2a613\" data-element_type=\"column\">\n\t\t\t<div class=\"elementor-widget-wrap elementor-element-populated\">\n\t\t\t\t\t\t<div class=\"elementor-element elementor-element-0b9763c elementor-widget__width-initial elementor-widget elementor-widget-google_maps\" data-id=\"0b9763c\" data-element_type=\"widget\" data-widget_type=\"google_maps.default\">\n\t\t\t\t<div class=\"elementor-widget-container\">\n\t\t\t\t\t\t\t<div class=\"elementor-custom-embed\">\n\t\t\t<iframe loading=\"lazy\"\n\t\t\t\t\tsrc=\"https:\/\/maps.google.com\/maps?q=Ul.%20Hurtowa%204%2F8%2C%20Bia%C5%82ystok%2C%20Polska&#038;t=m&#038;z=10&#038;output=embed&#038;iwloc=near\"\n\t\t\t\t\ttitle=\"Ul. Hurtowa 4\/8, Bia\u0142ystok, Polska\"\n\t\t\t\t\taria-label=\"Ul. Hurtowa 4\/8, Bia\u0142ystok, Polska\"\n\t\t\t><\/iframe>\n\t\t<\/div>\n\t\t\t\t\t\t<\/div>\n\t\t\t\t<\/div>\n\t\t\t\t\t<\/div>\n\t\t<\/div>\n\t\t\t\t<div class=\"elementor-column elementor-col-50 elementor-top-column elementor-element elementor-element-5226c675\" data-id=\"5226c675\" data-element_type=\"column\">\n\t\t\t<div class=\"elementor-widget-wrap elementor-element-populated\">\n\t\t\t\t\t\t<div class=\"elementor-element elementor-element-12836104 elementor-icon-list--layout-inline elementor-tablet-align-center elementor-align-center elementor-widget__width-initial elementor-list-item-link-full_width elementor-widget elementor-widget-icon-list\" data-id=\"12836104\" data-element_type=\"widget\" data-widget_type=\"icon-list.default\">\n\t\t\t\t<div class=\"elementor-widget-container\">\n\t\t\t\t\t\t\t<ul class=\"elementor-icon-list-items elementor-inline-items\">\n\t\t\t\t\t\t\t<li class=\"elementor-icon-list-item elementor-inline-item\">\n\t\t\t\t\t\t\t\t\t\t<span class=\"elementor-icon-list-text\">+48 85 710 23 78<\/span>\n\t\t\t\t\t\t\t\t\t<\/li>\n\t\t\t\t\t\t\t\t<li class=\"elementor-icon-list-item elementor-inline-item\">\n\t\t\t\t\t\t\t\t\t\t<span class=\"elementor-icon-list-text\">ul. Hurtowa 4 lok. 8, 15-399 Bia\u0142ystok<\/span>\n\t\t\t\t\t\t\t\t\t<\/li>\n\t\t\t\t\t\t<\/ul>\n\t\t\t\t\t\t<\/div>\n\t\t\t\t<\/div>\n\t\t\t\t\t<\/div>\n\t\t<\/div>\n\t\t\t\t<div class=\"elementor-column elementor-col-25 elementor-top-column elementor-element elementor-element-4ef57027\" data-id=\"4ef57027\" data-element_type=\"column\">\n\t\t\t<div class=\"elementor-widget-wrap elementor-element-populated\">\n\t\t\t\t\t\t<div class=\"elementor-element elementor-element-6cf5f974 e-grid-align-tablet-right e-grid-align-mobile-center elementor-widget-mobile__width-inherit elementor-shape-rounded elementor-grid-0 e-grid-align-center elementor-widget elementor-widget-social-icons\" data-id=\"6cf5f974\" data-element_type=\"widget\" data-widget_type=\"social-icons.default\">\n\t\t\t\t<div class=\"elementor-widget-container\">\n\t\t\t\t\t\t\t<div class=\"elementor-social-icons-wrapper elementor-grid\">\n\t\t\t\t\t\t\t<span class=\"elementor-grid-item\">\n\t\t\t\t\t<a class=\"elementor-icon elementor-social-icon elementor-social-icon-facebook-f elementor-repeater-item-3f1b7ac\" href=\"https:\/\/www.facebook.com\/profile.php?id=100065556366822\" target=\"_blank\">\n\t\t\t\t\t\t<span class=\"elementor-screen-only\">Facebook-f<\/span>\n\t\t\t\t\t\t<svg class=\"e-font-icon-svg e-fab-facebook-f\" viewBox=\"0 0 320 512\" xmlns=\"http:\/\/www.w3.org\/2000\/svg\"><path d=\"M279.14 288l14.22-92.66h-88.91v-60.13c0-25.35 12.42-50.06 52.24-50.06h40.42V6.26S260.43 0 225.36 0c-73.22 0-121.08 44.38-121.08 124.72v70.62H22.89V288h81.39v224h100.17V288z\"><\/path><\/svg>\t\t\t\t\t<\/a>\n\t\t\t\t<\/span>\n\t\t\t\t\t\t\t<span class=\"elementor-grid-item\">\n\t\t\t\t\t<a class=\"elementor-icon elementor-social-icon elementor-social-icon- elementor-repeater-item-5c0ce3c\" target=\"_blank\">\n\t\t\t\t\t\t<span class=\"elementor-screen-only\"><\/span>\n\t\t\t\t\t\t\t\t\t\t\t<\/a>\n\t\t\t\t<\/span>\n\t\t\t\t\t\t\t<span class=\"elementor-grid-item\">\n\t\t\t\t\t<a class=\"elementor-icon elementor-social-icon elementor-social-icon-youtube elementor-repeater-item-828f132\" href=\"https:\/\/www.youtube.com\/@automaticlaserwelder1369\" target=\"_blank\">\n\t\t\t\t\t\t<span class=\"elementor-screen-only\">Youtube<\/span>\n\t\t\t\t\t\t<svg class=\"e-font-icon-svg e-fab-youtube\" viewBox=\"0 0 576 512\" xmlns=\"http:\/\/www.w3.org\/2000\/svg\"><path d=\"M549.655 124.083c-6.281-23.65-24.787-42.276-48.284-48.597C458.781 64 288 64 288 64S117.22 64 74.629 75.486c-23.497 6.322-42.003 24.947-48.284 48.597-11.412 42.867-11.412 132.305-11.412 132.305s0 89.438 11.412 132.305c6.281 23.65 24.787 41.5 48.284 47.821C117.22 448 288 448 288 448s170.78 0 213.371-11.486c23.497-6.321 42.003-24.171 48.284-47.821 11.412-42.867 11.412-132.305 11.412-132.305s0-89.438-11.412-132.305zm-317.51 213.508V175.185l142.739 81.205-142.739 81.201z\"><\/path><\/svg>\t\t\t\t\t<\/a>\n\t\t\t\t<\/span>\n\t\t\t\t\t<\/div>\n\t\t\t\t\t\t<\/div>\n\t\t\t\t<\/div>\n\t\t\t\t\t<\/div>\n\t\t<\/div>\n\t\t\t\t\t<\/div>\n\t\t<\/footer>\n\t\t\t\t<section class=\"elementor-section elementor-top-section elementor-element elementor-element-7a828f1e elementor-section-height-min-height elementor-section-content-middle elementor-section-full_width elementor-section-height-default elementor-section-items-middle\" data-id=\"7a828f1e\" data-element_type=\"section\" data-settings=\"{&quot;background_background&quot;:&quot;classic&quot;}\">\n\t\t\t\t\t\t<div class=\"elementor-container elementor-column-gap-no\">\n\t\t\t\t\t<div class=\"elementor-column elementor-col-100 elementor-top-column elementor-element elementor-element-5059a150\" data-id=\"5059a150\" data-element_type=\"column\">\n\t\t\t<div class=\"elementor-widget-wrap elementor-element-populated\">\n\t\t\t\t\t\t<div class=\"elementor-element elementor-element-88d52c0 elementor-widget elementor-widget-heading\" data-id=\"88d52c0\" data-element_type=\"widget\" data-widget_type=\"heading.default\">\n\t\t\t\t<div class=\"elementor-widget-container\">\n\t\t\t\t\t<p class=\"elementor-heading-title elementor-size-default\">\u00a9 2022 All Rights Reserved.<\/p>\t\t\t\t<\/div>\n\t\t\t\t<\/div>\n\t\t\t\t\t<\/div>\n\t\t<\/div>\n\t\t\t\t\t<\/div>\n\t\t<\/section>\n\t\t\t\t<\/div>\n\t\t","protected":false},"excerpt":{"rendered":"<p>Kontakt Jeste\u015bmy tu, aby Ci pom\u00f3c! W Automatic Laser Welder, zawsze cenimy mo\u017cliwo\u015b\u0107 nawi\u0105zania bezpo\u015bredniego kontaktu z naszymi klientami i partnerami.\u00a0Je\u015bli masz pytania, potrzebujesz wsparcia technicznego, chcesz dowiedzie\u0107 si\u0119 wi\u0119cej o naszych us\u0142ugach lub jeste\u015b zainteresowany naszymi technologiami spawania laserowego, ch\u0119tnie odpowiemy na wszystkie Twoje pytania.\u00a0Zapewniamy profesjonalne doradztwo i mo\u017cemy pom\u00f3c Ci wybra\u0107 najodpowiedniejsze dla [&hellip;]<\/p>\n","protected":false},"author":4,"featured_media":0,"parent":0,"menu_order":0,"comment_status":"closed","ping_status":"closed","template":"elementor_header_footer","meta":{"_et_pb_use_builder":"","_et_pb_old_content":"","_et_gb_content_width":"","inline_featured_image":false,"_uf_show_specific_survey":0,"_uf_disable_surveys":false,"footnotes":""},"class_list":["post-2396","page","type-page","status-publish","hentry"],"yoast_head":"<!-- This site is optimized with the Yoast SEO plugin v26.8 - https:\/\/yoast.com\/product\/yoast-seo-wordpress\/ -->\n<title>- Spawarki laserowe - Kontakt<\/title>\n<meta name=\"description\" content=\"Kontakt Jeste\u015bmy tu, aby Ci pom\u00f3c! W Automatic Laser Welder, zawsze cenimy mo\u017cliwo\u015b\u0107 nawi\u0105zania bezpo\u015bredniego kontaktu z naszymi klientami i\" \/>\n<meta name=\"robots\" content=\"index, follow, max-snippet:-1, max-image-preview:large, max-video-preview:-1\" \/>\n<link rel=\"canonical\" href=\"https:\/\/laserwelder.net\/kontakt-2\/\" \/>\n<meta property=\"og:locale\" content=\"it_IT\" \/>\n<meta property=\"og:type\" content=\"article\" \/>\n<meta property=\"og:title\" content=\"- Spawarki laserowe - Kontakt\" \/>\n<meta property=\"og:description\" content=\"Kontakt Jeste\u015bmy tu, aby Ci pom\u00f3c! W Automatic Laser Welder, zawsze cenimy mo\u017cliwo\u015b\u0107 nawi\u0105zania bezpo\u015bredniego kontaktu z naszymi klientami i\" \/>\n<meta property=\"og:url\" content=\"https:\/\/laserwelder.net\/kontakt-2\/\" \/>\n<meta property=\"article:modified_time\" content=\"2023-05-29T12:31:15+00:00\" \/>\n<meta property=\"og:image\" content=\"https:\/\/laserwelder.net\/wp-content\/uploads\/2020\/11\/P1100463.jpg\" \/>\n<meta name=\"twitter:card\" content=\"summary_large_image\" \/>\n<meta name=\"twitter:label1\" content=\"Tempo di lettura stimato\" \/>\n\t<meta name=\"twitter:data1\" content=\"1 minuto\" \/>\n<script type=\"application\/ld+json\" class=\"yoast-schema-graph\">{\"@context\":\"https:\/\/schema.org\",\"@graph\":[{\"@type\":\"WebPage\",\"@id\":\"https:\/\/laserwelder.net\/kontakt-2\/\",\"url\":\"https:\/\/laserwelder.net\/kontakt-2\/\",\"name\":\"- Spawarki laserowe - Kontakt\",\"isPartOf\":{\"@id\":\"https:\/\/laserwelder.net\/#website\"},\"primaryImageOfPage\":{\"@id\":\"https:\/\/laserwelder.net\/kontakt-2\/#primaryimage\"},\"image\":{\"@id\":\"https:\/\/laserwelder.net\/kontakt-2\/#primaryimage\"},\"thumbnailUrl\":\"https:\/\/laserwelder.net\/wp-content\/uploads\/2020\/11\/P1100463.jpg\",\"datePublished\":\"2023-05-29T08:11:36+00:00\",\"dateModified\":\"2023-05-29T12:31:15+00:00\",\"description\":\"Kontakt Jeste\u015bmy tu, aby Ci pom\u00f3c! W Automatic Laser Welder, zawsze cenimy mo\u017cliwo\u015b\u0107 nawi\u0105zania bezpo\u015bredniego kontaktu z naszymi klientami i\",\"breadcrumb\":{\"@id\":\"https:\/\/laserwelder.net\/kontakt-2\/#breadcrumb\"},\"inLanguage\":\"it-IT\",\"potentialAction\":[{\"@type\":\"ReadAction\",\"target\":[\"https:\/\/laserwelder.net\/kontakt-2\/\"]}]},{\"@type\":\"ImageObject\",\"inLanguage\":\"it-IT\",\"@id\":\"https:\/\/laserwelder.net\/kontakt-2\/#primaryimage\",\"url\":\"https:\/\/laserwelder.net\/wp-content\/uploads\/2020\/11\/P1100463.jpg\",\"contentUrl\":\"https:\/\/laserwelder.net\/wp-content\/uploads\/2020\/11\/P1100463.jpg\"},{\"@type\":\"BreadcrumbList\",\"@id\":\"https:\/\/laserwelder.net\/kontakt-2\/#breadcrumb\",\"itemListElement\":[{\"@type\":\"ListItem\",\"position\":1,\"name\":\"Strona g\u0142\u00f3wna\",\"item\":\"https:\/\/laserwelder.net\/it\/\"},{\"@type\":\"ListItem\",\"position\":2,\"name\":\"Kontakt\"}]},{\"@type\":\"WebSite\",\"@id\":\"https:\/\/laserwelder.net\/#website\",\"url\":\"https:\/\/laserwelder.net\/\",\"name\":\"\",\"description\":\"\",\"potentialAction\":[{\"@type\":\"SearchAction\",\"target\":{\"@type\":\"EntryPoint\",\"urlTemplate\":\"https:\/\/laserwelder.net\/?s={search_term_string}\"},\"query-input\":{\"@type\":\"PropertyValueSpecification\",\"valueRequired\":true,\"valueName\":\"search_term_string\"}}],\"inLanguage\":\"it-IT\"}]}<\/script>\n<!-- \/ Yoast SEO plugin. -->","yoast_head_json":{"title":"- Spawarki laserowe - Kontakt","description":"Kontakt Jeste\u015bmy tu, aby Ci pom\u00f3c! W Automatic Laser Welder, zawsze cenimy mo\u017cliwo\u015b\u0107 nawi\u0105zania bezpo\u015bredniego kontaktu z naszymi klientami i","robots":{"index":"index","follow":"follow","max-snippet":"max-snippet:-1","max-image-preview":"max-image-preview:large","max-video-preview":"max-video-preview:-1"},"canonical":"https:\/\/laserwelder.net\/kontakt-2\/","og_locale":"it_IT","og_type":"article","og_title":"- Spawarki laserowe - Kontakt","og_description":"Kontakt Jeste\u015bmy tu, aby Ci pom\u00f3c! W Automatic Laser Welder, zawsze cenimy mo\u017cliwo\u015b\u0107 nawi\u0105zania bezpo\u015bredniego kontaktu z naszymi klientami i","og_url":"https:\/\/laserwelder.net\/kontakt-2\/","article_modified_time":"2023-05-29T12:31:15+00:00","og_image":[{"url":"https:\/\/laserwelder.net\/wp-content\/uploads\/2020\/11\/P1100463.jpg","type":"","width":"","height":""}],"twitter_card":"summary_large_image","twitter_misc":{"Tempo di lettura stimato":"1 minuto"},"schema":{"@context":"https:\/\/schema.org","@graph":[{"@type":"WebPage","@id":"https:\/\/laserwelder.net\/kontakt-2\/","url":"https:\/\/laserwelder.net\/kontakt-2\/","name":"- Spawarki laserowe - Kontakt","isPartOf":{"@id":"https:\/\/laserwelder.net\/#website"},"primaryImageOfPage":{"@id":"https:\/\/laserwelder.net\/kontakt-2\/#primaryimage"},"image":{"@id":"https:\/\/laserwelder.net\/kontakt-2\/#primaryimage"},"thumbnailUrl":"https:\/\/laserwelder.net\/wp-content\/uploads\/2020\/11\/P1100463.jpg","datePublished":"2023-05-29T08:11:36+00:00","dateModified":"2023-05-29T12:31:15+00:00","description":"Kontakt Jeste\u015bmy tu, aby Ci pom\u00f3c! W Automatic Laser Welder, zawsze cenimy mo\u017cliwo\u015b\u0107 nawi\u0105zania bezpo\u015bredniego kontaktu z naszymi klientami i","breadcrumb":{"@id":"https:\/\/laserwelder.net\/kontakt-2\/#breadcrumb"},"inLanguage":"it-IT","potentialAction":[{"@type":"ReadAction","target":["https:\/\/laserwelder.net\/kontakt-2\/"]}]},{"@type":"ImageObject","inLanguage":"it-IT","@id":"https:\/\/laserwelder.net\/kontakt-2\/#primaryimage","url":"https:\/\/laserwelder.net\/wp-content\/uploads\/2020\/11\/P1100463.jpg","contentUrl":"https:\/\/laserwelder.net\/wp-content\/uploads\/2020\/11\/P1100463.jpg"},{"@type":"BreadcrumbList","@id":"https:\/\/laserwelder.net\/kontakt-2\/#breadcrumb","itemListElement":[{"@type":"ListItem","position":1,"name":"Strona g\u0142\u00f3wna","item":"https:\/\/laserwelder.net\/it\/"},{"@type":"ListItem","position":2,"name":"Kontakt"}]},{"@type":"WebSite","@id":"https:\/\/laserwelder.net\/#website","url":"https:\/\/laserwelder.net\/","name":"","description":"","potentialAction":[{"@type":"SearchAction","target":{"@type":"EntryPoint","urlTemplate":"https:\/\/laserwelder.net\/?s={search_term_string}"},"query-input":{"@type":"PropertyValueSpecification","valueRequired":true,"valueName":"search_term_string"}}],"inLanguage":"it-IT"}]}},"_links":{"self":[{"href":"https:\/\/laserwelder.net\/it\/wp-json\/wp\/v2\/pages\/2396","targetHints":{"allow":["GET"]}}],"collection":[{"href":"https:\/\/laserwelder.net\/it\/wp-json\/wp\/v2\/pages"}],"about":[{"href":"https:\/\/laserwelder.net\/it\/wp-json\/wp\/v2\/types\/page"}],"author":[{"embeddable":true,"href":"https:\/\/laserwelder.net\/it\/wp-json\/wp\/v2\/users\/4"}],"replies":[{"embeddable":true,"href":"https:\/\/laserwelder.net\/it\/wp-json\/wp\/v2\/comments?post=2396"}],"version-history":[{"count":28,"href":"https:\/\/laserwelder.net\/it\/wp-json\/wp\/v2\/pages\/2396\/revisions"}],"predecessor-version":[{"id":2437,"href":"https:\/\/laserwelder.net\/it\/wp-json\/wp\/v2\/pages\/2396\/revisions\/2437"}],"wp:attachment":[{"href":"https:\/\/laserwelder.net\/it\/wp-json\/wp\/v2\/media?parent=2396"}],"curies":[{"name":"wp","href":"https:\/\/api.w.org\/{rel}","templated":true}]}}